{"id":19182,"date":"2025-08-14T11:54:17","date_gmt":"2025-08-14T15:54:17","guid":{"rendered":"https:\/\/wegmanlaw.net\/?page_id=19182"},"modified":"2026-03-19T09:02:04","modified_gmt":"2026-03-19T13:02:04","slug":"dui-dwi-cases","status":"publish","type":"page","link":"https:\/\/wegmanlaw.net\/es\/services\/traffic-law\/dui-dwi-cases\/","title":{"rendered":"Casos de DUI\/DWI"},"content":{"rendered":"<h1>\n\t\t\tDUI &#038; DWI Defense Attorney \n\t\t<\/h1>\n\t<nav id=\"breadcrumbs\" aria-label=\"Migas de pan\"><a href=\"https:\/\/wegmanlaw.net\/es\/\">Inicio<\/a> \" <a href=\"https:\/\/wegmanlaw.net\/es\/\">Servicios<\/a> \" <a href=\"https:\/\/wegmanlaw.net\/es\/services\/traffic-law\/\">Derecho de la Circulaci\u00f3n<\/a> \u00bb DUI\/DWI Cases<\/nav>\n\t\t<h2>\n\t\t\tCasos de DUI\n\t\t<\/h2>\n\t\t\t<p>\u00bfHa sido acusado de DUI? El abogado Robert Wegman puede ayudar.  <\/p>\n<p>Conducir bajo los efectos del alcohol, o DUI, es un grave delito de tr\u00e1fico.   <\/p>\n\t\t\t\t\t\t\t\t\t<img decoding=\"async\" src=\"https:\/\/wegmanlaw.net\/wp-content\/uploads\/2025\/08\/Group-3.png\" alt=\"Police officer writing a ticket for a driver in a car.\" itemprop=\"image\" height=\"717\" width=\"860\" srcset=\"https:\/\/wegmanlaw.net\/wp-content\/uploads\/2025\/08\/Group-3.png 860w, https:\/\/wegmanlaw.net\/wp-content\/uploads\/2025\/08\/Group-3-300x250.png 300w, https:\/\/wegmanlaw.net\/wp-content\/uploads\/2025\/08\/Group-3-768x640.png 768w\" sizes=\"(max-width: 860px) 100vw, 860px\" title=\"Polic\u00eda multando a un conductor en un autom\u00f3vil.\" onerror=\"this.style.display='none'\" class=\"no-lazyload\" \/>\n\t\t<h2>\n\t\t\tConsecuencias de una DUI en Virginia\n\t\t<\/h2>\n\t\t\t\t\t\t\t\t\t<img decoding=\"async\" src=\"https:\/\/wegmanlaw.net\/wp-content\/uploads\/2025\/08\/Rectangle-11-1.png\" alt=\"Police officer administering a breathalyzer test to a driver.\" itemprop=\"image\" height=\"414\" width=\"708\" srcset=\"https:\/\/wegmanlaw.net\/wp-content\/uploads\/2025\/08\/Rectangle-11-1.png 708w, https:\/\/wegmanlaw.net\/wp-content\/uploads\/2025\/08\/Rectangle-11-1-300x175.png 300w\" sizes=\"(max-width: 708px) 100vw, 708px\" title=\"Polic\u00eda realizando una prueba de alcoholemia a un conductor.\" onerror=\"this.style.display='none'\" class=\"no-lazyload\" \/>\n\t\t<h3>\n\t\t\tCONSECUENCIAS DE LA CONDUCCI\u00d3N BAJO LOS EFECTOS DEL ALCOHOL:\n\t\t<\/h3>\n\t\t\t<p>La aleatoriedad de las DUI de tr\u00e1fico las ha hecho m\u00e1s graves que muchos otros cargos. El\u00a0<a href=\"#\" target=\"_blank\" rel=\"noopener\">sanciones<\/a>\u00a0for DUIs are getting more severe.\u00a0Judges and juries often &#8220;throw the book&#8221; at those convicted of a DUI, which is why it is important to hire a great lawyer. DUI traffic convictions provide mandatory minimum sentences for <a href=\"#\" target=\"_blank\" rel=\"noopener\">2\u00ba y siguientes infractores<\/a>. A 3rd or subsequent offense is a felony. DUI law requires a mandatory 5 days in jail for 1st time offenders whose Blood Alcohol Concentration (or BAC) is at least a 0.15 and up to a 0.20. Those traffic offenders whose BAC is greater than a 0.20 are required to serve no less than 10 days in jail. But make no mistake, DUIs are Class 1 traffic misdemeanors, punishable up to 12 months in jail and a $2,500 fine. Though judges award mandatory jail in certain DUI cases, they can award up to the statutory maximum for DUIsSecond offense DUIs require additional mandatory jail time if convicted.\u00a0 \u00a0<\/p>\t\t\n\t\t\t\t\t\t\t\t\t<img decoding=\"async\" src=\"https:\/\/wegmanlaw.net\/wp-content\/uploads\/2025\/08\/Rectangle-11.png\" alt=\"Brass scales of justice on courtroom table\" itemprop=\"image\" height=\"414\" width=\"708\" srcset=\"https:\/\/wegmanlaw.net\/wp-content\/uploads\/2025\/08\/Rectangle-11.png 708w, https:\/\/wegmanlaw.net\/wp-content\/uploads\/2025\/08\/Rectangle-11-300x175.png 300w\" sizes=\"(max-width: 708px) 100vw, 708px\" title=\"Balanza de lat\u00f3n de la justicia sobre la mesa del tribunal\" onerror=\"this.style.display='none'\" class=\"no-lazyload\" \/>\n\t\t<h3>\n\t\t\tEXPERIENCIA EN DUI:\n\t\t<\/h3>\n\t\t\t<p>El Sr. Wegman es un abogado de DUI en Chesapeake que entiende la ley de DUI. Tambi\u00e9n sabe lo que se espera de los agentes de polic\u00eda en la administraci\u00f3n de las pruebas de sobriedad de campo de DUI.<\/p>\n<p><strong>Realizaci\u00f3n incorrecta de pruebas de sobriedad sobre el terreno:<\/strong>\u00a0Las personas act\u00faan de forma diferente en funci\u00f3n de su peso, lesiones y condiciones m\u00e9dicas, por lo que los resultados de las pruebas de sobriedad sobre el terreno no siempre son pruebas concluyentes de la deficiencia.<\/p>\n<p>Como abogado de DUI, el Sr. Wegman se asegurar\u00e1 de que los oficiales de polic\u00eda siguieron los protocolos de pruebas adecuadas, e insistir\u00e1 en que una persona acusada de DUI reciba un juicio justo. Todo el mundo tiene derecho a la presunci\u00f3n de inocencia, una administraci\u00f3n justa de las pruebas de sobriedad de campo, la polic\u00eda imparcial, y un juicio justo. El Sr. Wegman se asegurar\u00e1 de que estos principios fundamentales sean seguidos en todos los casos de DUI.<\/p>\n<p>Los detalles importan en casos de DUI. Un abogado debe examinar si las condenas anteriores por DUI son admisibles, si hubo una sospecha razonable y articulable para hacer una parada de tr\u00e1fico por DUI, causa probable para arrestar a la persona por DUI, y si la m\u00e1quina de aliento, o EC\/IR2, se realiz\u00f3 correctamente administrada de acuerdo con las normas de DUI y de la Administraci\u00f3n Nacional de Seguridad del Tr\u00e1fico en Carreteras (NHTSA).<\/p>\n<p>Mr. Wegman is a hard-charger who knows the nuances of the NHTSA DUI standards for administering DUI traffic field sobriety tests. He will hold the Commonwealth&#8217;s feet to the fire in every critical area to ensure a full and fair DUI hearing.<\/p>\n<p>Llame a Rob Wegman, DUI abogado (DUI abogado en Chesapeake), hoy al <a href=\"tel:+17574825205\">(757) 482-5205<\/a> si se le acusa de conducir bajo los efectos del alcohol.<\/p>","protected":false},"excerpt":{"rendered":"<p>DUI &#038; DWI Defense Attorney Home \u00bb Services \u00bb Traffic Law \u00bb DUI\/DWI Cases DUI Cases Have you been charged with a DUI? Attorney Robert Wegman can help. Driving under the influence, or DUI, is a serious traffic crime. Consequences of a DUI in Virginia DUI CONSEQUENCES: The randomness of traffic DUIs has made them&hellip;<\/p>","protected":false},"author":2,"featured_media":19002,"parent":28,"menu_order":0,"comment_status":"closed","ping_status":"closed","template":"","meta":{"footnotes":""},"class_list":["post-19182","page","type-page","status-publish","has-post-thumbnail","hentry"],"yoast_head":"<!-- This site is optimized with the Yoast SEO Premium plugin v27.2 (Yoast SEO v27.5) - https:\/\/yoast.com\/product\/yoast-seo-premium-wordpress\/ -->\n<title>DUI\/DWI Cases | DUI Defense Attorney by Wegman Law<\/title>\n<meta name=\"description\" content=\"Call for expert DUI Defense Attorney at Wegman Law. Get experienced legal support for your DUI case today.\" \/>\n<meta name=\"robots\" content=\"index, follow, max-snippet:-1, max-image-preview:large, max-video-preview:-1\" \/>\n<link rel=\"canonical\" href=\"https:\/\/wegmanlaw.net\/es\/wp-json\/wp\/v2\/pages\/19182\" \/>\n<meta property=\"og:locale\" content=\"es_MX\" \/>\n<meta property=\"og:type\" content=\"article\" \/>\n<meta property=\"og:title\" content=\"Experienced DUI &amp; DWI Defense Attorney - Wegman Law\" \/>\n<meta property=\"og:description\" content=\"Facing a DUI or DWI charge in Virginia? Our dedicated attorneys provide aggressive legal defense to protect your rights, minimize penalties, and fight\" \/>\n<meta property=\"og:url\" content=\"https:\/\/wegmanlaw.net\/es\/services\/traffic-law\/dui-dwi-cases\/\" \/>\n<meta property=\"og:site_name\" content=\"Wegman Law\" \/>\n<meta property=\"article:publisher\" content=\"https:\/\/www.facebook.com\/profile.php?id=61572922497446\" \/>\n<meta property=\"article:modified_time\" content=\"2026-03-19T13:02:04+00:00\" \/>\n<meta property=\"og:image\" content=\"https:\/\/wegmanlaw.net\/wp-content\/uploads\/2025\/08\/Img-08.webp\" \/>\n<meta name=\"twitter:card\" content=\"summary_large_image\" \/>\n<meta name=\"twitter:title\" content=\"Experienced DUI &amp; DWI Defense Attorney - Wegman Law\" \/>\n<meta name=\"twitter:description\" content=\"Facing a DUI or DWI charge in Virginia? Our dedicated attorneys provide aggressive legal defense to protect your rights, minimize penalties, and fight\" \/>\n<meta name=\"twitter:image\" content=\"https:\/\/wegmanlaw.net\/wp-content\/uploads\/2025\/08\/Img-08.webp\" \/>\n<meta name=\"twitter:label1\" content=\"Tiempo de lectura\" \/>\n\t<meta name=\"twitter:data1\" content=\"3 minutos\" \/>\n<script type=\"application\/ld+json\" class=\"yoast-schema-graph\">{\"@context\":\"https:\\\/\\\/schema.org\",\"@graph\":[{\"@type\":\"WebPage\",\"@id\":\"https:\\\/\\\/wegmanlaw.net\\\/services\\\/traffic-law\\\/dui-dwi-cases\\\/\",\"url\":\"https:\\\/\\\/wegmanlaw.net\\\/services\\\/traffic-law\\\/dui-dwi-cases\\\/\",\"name\":\"DUI\\\/DWI Cases | DUI Defense Attorney by Wegman Law\",\"isPartOf\":{\"@id\":\"https:\\\/\\\/wegmanlaw.net\\\/#website\"},\"primaryImageOfPage\":{\"@id\":\"https:\\\/\\\/wegmanlaw.net\\\/services\\\/traffic-law\\\/dui-dwi-cases\\\/#primaryimage\"},\"image\":{\"@id\":\"https:\\\/\\\/wegmanlaw.net\\\/services\\\/traffic-law\\\/dui-dwi-cases\\\/#primaryimage\"},\"thumbnailUrl\":\"https:\\\/\\\/wegmanlaw.net\\\/wp-content\\\/uploads\\\/2025\\\/08\\\/Img-08.webp?wsr\",\"datePublished\":\"2025-08-14T15:54:17+00:00\",\"dateModified\":\"2026-03-19T13:02:04+00:00\",\"description\":\"Call for expert DUI Defense Attorney at Wegman Law. Get experienced legal support for your DUI case today.\",\"breadcrumb\":{\"@id\":\"https:\\\/\\\/wegmanlaw.net\\\/services\\\/traffic-law\\\/dui-dwi-cases\\\/#breadcrumb\"},\"inLanguage\":\"es\",\"potentialAction\":[{\"@type\":\"ReadAction\",\"target\":[\"https:\\\/\\\/wegmanlaw.net\\\/services\\\/traffic-law\\\/dui-dwi-cases\\\/\"]}]},{\"@type\":\"ImageObject\",\"inLanguage\":\"es\",\"@id\":\"https:\\\/\\\/wegmanlaw.net\\\/services\\\/traffic-law\\\/dui-dwi-cases\\\/#primaryimage\",\"url\":\"https:\\\/\\\/wegmanlaw.net\\\/wp-content\\\/uploads\\\/2025\\\/08\\\/Img-08.webp?wsr\",\"contentUrl\":\"https:\\\/\\\/wegmanlaw.net\\\/wp-content\\\/uploads\\\/2025\\\/08\\\/Img-08.webp?wsr\",\"width\":1200,\"height\":675,\"caption\":\"Lawyer consulting client at office desk.\"},{\"@type\":\"BreadcrumbList\",\"@id\":\"https:\\\/\\\/wegmanlaw.net\\\/services\\\/traffic-law\\\/dui-dwi-cases\\\/#breadcrumb\",\"itemListElement\":[{\"@type\":\"ListItem\",\"position\":1,\"name\":\"Home\",\"item\":\"https:\\\/\\\/wegmanlaw.net\\\/\"},{\"@type\":\"ListItem\",\"position\":2,\"name\":\"Services\",\"item\":\"https:\\\/\\\/wegmanlaw.net\\\/\"},{\"@type\":\"ListItem\",\"position\":3,\"name\":\"Traffic Law\",\"item\":\"https:\\\/\\\/wegmanlaw.net\\\/services\\\/traffic-law\\\/\"},{\"@type\":\"ListItem\",\"position\":4,\"name\":\"DUI\\\/DWI Cases\"}]},{\"@type\":\"WebSite\",\"@id\":\"https:\\\/\\\/wegmanlaw.net\\\/#website\",\"url\":\"https:\\\/\\\/wegmanlaw.net\\\/\",\"name\":\"Wegman Law\",\"description\":\"We Solve Problems\",\"publisher\":{\"@id\":\"https:\\\/\\\/wegmanlaw.net\\\/#organization\"},\"potentialAction\":[{\"@type\":\"SearchAction\",\"target\":{\"@type\":\"EntryPoint\",\"urlTemplate\":\"https:\\\/\\\/wegmanlaw.net\\\/?s={search_term_string}\"},\"query-input\":{\"@type\":\"PropertyValueSpecification\",\"valueRequired\":true,\"valueName\":\"search_term_string\"}}],\"inLanguage\":\"es\"},{\"@type\":\"Organization\",\"@id\":\"https:\\\/\\\/wegmanlaw.net\\\/#organization\",\"name\":\"Wegman Law\",\"url\":\"https:\\\/\\\/wegmanlaw.net\\\/\",\"logo\":{\"@type\":\"ImageObject\",\"inLanguage\":\"es\",\"@id\":\"https:\\\/\\\/wegmanlaw.net\\\/#\\\/schema\\\/logo\\\/image\\\/\",\"url\":\"https:\\\/\\\/wegmanlaw.net\\\/wp-content\\\/uploads\\\/2025\\\/07\\\/Site-Logo.webp\",\"contentUrl\":\"https:\\\/\\\/wegmanlaw.net\\\/wp-content\\\/uploads\\\/2025\\\/07\\\/Site-Logo.webp\",\"width\":1195,\"height\":298,\"caption\":\"Wegman Law\"},\"image\":{\"@id\":\"https:\\\/\\\/wegmanlaw.net\\\/#\\\/schema\\\/logo\\\/image\\\/\"},\"sameAs\":[\"https:\\\/\\\/www.facebook.com\\\/profile.php?id=61572922497446\"]}]}<\/script>\n<!-- \/ Yoast SEO Premium plugin. -->","yoast_head_json":{"title":"DUI\/DWI Cases | DUI Defense Attorney by Wegman Law","description":"Call for expert DUI Defense Attorney at Wegman Law. Get experienced legal support for your DUI case today.","robots":{"index":"index","follow":"follow","max-snippet":"max-snippet:-1","max-image-preview":"max-image-preview:large","max-video-preview":"max-video-preview:-1"},"canonical":"https:\/\/wegmanlaw.net\/es\/wp-json\/wp\/v2\/pages\/19182","og_locale":"es_MX","og_type":"article","og_title":"Experienced DUI &amp; DWI Defense Attorney - Wegman Law","og_description":"Facing a DUI or DWI charge in Virginia? Our dedicated attorneys provide aggressive legal defense to protect your rights, minimize penalties, and fight","og_url":"https:\/\/wegmanlaw.net\/es\/services\/traffic-law\/dui-dwi-cases\/","og_site_name":"Wegman Law","article_publisher":"https:\/\/www.facebook.com\/profile.php?id=61572922497446","article_modified_time":"2026-03-19T13:02:04+00:00","og_image":[{"url":"https:\/\/wegmanlaw.net\/wp-content\/uploads\/2025\/08\/Img-08.webp","type":"","width":"","height":""}],"twitter_card":"summary_large_image","twitter_title":"Experienced DUI &amp; DWI Defense Attorney - Wegman Law","twitter_description":"Facing a DUI or DWI charge in Virginia? Our dedicated attorneys provide aggressive legal defense to protect your rights, minimize penalties, and fight","twitter_image":"https:\/\/wegmanlaw.net\/wp-content\/uploads\/2025\/08\/Img-08.webp","twitter_misc":{"Tiempo de lectura":"3 minutos"},"schema":{"@context":"https:\/\/schema.org","@graph":[{"@type":"WebPage","@id":"https:\/\/wegmanlaw.net\/services\/traffic-law\/dui-dwi-cases\/","url":"https:\/\/wegmanlaw.net\/services\/traffic-law\/dui-dwi-cases\/","name":"DUI\/DWI Cases | DUI Defense Attorney by Wegman Law","isPartOf":{"@id":"https:\/\/wegmanlaw.net\/#website"},"primaryImageOfPage":{"@id":"https:\/\/wegmanlaw.net\/services\/traffic-law\/dui-dwi-cases\/#primaryimage"},"image":{"@id":"https:\/\/wegmanlaw.net\/services\/traffic-law\/dui-dwi-cases\/#primaryimage"},"thumbnailUrl":"https:\/\/wegmanlaw.net\/wp-content\/uploads\/2025\/08\/Img-08.webp?wsr","datePublished":"2025-08-14T15:54:17+00:00","dateModified":"2026-03-19T13:02:04+00:00","description":"Call for expert DUI Defense Attorney at Wegman Law. Get experienced legal support for your DUI case today.","breadcrumb":{"@id":"https:\/\/wegmanlaw.net\/services\/traffic-law\/dui-dwi-cases\/#breadcrumb"},"inLanguage":"es","potentialAction":[{"@type":"ReadAction","target":["https:\/\/wegmanlaw.net\/services\/traffic-law\/dui-dwi-cases\/"]}]},{"@type":"ImageObject","inLanguage":"es","@id":"https:\/\/wegmanlaw.net\/services\/traffic-law\/dui-dwi-cases\/#primaryimage","url":"https:\/\/wegmanlaw.net\/wp-content\/uploads\/2025\/08\/Img-08.webp?wsr","contentUrl":"https:\/\/wegmanlaw.net\/wp-content\/uploads\/2025\/08\/Img-08.webp?wsr","width":1200,"height":675,"caption":"Lawyer consulting client at office desk."},{"@type":"BreadcrumbList","@id":"https:\/\/wegmanlaw.net\/services\/traffic-law\/dui-dwi-cases\/#breadcrumb","itemListElement":[{"@type":"ListItem","position":1,"name":"Home","item":"https:\/\/wegmanlaw.net\/"},{"@type":"ListItem","position":2,"name":"Services","item":"https:\/\/wegmanlaw.net\/"},{"@type":"ListItem","position":3,"name":"Traffic Law","item":"https:\/\/wegmanlaw.net\/services\/traffic-law\/"},{"@type":"ListItem","position":4,"name":"DUI\/DWI Cases"}]},{"@type":"WebSite","@id":"https:\/\/wegmanlaw.net\/#website","url":"https:\/\/wegmanlaw.net\/","name":"Ley Wegman","description":"Resolvemos problemas","publisher":{"@id":"https:\/\/wegmanlaw.net\/#organization"},"potentialAction":[{"@type":"SearchAction","target":{"@type":"EntryPoint","urlTemplate":"https:\/\/wegmanlaw.net\/?s={search_term_string}"},"query-input":{"@type":"PropertyValueSpecification","valueRequired":true,"valueName":"search_term_string"}}],"inLanguage":"es"},{"@type":"Organization","@id":"https:\/\/wegmanlaw.net\/#organization","name":"Ley Wegman","url":"https:\/\/wegmanlaw.net\/","logo":{"@type":"ImageObject","inLanguage":"es","@id":"https:\/\/wegmanlaw.net\/#\/schema\/logo\/image\/","url":"https:\/\/wegmanlaw.net\/wp-content\/uploads\/2025\/07\/Site-Logo.webp","contentUrl":"https:\/\/wegmanlaw.net\/wp-content\/uploads\/2025\/07\/Site-Logo.webp","width":1195,"height":298,"caption":"Wegman Law"},"image":{"@id":"https:\/\/wegmanlaw.net\/#\/schema\/logo\/image\/"},"sameAs":["https:\/\/www.facebook.com\/profile.php?id=61572922497446"]}]}},"_links":{"self":[{"href":"https:\/\/wegmanlaw.net\/es\/wp-json\/wp\/v2\/pages\/19182","targetHints":{"allow":["GET"]}}],"collection":[{"href":"https:\/\/wegmanlaw.net\/es\/wp-json\/wp\/v2\/pages"}],"about":[{"href":"https:\/\/wegmanlaw.net\/es\/wp-json\/wp\/v2\/types\/page"}],"author":[{"embeddable":true,"href":"https:\/\/wegmanlaw.net\/es\/wp-json\/wp\/v2\/users\/2"}],"replies":[{"embeddable":true,"href":"https:\/\/wegmanlaw.net\/es\/wp-json\/wp\/v2\/comments?post=19182"}],"version-history":[{"count":2,"href":"https:\/\/wegmanlaw.net\/es\/wp-json\/wp\/v2\/pages\/19182\/revisions"}],"predecessor-version":[{"id":19665,"href":"https:\/\/wegmanlaw.net\/es\/wp-json\/wp\/v2\/pages\/19182\/revisions\/19665"}],"up":[{"embeddable":true,"href":"https:\/\/wegmanlaw.net\/es\/wp-json\/wp\/v2\/pages\/28"}],"wp:featuredmedia":[{"embeddable":true,"href":"https:\/\/wegmanlaw.net\/es\/wp-json\/wp\/v2\/media\/19002"}],"wp:attachment":[{"href":"https:\/\/wegmanlaw.net\/es\/wp-json\/wp\/v2\/media?parent=19182"}],"curies":[{"name":"wp","href":"https:\/\/api.w.org\/{rel}","templated":true}]}}