{"id":19199,"date":"2025-08-14T12:54:37","date_gmt":"2025-08-14T16:54:37","guid":{"rendered":"https:\/\/wegmanlaw.net\/?page_id=19199"},"modified":"2025-12-22T04:13:50","modified_gmt":"2025-12-22T08:13:50","slug":"speeding-tickets","status":"publish","type":"page","link":"https:\/\/wegmanlaw.net\/es\/services\/traffic-law\/speeding-tickets\/","title":{"rendered":"Multas por exceso de velocidad"},"content":{"rendered":"<h1>\n\t\t\tMultas por exceso de velocidad\n\t\t<\/h1>\n\t<nav id=\"breadcrumbs\" aria-label=\"Migas de pan\"><a href=\"https:\/\/wegmanlaw.net\/es\/\">Inicio<\/a> \" <a href=\"https:\/\/wegmanlaw.net\/es\/\">Servicios<\/a> \" <a href=\"https:\/\/wegmanlaw.net\/es\/services\/traffic-law\/\">Derecho de la Circulaci\u00f3n<\/a> \u00bb Multas por exceso de velocidad<\/nav>\n\t\t<h2>\n\t\t\tMultas por exceso de velocidad\n\t\t<\/h2>\n\t\t\t<p>Las multas por exceso de velocidad en Virginia pueden parecer inconvenientes menores, pero pueden tener repercusiones graves y duraderas.Aunque menos grave que la conducci\u00f3n temeraria, el exceso de velocidad no debe tomarse a la ligera. Las infracciones por exceso de velocidad se rigen generalmente por <a href=\"https:\/\/law.lis.virginia.gov\/vacode\/title46.2\/chapter8\/section46.2-870\/\">Secci\u00f3n 46.2-870 del C\u00f3digo de Virginia<\/a> et seq.Pocas personas saben que un agente de polic\u00eda tambi\u00e9n puede infraccionar a una persona por conducir por debajo del l\u00edmite de velocidad. <a href=\"https:\/\/law.lis.virginia.gov\/vacode\/title46.2\/chapter8\/section46.2-877\/\">C\u00f3digo de Virginia 46.2-877<\/a>, El C\u00f3digo de la Circulaci\u00f3n de Veh\u00edculos a Motor establece lo siguiente: \"Nadie conducir\u00e1 un veh\u00edculo a motor a una velocidad tan lenta que impida la circulaci\u00f3n normal y razonable del tr\u00e1fico, excepto cuando la velocidad reducida sea necesaria para un funcionamiento seguro o en cumplimiento de la ley.<\/p>\t\t\n\t\t\t\t\t\t\t\t\t<img decoding=\"async\" src=\"https:\/\/wegmanlaw.net\/wp-content\/uploads\/2025\/08\/Speeding-Tickets-3.png\" alt=\"Man pulled over by police officer writing a ticket.\" itemprop=\"image\" height=\"717\" width=\"860\" srcset=\"https:\/\/wegmanlaw.net\/wp-content\/uploads\/2025\/08\/Speeding-Tickets-3.png 860w, https:\/\/wegmanlaw.net\/wp-content\/uploads\/2025\/08\/Speeding-Tickets-3-300x250.png 300w, https:\/\/wegmanlaw.net\/wp-content\/uploads\/2025\/08\/Speeding-Tickets-3-768x640.png 768w\" sizes=\"(max-width: 860px) 100vw, 860px\" title=\"Multas por exceso de velocidad (3)\" onerror=\"this.style.display='none'\" class=\"no-lazyload\" \/>\n\t\t\t\t\t\t\t\t\t<img decoding=\"async\" src=\"https:\/\/wegmanlaw.net\/wp-content\/uploads\/2025\/08\/Speeding-Tickets-1.png\" alt=\"Police officer writing a report outdoors during daytime.\" itemprop=\"image\" height=\"717\" width=\"860\" srcset=\"https:\/\/wegmanlaw.net\/wp-content\/uploads\/2025\/08\/Speeding-Tickets-1.png 860w, https:\/\/wegmanlaw.net\/wp-content\/uploads\/2025\/08\/Speeding-Tickets-1-300x250.png 300w, https:\/\/wegmanlaw.net\/wp-content\/uploads\/2025\/08\/Speeding-Tickets-1-768x640.png 768w\" sizes=\"(max-width: 860px) 100vw, 860px\" title=\"Multas por exceso de velocidad (1)\" onerror=\"this.style.display='none'\" class=\"no-lazyload\" \/>\n\t\t<h2>\n\t\t\tEl sistema de dem\u00e9ritos: Una amenaza silenciosa\n\t\t<\/h2>\n\t\t\t<p>El DMV de Virginia utiliza un sistema de puntos de dem\u00e9rito para controlar el historial de un conductor. Una multa por exceso de velocidad, dependiendo de la velocidad, dar\u00e1 lugar a la sustracci\u00f3n de tres, cuatro o seis dem\u00e9ritos. Un conductor comienza con un saldo de cero puntos y puede ganar un punto de conducci\u00f3n segura por cada a\u00f1o de buena conducci\u00f3n, hasta un m\u00e1ximo de +5. Una multa por exceso de velocidad puede borrar r\u00e1pidamente estos puntos ganados con tanto esfuerzo.<\/p>\t\t\n\t<ul>\n\t\t\t<li>\n\t\t\t\t<b>0-9 mph por encima del l\u00edmite:<\/b> Una violaci\u00f3n de 3 dem\u00e9ritos.\n\t\t\t<\/li>\n\t\t\t<li>\n\t\t\t\t<b>10-19 mph por encima del l\u00edmite:<\/b> Una violaci\u00f3n de 4 dem\u00e9ritos.\n\t\t\t<\/li>\n\t\t\t<li>\n\t\t\t\t<b> 20 y m\u00e1s por encima del l\u00edmite: <\/b> Una violaci\u00f3n de 6 dem\u00e9ritos.\n\t\t\t<\/li>\n\t\t<\/ul>\n\t<p>Aunque una sola multa puede no parecer un gran problema, la acumulaci\u00f3n de demasiados dem\u00e9ritos en un corto per\u00edodo de tiempo puede dar lugar a graves consecuencias, incluyendo cl\u00ednicas obligatorias de mejora del conductor o una suspensi\u00f3n de la licencia por el DMV.<\/p>\n\t\t<h2>\n\t\t\tCuidado con los conductores de otros estados\n\t\t<\/h2>\n\t\t\t<p>Los conductores que pasen por Virginia deben ser especialmente precavidos. Una multa por exceso de velocidad considerada una simple infracci\u00f3n en Virginia podr\u00eda ser tratada como un delito m\u00e1s grave en su estado de origen.Por ejemplo, los conductores de Carolina del Norte que son multados por exceso de velocidad de 15 mph o m\u00e1s por encima del l\u00edmite en Virginia encontrar\u00e1n que su licencia de Carolina del Norte se suspende por hasta 30 d\u00edas una vez que la condena es reportada.Esto pone de relieve la importancia de entender no s\u00f3lo las leyes de Virginia, sino tambi\u00e9n c\u00f3mo interact\u00faan con las leyes de su estado de origen.<\/p>\t\t\n\t\t\t\t\t\t\t\t\t<img decoding=\"async\" src=\"https:\/\/wegmanlaw.net\/wp-content\/uploads\/2025\/08\/Speeding-Tickets-2.png\" alt=\"A police officer in uniform sitting and talking to a woman outdoors.\" itemprop=\"image\" height=\"717\" width=\"860\" srcset=\"https:\/\/wegmanlaw.net\/wp-content\/uploads\/2025\/08\/Speeding-Tickets-2.png 860w, https:\/\/wegmanlaw.net\/wp-content\/uploads\/2025\/08\/Speeding-Tickets-2-300x250.png 300w, https:\/\/wegmanlaw.net\/wp-content\/uploads\/2025\/08\/Speeding-Tickets-2-768x640.png 768w\" sizes=\"(max-width: 860px) 100vw, 860px\" title=\"Multas por exceso de velocidad (2)\" onerror=\"this.style.display='none'\" class=\"no-lazyload\" \/>\n\t\t\t\t\t\t\t\t\t<img decoding=\"async\" src=\"https:\/\/wegmanlaw.net\/wp-content\/uploads\/2025\/08\/Speeding-Tickets-4.png\" alt=\"Golden balance scale on a desk near a laptop.\" itemprop=\"image\" height=\"717\" width=\"860\" srcset=\"https:\/\/wegmanlaw.net\/wp-content\/uploads\/2025\/08\/Speeding-Tickets-4.png 860w, https:\/\/wegmanlaw.net\/wp-content\/uploads\/2025\/08\/Speeding-Tickets-4-300x250.png 300w, https:\/\/wegmanlaw.net\/wp-content\/uploads\/2025\/08\/Speeding-Tickets-4-768x640.png 768w\" sizes=\"(max-width: 860px) 100vw, 860px\" title=\"Multas por exceso de velocidad (4)\" onerror=\"this.style.display='none'\" class=\"no-lazyload\" \/>\n\t\t<h2>\n\t\t\tM\u00e1s que una multa\n\t\t<\/h2>\n\t\t\t<p>El coste de una multa por exceso de velocidad va m\u00e1s all\u00e1 de la multa. Una condena puede hacer que las primas de seguro aumenten significativamente.Adem\u00e1s, el historial de conducci\u00f3n de uno es una pieza clave de evidencia que un juez tendr\u00e1 en cuenta en cualquier comparecencia futura ante el tribunal de tr\u00e1fico.Un historial de m\u00faltiples condenas por exceso de velocidad (e incluso pruebas o \u201cdescansos\u201d anteriores pueden hacer que sea m\u00e1s dif\u00edcil recibir un resultado favorable. La mejor defensa es una proactiva. No se limite a pagar la multa y esperar lo mejor. Consultar con un abogado de tr\u00e1fico con experiencia es la mejor manera de entender sus opciones, proteger su historial de conducci\u00f3n, y minimizar el impacto de un delito de exceso de velocidad.<\/p>","protected":false},"excerpt":{"rendered":"<p>Multas por exceso de velocidad Home \u00bb Servicios \u00bb Ley de Tr\u00e1fico \u00bb Multas por exceso de velocidad Multas por exceso de velocidad en Virginia pueden parecer inconvenientes menores, pero pueden tener repercusiones graves y duraderas. Las infracciones por exceso de velocidad se rigen generalmente por el C\u00f3digo de Virginia Secci\u00f3n 46.2-870 et seq.Pocas personas saben...<\/p>","protected":false},"author":2,"featured_media":19002,"parent":28,"menu_order":0,"comment_status":"closed","ping_status":"closed","template":"","meta":{"footnotes":""},"class_list":["post-19199","page","type-page","status-publish","has-post-thumbnail","hentry"],"yoast_head":"<!-- This site is optimized with the Yoast SEO Premium plugin v27.2 (Yoast SEO v27.5) - https:\/\/yoast.com\/product\/yoast-seo-premium-wordpress\/ -->\n<title>Speeding Tickets | Speeding Ticket Virginia by Wegman Law<\/title>\n<meta name=\"description\" content=\"Protect your driving record with Wegman Law&#039;s Speeding Ticket Virginia services. Understand your options.\" \/>\n<meta name=\"robots\" content=\"index, follow, max-snippet:-1, max-image-preview:large, max-video-preview:-1\" \/>\n<link rel=\"canonical\" href=\"https:\/\/wegmanlaw.net\/es\/wp-json\/wp\/v2\/pages\/19199\" \/>\n<meta property=\"og:locale\" content=\"es_MX\" \/>\n<meta property=\"og:type\" content=\"article\" \/>\n<meta property=\"og:title\" content=\"Virginia Speeding Ticket Defense - Don&#039;t Just Pay It - Wegman Law\" \/>\n<meta property=\"og:description\" content=\"A speeding ticket can be more serious than you think. Our attorneys can help you fight your ticket and protect your driving record.\" \/>\n<meta property=\"og:url\" content=\"https:\/\/wegmanlaw.net\/es\/services\/traffic-law\/speeding-tickets\/\" \/>\n<meta property=\"og:site_name\" content=\"Wegman Law\" \/>\n<meta property=\"article:publisher\" content=\"https:\/\/www.facebook.com\/profile.php?id=61572922497446\" \/>\n<meta property=\"article:modified_time\" content=\"2025-12-22T08:13:50+00:00\" \/>\n<meta property=\"og:image\" content=\"https:\/\/wegmanlaw.net\/wp-content\/uploads\/2025\/08\/Img-08.webp\" \/>\n<meta name=\"twitter:card\" content=\"summary_large_image\" \/>\n<meta name=\"twitter:title\" content=\"Virginia Speeding Ticket Defense - Don&#039;t Just Pay It - Wegman Law\" \/>\n<meta name=\"twitter:description\" content=\"A speeding ticket can be more serious than you think. Our attorneys can help you fight your ticket and protect your driving record.\" \/>\n<meta name=\"twitter:image\" content=\"https:\/\/wegmanlaw.net\/wp-content\/uploads\/2025\/08\/Img-08.webp\" \/>\n<meta name=\"twitter:label1\" content=\"Tiempo de lectura\" \/>\n\t<meta name=\"twitter:data1\" content=\"3 minutos\" \/>\n<script type=\"application\/ld+json\" class=\"yoast-schema-graph\">{\"@context\":\"https:\\\/\\\/schema.org\",\"@graph\":[{\"@type\":\"WebPage\",\"@id\":\"https:\\\/\\\/wegmanlaw.net\\\/services\\\/traffic-law\\\/speeding-tickets\\\/\",\"url\":\"https:\\\/\\\/wegmanlaw.net\\\/services\\\/traffic-law\\\/speeding-tickets\\\/\",\"name\":\"Speeding Tickets | Speeding Ticket Virginia by Wegman Law\",\"isPartOf\":{\"@id\":\"https:\\\/\\\/wegmanlaw.net\\\/#website\"},\"primaryImageOfPage\":{\"@id\":\"https:\\\/\\\/wegmanlaw.net\\\/services\\\/traffic-law\\\/speeding-tickets\\\/#primaryimage\"},\"image\":{\"@id\":\"https:\\\/\\\/wegmanlaw.net\\\/services\\\/traffic-law\\\/speeding-tickets\\\/#primaryimage\"},\"thumbnailUrl\":\"https:\\\/\\\/wegmanlaw.net\\\/wp-content\\\/uploads\\\/2025\\\/08\\\/Img-08.webp?wsr\",\"datePublished\":\"2025-08-14T16:54:37+00:00\",\"dateModified\":\"2025-12-22T08:13:50+00:00\",\"description\":\"Protect your driving record with Wegman Law's Speeding Ticket Virginia services. Understand your options.\",\"breadcrumb\":{\"@id\":\"https:\\\/\\\/wegmanlaw.net\\\/services\\\/traffic-law\\\/speeding-tickets\\\/#breadcrumb\"},\"inLanguage\":\"es\",\"potentialAction\":[{\"@type\":\"ReadAction\",\"target\":[\"https:\\\/\\\/wegmanlaw.net\\\/services\\\/traffic-law\\\/speeding-tickets\\\/\"]}]},{\"@type\":\"ImageObject\",\"inLanguage\":\"es\",\"@id\":\"https:\\\/\\\/wegmanlaw.net\\\/services\\\/traffic-law\\\/speeding-tickets\\\/#primaryimage\",\"url\":\"https:\\\/\\\/wegmanlaw.net\\\/wp-content\\\/uploads\\\/2025\\\/08\\\/Img-08.webp?wsr\",\"contentUrl\":\"https:\\\/\\\/wegmanlaw.net\\\/wp-content\\\/uploads\\\/2025\\\/08\\\/Img-08.webp?wsr\",\"width\":1200,\"height\":675,\"caption\":\"Lawyer consulting client at office desk.\"},{\"@type\":\"BreadcrumbList\",\"@id\":\"https:\\\/\\\/wegmanlaw.net\\\/services\\\/traffic-law\\\/speeding-tickets\\\/#breadcrumb\",\"itemListElement\":[{\"@type\":\"ListItem\",\"position\":1,\"name\":\"Home\",\"item\":\"https:\\\/\\\/wegmanlaw.net\\\/\"},{\"@type\":\"ListItem\",\"position\":2,\"name\":\"Services\",\"item\":\"https:\\\/\\\/wegmanlaw.net\\\/\"},{\"@type\":\"ListItem\",\"position\":3,\"name\":\"Traffic Law\",\"item\":\"https:\\\/\\\/wegmanlaw.net\\\/services\\\/traffic-law\\\/\"},{\"@type\":\"ListItem\",\"position\":4,\"name\":\"Speeding Tickets\"}]},{\"@type\":\"WebSite\",\"@id\":\"https:\\\/\\\/wegmanlaw.net\\\/#website\",\"url\":\"https:\\\/\\\/wegmanlaw.net\\\/\",\"name\":\"Wegman Law\",\"description\":\"We Solve Problems\",\"publisher\":{\"@id\":\"https:\\\/\\\/wegmanlaw.net\\\/#organization\"},\"potentialAction\":[{\"@type\":\"SearchAction\",\"target\":{\"@type\":\"EntryPoint\",\"urlTemplate\":\"https:\\\/\\\/wegmanlaw.net\\\/?s={search_term_string}\"},\"query-input\":{\"@type\":\"PropertyValueSpecification\",\"valueRequired\":true,\"valueName\":\"search_term_string\"}}],\"inLanguage\":\"es\"},{\"@type\":\"Organization\",\"@id\":\"https:\\\/\\\/wegmanlaw.net\\\/#organization\",\"name\":\"Wegman Law\",\"url\":\"https:\\\/\\\/wegmanlaw.net\\\/\",\"logo\":{\"@type\":\"ImageObject\",\"inLanguage\":\"es\",\"@id\":\"https:\\\/\\\/wegmanlaw.net\\\/#\\\/schema\\\/logo\\\/image\\\/\",\"url\":\"https:\\\/\\\/wegmanlaw.net\\\/wp-content\\\/uploads\\\/2025\\\/07\\\/Site-Logo.webp\",\"contentUrl\":\"https:\\\/\\\/wegmanlaw.net\\\/wp-content\\\/uploads\\\/2025\\\/07\\\/Site-Logo.webp\",\"width\":1195,\"height\":298,\"caption\":\"Wegman Law\"},\"image\":{\"@id\":\"https:\\\/\\\/wegmanlaw.net\\\/#\\\/schema\\\/logo\\\/image\\\/\"},\"sameAs\":[\"https:\\\/\\\/www.facebook.com\\\/profile.php?id=61572922497446\"]}]}<\/script>\n<!-- \/ Yoast SEO Premium plugin. -->","yoast_head_json":{"title":"Multas por exceso de velocidad | Multas por exceso de velocidad en Virginia por Wegman Law","description":"Proteja su historial de conducci\u00f3n con los servicios de multas por exceso de velocidad en Virginia de Wegman Law. Conozca sus opciones.","robots":{"index":"index","follow":"follow","max-snippet":"max-snippet:-1","max-image-preview":"max-image-preview:large","max-video-preview":"max-video-preview:-1"},"canonical":"https:\/\/wegmanlaw.net\/es\/wp-json\/wp\/v2\/pages\/19199","og_locale":"es_MX","og_type":"article","og_title":"Virginia Speeding Ticket Defense - Don't Just Pay It - Wegman Law","og_description":"A speeding ticket can be more serious than you think. Our attorneys can help you fight your ticket and protect your driving record.","og_url":"https:\/\/wegmanlaw.net\/es\/services\/traffic-law\/speeding-tickets\/","og_site_name":"Wegman Law","article_publisher":"https:\/\/www.facebook.com\/profile.php?id=61572922497446","article_modified_time":"2025-12-22T08:13:50+00:00","og_image":[{"url":"https:\/\/wegmanlaw.net\/wp-content\/uploads\/2025\/08\/Img-08.webp","type":"","width":"","height":""}],"twitter_card":"summary_large_image","twitter_title":"Virginia Speeding Ticket Defense - Don't Just Pay It - Wegman Law","twitter_description":"A speeding ticket can be more serious than you think. Our attorneys can help you fight your ticket and protect your driving record.","twitter_image":"https:\/\/wegmanlaw.net\/wp-content\/uploads\/2025\/08\/Img-08.webp","twitter_misc":{"Tiempo de lectura":"3 minutos"},"schema":{"@context":"https:\/\/schema.org","@graph":[{"@type":"WebPage","@id":"https:\/\/wegmanlaw.net\/services\/traffic-law\/speeding-tickets\/","url":"https:\/\/wegmanlaw.net\/services\/traffic-law\/speeding-tickets\/","name":"Multas por exceso de velocidad | Multas por exceso de velocidad en Virginia por Wegman Law","isPartOf":{"@id":"https:\/\/wegmanlaw.net\/#website"},"primaryImageOfPage":{"@id":"https:\/\/wegmanlaw.net\/services\/traffic-law\/speeding-tickets\/#primaryimage"},"image":{"@id":"https:\/\/wegmanlaw.net\/services\/traffic-law\/speeding-tickets\/#primaryimage"},"thumbnailUrl":"https:\/\/wegmanlaw.net\/wp-content\/uploads\/2025\/08\/Img-08.webp?wsr","datePublished":"2025-08-14T16:54:37+00:00","dateModified":"2025-12-22T08:13:50+00:00","description":"Proteja su historial de conducci\u00f3n con los servicios de multas por exceso de velocidad en Virginia de Wegman Law. Conozca sus opciones.","breadcrumb":{"@id":"https:\/\/wegmanlaw.net\/services\/traffic-law\/speeding-tickets\/#breadcrumb"},"inLanguage":"es","potentialAction":[{"@type":"ReadAction","target":["https:\/\/wegmanlaw.net\/services\/traffic-law\/speeding-tickets\/"]}]},{"@type":"ImageObject","inLanguage":"es","@id":"https:\/\/wegmanlaw.net\/services\/traffic-law\/speeding-tickets\/#primaryimage","url":"https:\/\/wegmanlaw.net\/wp-content\/uploads\/2025\/08\/Img-08.webp?wsr","contentUrl":"https:\/\/wegmanlaw.net\/wp-content\/uploads\/2025\/08\/Img-08.webp?wsr","width":1200,"height":675,"caption":"Lawyer consulting client at office desk."},{"@type":"BreadcrumbList","@id":"https:\/\/wegmanlaw.net\/services\/traffic-law\/speeding-tickets\/#breadcrumb","itemListElement":[{"@type":"ListItem","position":1,"name":"Home","item":"https:\/\/wegmanlaw.net\/"},{"@type":"ListItem","position":2,"name":"Services","item":"https:\/\/wegmanlaw.net\/"},{"@type":"ListItem","position":3,"name":"Traffic Law","item":"https:\/\/wegmanlaw.net\/services\/traffic-law\/"},{"@type":"ListItem","position":4,"name":"Speeding Tickets"}]},{"@type":"WebSite","@id":"https:\/\/wegmanlaw.net\/#website","url":"https:\/\/wegmanlaw.net\/","name":"Ley Wegman","description":"Resolvemos problemas","publisher":{"@id":"https:\/\/wegmanlaw.net\/#organization"},"potentialAction":[{"@type":"SearchAction","target":{"@type":"EntryPoint","urlTemplate":"https:\/\/wegmanlaw.net\/?s={search_term_string}"},"query-input":{"@type":"PropertyValueSpecification","valueRequired":true,"valueName":"search_term_string"}}],"inLanguage":"es"},{"@type":"Organization","@id":"https:\/\/wegmanlaw.net\/#organization","name":"Ley Wegman","url":"https:\/\/wegmanlaw.net\/","logo":{"@type":"ImageObject","inLanguage":"es","@id":"https:\/\/wegmanlaw.net\/#\/schema\/logo\/image\/","url":"https:\/\/wegmanlaw.net\/wp-content\/uploads\/2025\/07\/Site-Logo.webp","contentUrl":"https:\/\/wegmanlaw.net\/wp-content\/uploads\/2025\/07\/Site-Logo.webp","width":1195,"height":298,"caption":"Wegman Law"},"image":{"@id":"https:\/\/wegmanlaw.net\/#\/schema\/logo\/image\/"},"sameAs":["https:\/\/www.facebook.com\/profile.php?id=61572922497446"]}]}},"_links":{"self":[{"href":"https:\/\/wegmanlaw.net\/es\/wp-json\/wp\/v2\/pages\/19199","targetHints":{"allow":["GET"]}}],"collection":[{"href":"https:\/\/wegmanlaw.net\/es\/wp-json\/wp\/v2\/pages"}],"about":[{"href":"https:\/\/wegmanlaw.net\/es\/wp-json\/wp\/v2\/types\/page"}],"author":[{"embeddable":true,"href":"https:\/\/wegmanlaw.net\/es\/wp-json\/wp\/v2\/users\/2"}],"replies":[{"embeddable":true,"href":"https:\/\/wegmanlaw.net\/es\/wp-json\/wp\/v2\/comments?post=19199"}],"version-history":[{"count":5,"href":"https:\/\/wegmanlaw.net\/es\/wp-json\/wp\/v2\/pages\/19199\/revisions"}],"predecessor-version":[{"id":19605,"href":"https:\/\/wegmanlaw.net\/es\/wp-json\/wp\/v2\/pages\/19199\/revisions\/19605"}],"up":[{"embeddable":true,"href":"https:\/\/wegmanlaw.net\/es\/wp-json\/wp\/v2\/pages\/28"}],"wp:featuredmedia":[{"embeddable":true,"href":"https:\/\/wegmanlaw.net\/es\/wp-json\/wp\/v2\/media\/19002"}],"wp:attachment":[{"href":"https:\/\/wegmanlaw.net\/es\/wp-json\/wp\/v2\/media?parent=19199"}],"curies":[{"name":"wp","href":"https:\/\/api.w.org\/{rel}","templated":true}]}}