{"id":19232,"date":"2025-08-14T14:04:39","date_gmt":"2025-08-14T18:04:39","guid":{"rendered":"https:\/\/wegmanlaw.net\/?page_id=19232"},"modified":"2026-03-19T09:00:54","modified_gmt":"2026-03-19T13:00:54","slug":"firearm-restoration-petitions","status":"publish","type":"page","link":"https:\/\/wegmanlaw.net\/es\/firearm-restoration-petitions\/","title":{"rendered":"Peticiones de restauraci\u00f3n de armas de fuego"},"content":{"rendered":"<h1>\n\t\t\tPeticiones de restauraci\u00f3n de armas de fuego\n\t\t<\/h1>\n\t<nav id=\"breadcrumbs\" aria-label=\"Migas de pan\"><a href=\"https:\/\/wegmanlaw.net\/es\/\">Inicio<\/a> \u00bb Firearm Restoration Petitions<\/nav>\n\t\t<h2>\n\t\t\tRestauraci\u00f3n de los derechos sobre las armas de fuego\n\t\t<\/h2>\n\t\t\t<p>A felony conviction will strip someone of his right to bear arms. \u00a0Said another way, he or she will be unable to lawfully carry, purchase, or transport a firearm. However, there is hope for people who have had their civil rights restored. Attorney Wegman has helped many individuals get their firearm rights. Attorney Wegman will petition the court and argue to a judge on your behalf to get your Second Amendment rights restored.Virginia Code\u00a0<a href=\"#\" target=\"_blank\" rel=\"noopener\">\u00a7 18.2-308.2<\/a>\u00a0makes carrying or possessing a firearm as a convicted felon a criminal act that can sometimes lead to mandatory jail or prison. \u00a0Don&#8217;t get caught in that trap. Get your civil rights restored and then contact Attorney Wegman to get your firearm rights restored. \u00a0Virginia Code\u00a0<a href=\"#\" target=\"_blank\" rel=\"noopener\">\u00a7 18.2-308.1:8<\/a>\u00a0hace ilegal para cualquier persona comprar, transportar o llevar un arma de fuego durante tres a\u00f1os si \u00e9l o ella ha sido condenado por un asalto dom\u00e9stico y la bater\u00eda si o no un arma de fuego fue utilizada en la comisi\u00f3n de ese asalto y la bater\u00eda. Una persona as\u00ed condenada debe ponerse en contacto con el abogado Wegman para la restauraci\u00f3n del derecho de arma de fuego despu\u00e9s de que los tres a\u00f1os han expirado.<\/p>\t\t\n\t\t\t\t\t\t\t\t\t<img decoding=\"async\" src=\"https:\/\/wegmanlaw.net\/wp-content\/uploads\/2025\/08\/Group-6-3.png\" alt=\"A row of legal books on a wooden shelf in a law library.\" itemprop=\"image\" height=\"717\" width=\"860\" srcset=\"https:\/\/wegmanlaw.net\/wp-content\/uploads\/2025\/08\/Group-6-3.png 860w, https:\/\/wegmanlaw.net\/wp-content\/uploads\/2025\/08\/Group-6-3-300x250.png 300w, https:\/\/wegmanlaw.net\/wp-content\/uploads\/2025\/08\/Group-6-3-768x640.png 768w\" sizes=\"(max-width: 860px) 100vw, 860px\" title=\"Una fila de libros jur\u00eddicos en un estante de madera en una biblioteca jur\u00eddica.\" onerror=\"this.style.display='none'\" class=\"no-lazyload\" \/>","protected":false},"excerpt":{"rendered":"<p>Firearm Restoration Petitions Home \u00bb Firearm Restoration Petitions Firearm Rights Restoration A felony conviction will strip someone of his right to bear arms. \u00a0Said another way, he or she will be unable to lawfully carry, purchase, or transport a firearm. However, there is hope for people who have had their civil rights restored. Attorney Wegman&hellip;<\/p>","protected":false},"author":2,"featured_media":19002,"parent":0,"menu_order":0,"comment_status":"closed","ping_status":"closed","template":"","meta":{"footnotes":""},"class_list":["post-19232","page","type-page","status-publish","has-post-thumbnail","hentry"],"yoast_head":"<!-- This site is optimized with the Yoast SEO Premium plugin v27.2 (Yoast SEO v27.5) - https:\/\/yoast.com\/product\/yoast-seo-premium-wordpress\/ -->\n<title>Firearm Rights Restoration | Wegman Law<\/title>\n<meta name=\"description\" content=\"Reclaim your Restoration of Firearm Rights with Wegman Law. Let us guide you in restoring your Second Amendment rights.\" \/>\n<meta name=\"robots\" content=\"index, follow, max-snippet:-1, max-image-preview:large, max-video-preview:-1\" \/>\n<link rel=\"canonical\" href=\"https:\/\/wegmanlaw.net\/es\/wp-json\/wp\/v2\/pages\/19232\" \/>\n<meta property=\"og:locale\" content=\"es_MX\" \/>\n<meta property=\"og:type\" content=\"article\" \/>\n<meta property=\"og:title\" content=\"Firearm Restoration Petitions - Wegman Law\" \/>\n<meta property=\"og:description\" content=\"Firearm Restoration Petitions\" \/>\n<meta property=\"og:url\" content=\"https:\/\/wegmanlaw.net\/es\/firearm-restoration-petitions\/\" \/>\n<meta property=\"og:site_name\" content=\"Wegman Law\" \/>\n<meta property=\"article:publisher\" content=\"https:\/\/www.facebook.com\/profile.php?id=61572922497446\" \/>\n<meta property=\"article:modified_time\" content=\"2026-03-19T13:00:54+00:00\" \/>\n<meta property=\"og:image\" content=\"https:\/\/wegmanlaw.net\/wp-content\/uploads\/2025\/08\/Img-08.webp\" \/>\n<meta name=\"twitter:card\" content=\"summary_large_image\" \/>\n<meta name=\"twitter:title\" content=\"Firearm Restoration Petitions - Wegman Law\" \/>\n<meta name=\"twitter:description\" content=\"Firearm Restoration Petitions\" \/>\n<meta name=\"twitter:image\" content=\"https:\/\/wegmanlaw.net\/wp-content\/uploads\/2025\/08\/Img-08.webp\" \/>\n<meta name=\"twitter:label1\" content=\"Tiempo de lectura\" \/>\n\t<meta name=\"twitter:data1\" content=\"2 minutos\" \/>\n<script type=\"application\/ld+json\" class=\"yoast-schema-graph\">{\"@context\":\"https:\\\/\\\/schema.org\",\"@graph\":[{\"@type\":\"WebPage\",\"@id\":\"https:\\\/\\\/wegmanlaw.net\\\/firearm-restoration-petitions\\\/\",\"url\":\"https:\\\/\\\/wegmanlaw.net\\\/firearm-restoration-petitions\\\/\",\"name\":\"Firearm Rights Restoration | Wegman Law\",\"isPartOf\":{\"@id\":\"https:\\\/\\\/wegmanlaw.net\\\/#website\"},\"primaryImageOfPage\":{\"@id\":\"https:\\\/\\\/wegmanlaw.net\\\/firearm-restoration-petitions\\\/#primaryimage\"},\"image\":{\"@id\":\"https:\\\/\\\/wegmanlaw.net\\\/firearm-restoration-petitions\\\/#primaryimage\"},\"thumbnailUrl\":\"https:\\\/\\\/wegmanlaw.net\\\/wp-content\\\/uploads\\\/2025\\\/08\\\/Img-08.webp?wsr\",\"datePublished\":\"2025-08-14T18:04:39+00:00\",\"dateModified\":\"2026-03-19T13:00:54+00:00\",\"description\":\"Reclaim your Restoration of Firearm Rights with Wegman Law. Let us guide you in restoring your Second Amendment rights.\",\"breadcrumb\":{\"@id\":\"https:\\\/\\\/wegmanlaw.net\\\/firearm-restoration-petitions\\\/#breadcrumb\"},\"inLanguage\":\"es\",\"potentialAction\":[{\"@type\":\"ReadAction\",\"target\":[\"https:\\\/\\\/wegmanlaw.net\\\/firearm-restoration-petitions\\\/\"]}]},{\"@type\":\"ImageObject\",\"inLanguage\":\"es\",\"@id\":\"https:\\\/\\\/wegmanlaw.net\\\/firearm-restoration-petitions\\\/#primaryimage\",\"url\":\"https:\\\/\\\/wegmanlaw.net\\\/wp-content\\\/uploads\\\/2025\\\/08\\\/Img-08.webp?wsr\",\"contentUrl\":\"https:\\\/\\\/wegmanlaw.net\\\/wp-content\\\/uploads\\\/2025\\\/08\\\/Img-08.webp?wsr\",\"width\":1200,\"height\":675,\"caption\":\"Lawyer consulting client at office desk.\"},{\"@type\":\"BreadcrumbList\",\"@id\":\"https:\\\/\\\/wegmanlaw.net\\\/firearm-restoration-petitions\\\/#breadcrumb\",\"itemListElement\":[{\"@type\":\"ListItem\",\"position\":1,\"name\":\"Home\",\"item\":\"https:\\\/\\\/wegmanlaw.net\\\/\"},{\"@type\":\"ListItem\",\"position\":2,\"name\":\"Firearm Restoration Petitions\"}]},{\"@type\":\"WebSite\",\"@id\":\"https:\\\/\\\/wegmanlaw.net\\\/#website\",\"url\":\"https:\\\/\\\/wegmanlaw.net\\\/\",\"name\":\"Wegman Law\",\"description\":\"We Solve Problems\",\"publisher\":{\"@id\":\"https:\\\/\\\/wegmanlaw.net\\\/#organization\"},\"potentialAction\":[{\"@type\":\"SearchAction\",\"target\":{\"@type\":\"EntryPoint\",\"urlTemplate\":\"https:\\\/\\\/wegmanlaw.net\\\/?s={search_term_string}\"},\"query-input\":{\"@type\":\"PropertyValueSpecification\",\"valueRequired\":true,\"valueName\":\"search_term_string\"}}],\"inLanguage\":\"es\"},{\"@type\":\"Organization\",\"@id\":\"https:\\\/\\\/wegmanlaw.net\\\/#organization\",\"name\":\"Wegman Law\",\"url\":\"https:\\\/\\\/wegmanlaw.net\\\/\",\"logo\":{\"@type\":\"ImageObject\",\"inLanguage\":\"es\",\"@id\":\"https:\\\/\\\/wegmanlaw.net\\\/#\\\/schema\\\/logo\\\/image\\\/\",\"url\":\"https:\\\/\\\/wegmanlaw.net\\\/wp-content\\\/uploads\\\/2025\\\/07\\\/Site-Logo.webp\",\"contentUrl\":\"https:\\\/\\\/wegmanlaw.net\\\/wp-content\\\/uploads\\\/2025\\\/07\\\/Site-Logo.webp\",\"width\":1195,\"height\":298,\"caption\":\"Wegman Law\"},\"image\":{\"@id\":\"https:\\\/\\\/wegmanlaw.net\\\/#\\\/schema\\\/logo\\\/image\\\/\"},\"sameAs\":[\"https:\\\/\\\/www.facebook.com\\\/profile.php?id=61572922497446\"]}]}<\/script>\n<!-- \/ Yoast SEO Premium plugin. -->","yoast_head_json":{"title":"Firearm Rights Restoration | Wegman Law","description":"Reclaim your Restoration of Firearm Rights with Wegman Law. Let us guide you in restoring your Second Amendment rights.","robots":{"index":"index","follow":"follow","max-snippet":"max-snippet:-1","max-image-preview":"max-image-preview:large","max-video-preview":"max-video-preview:-1"},"canonical":"https:\/\/wegmanlaw.net\/es\/wp-json\/wp\/v2\/pages\/19232","og_locale":"es_MX","og_type":"article","og_title":"Firearm Restoration Petitions - Wegman Law","og_description":"Firearm Restoration Petitions","og_url":"https:\/\/wegmanlaw.net\/es\/firearm-restoration-petitions\/","og_site_name":"Wegman Law","article_publisher":"https:\/\/www.facebook.com\/profile.php?id=61572922497446","article_modified_time":"2026-03-19T13:00:54+00:00","og_image":[{"url":"https:\/\/wegmanlaw.net\/wp-content\/uploads\/2025\/08\/Img-08.webp","type":"","width":"","height":""}],"twitter_card":"summary_large_image","twitter_title":"Firearm Restoration Petitions - Wegman Law","twitter_description":"Firearm Restoration Petitions","twitter_image":"https:\/\/wegmanlaw.net\/wp-content\/uploads\/2025\/08\/Img-08.webp","twitter_misc":{"Tiempo de lectura":"2 minutos"},"schema":{"@context":"https:\/\/schema.org","@graph":[{"@type":"WebPage","@id":"https:\/\/wegmanlaw.net\/firearm-restoration-petitions\/","url":"https:\/\/wegmanlaw.net\/firearm-restoration-petitions\/","name":"Firearm Rights Restoration | Wegman Law","isPartOf":{"@id":"https:\/\/wegmanlaw.net\/#website"},"primaryImageOfPage":{"@id":"https:\/\/wegmanlaw.net\/firearm-restoration-petitions\/#primaryimage"},"image":{"@id":"https:\/\/wegmanlaw.net\/firearm-restoration-petitions\/#primaryimage"},"thumbnailUrl":"https:\/\/wegmanlaw.net\/wp-content\/uploads\/2025\/08\/Img-08.webp?wsr","datePublished":"2025-08-14T18:04:39+00:00","dateModified":"2026-03-19T13:00:54+00:00","description":"Reclaim your Restoration of Firearm Rights with Wegman Law. Let us guide you in restoring your Second Amendment rights.","breadcrumb":{"@id":"https:\/\/wegmanlaw.net\/firearm-restoration-petitions\/#breadcrumb"},"inLanguage":"es","potentialAction":[{"@type":"ReadAction","target":["https:\/\/wegmanlaw.net\/firearm-restoration-petitions\/"]}]},{"@type":"ImageObject","inLanguage":"es","@id":"https:\/\/wegmanlaw.net\/firearm-restoration-petitions\/#primaryimage","url":"https:\/\/wegmanlaw.net\/wp-content\/uploads\/2025\/08\/Img-08.webp?wsr","contentUrl":"https:\/\/wegmanlaw.net\/wp-content\/uploads\/2025\/08\/Img-08.webp?wsr","width":1200,"height":675,"caption":"Lawyer consulting client at office desk."},{"@type":"BreadcrumbList","@id":"https:\/\/wegmanlaw.net\/firearm-restoration-petitions\/#breadcrumb","itemListElement":[{"@type":"ListItem","position":1,"name":"Home","item":"https:\/\/wegmanlaw.net\/"},{"@type":"ListItem","position":2,"name":"Firearm Restoration Petitions"}]},{"@type":"WebSite","@id":"https:\/\/wegmanlaw.net\/#website","url":"https:\/\/wegmanlaw.net\/","name":"Ley Wegman","description":"Resolvemos problemas","publisher":{"@id":"https:\/\/wegmanlaw.net\/#organization"},"potentialAction":[{"@type":"SearchAction","target":{"@type":"EntryPoint","urlTemplate":"https:\/\/wegmanlaw.net\/?s={search_term_string}"},"query-input":{"@type":"PropertyValueSpecification","valueRequired":true,"valueName":"search_term_string"}}],"inLanguage":"es"},{"@type":"Organization","@id":"https:\/\/wegmanlaw.net\/#organization","name":"Ley Wegman","url":"https:\/\/wegmanlaw.net\/","logo":{"@type":"ImageObject","inLanguage":"es","@id":"https:\/\/wegmanlaw.net\/#\/schema\/logo\/image\/","url":"https:\/\/wegmanlaw.net\/wp-content\/uploads\/2025\/07\/Site-Logo.webp","contentUrl":"https:\/\/wegmanlaw.net\/wp-content\/uploads\/2025\/07\/Site-Logo.webp","width":1195,"height":298,"caption":"Wegman Law"},"image":{"@id":"https:\/\/wegmanlaw.net\/#\/schema\/logo\/image\/"},"sameAs":["https:\/\/www.facebook.com\/profile.php?id=61572922497446"]}]}},"_links":{"self":[{"href":"https:\/\/wegmanlaw.net\/es\/wp-json\/wp\/v2\/pages\/19232","targetHints":{"allow":["GET"]}}],"collection":[{"href":"https:\/\/wegmanlaw.net\/es\/wp-json\/wp\/v2\/pages"}],"about":[{"href":"https:\/\/wegmanlaw.net\/es\/wp-json\/wp\/v2\/types\/page"}],"author":[{"embeddable":true,"href":"https:\/\/wegmanlaw.net\/es\/wp-json\/wp\/v2\/users\/2"}],"replies":[{"embeddable":true,"href":"https:\/\/wegmanlaw.net\/es\/wp-json\/wp\/v2\/comments?post=19232"}],"version-history":[{"count":3,"href":"https:\/\/wegmanlaw.net\/es\/wp-json\/wp\/v2\/pages\/19232\/revisions"}],"predecessor-version":[{"id":19664,"href":"https:\/\/wegmanlaw.net\/es\/wp-json\/wp\/v2\/pages\/19232\/revisions\/19664"}],"wp:featuredmedia":[{"embeddable":true,"href":"https:\/\/wegmanlaw.net\/es\/wp-json\/wp\/v2\/media\/19002"}],"wp:attachment":[{"href":"https:\/\/wegmanlaw.net\/es\/wp-json\/wp\/v2\/media?parent=19232"}],"curies":[{"name":"wp","href":"https:\/\/api.w.org\/{rel}","templated":true}]}}