{"id":19236,"date":"2025-08-14T14:10:13","date_gmt":"2025-08-14T18:10:13","guid":{"rendered":"https:\/\/wegmanlaw.net\/?page_id=19236"},"modified":"2025-12-22T04:13:07","modified_gmt":"2025-12-22T08:13:07","slug":"felony-charges","status":"publish","type":"page","link":"https:\/\/wegmanlaw.net\/es\/felony-charges\/","title":{"rendered":"Delitos graves"},"content":{"rendered":"<!DOCTYPE html PUBLIC \"-\/\/W3C\/\/DTD HTML 4.0 Transitional\/\/EN\" \"http:\/\/www.w3.org\/TR\/REC-html40\/loose.dtd\">\n<html><body><h1>\n\t\t\tDelitos graves\n\t\t<\/h1>\n\t<nav id=\"breadcrumbs\" aria-label=\"Migas de pan\"><a href=\"https:\/\/wegmanlaw.net\/es\/\">Inicio<\/a> &Acirc;&raquo; Felony Charges<\/nav>\n\t\t<h2>\n\t\t\t\u00bfQu\u00e9 son los cargos por delitos graves?\n\t\t<\/h2>\n\t\t\t<p>Felony charges are serious criminal offenses that can result in a prison sentence of one year or more. In Virginia, felonies are categorized by class, with the severity and potential punishment increasing with each class. For example, a Class 6 felony carries a maximum of five years in prison, and a Class 2 felony can result in life imprisonment. In rare cases, a Class 1 felony, a capital crime, could even lead to a death sentence.A felony conviction can have life-altering consequences, including the loss of civil and constitutional rights such as the right to vote and the right to possess a firearm. It can also lead to a lifetime of stigma and the possibility of supervised probation that can severely impact employment opportunities and freedom of movement.Most felony charges are found in <a href=\"https:\/\/law.lis.virginia.gov\/vacodeupdates\/title18.2\/\">T\u00edtulo 18 del C\u00f3digo de Virginia<\/a>. They range from crimes against good order and discipline to crimes against the person and crimes against property.&Acirc;&nbsp;<\/p>\t\t\n\t\t\t\t\t\t\t\t\t<img decoding=\"async\" src=\"https:\/\/wegmanlaw.net\/wp-content\/uploads\/2025\/08\/Group-3-4.png\" alt=\"Police officer writing a ticket for a driver in a car.\" itemprop=\"image\" height=\"717\" width=\"860\" srcset=\"https:\/\/wegmanlaw.net\/wp-content\/uploads\/2025\/08\/Group-3-4.png 860w, https:\/\/wegmanlaw.net\/wp-content\/uploads\/2025\/08\/Group-3-4-300x250.png 300w, https:\/\/wegmanlaw.net\/wp-content\/uploads\/2025\/08\/Group-3-4-768x640.png 768w\" sizes=\"(max-width: 860px) 100vw, 860px\" title=\"Grupo 3 (4)\" onerror=\"this.style.display='none'\" class=\"no-lazyload\">\n\t\t<h2>\n\t\t\tNuestro Enfoque a la Defensa de Delitos Graves\n\t\t<\/h2>\n\t\t\t<p>El abogado Wegman aporta m\u00e1s de 20 a\u00f1os de experiencia legal en litigios por delitos graves, manejando una amplia gama de casos desde los menos graves hasta los m\u00e1s serios. Nuestra experiencia incluye la defensa de clientes contra cargos tales como:<\/p>\t\t\n\t\t\t\t\t\t\t\t\t<img decoding=\"async\" src=\"https:\/\/wegmanlaw.net\/wp-content\/uploads\/2025\/08\/Rectangle-11-3.png\" alt=\"A brass balance scale on a wooden table in a softly lit room.\" itemprop=\"image\" height=\"414\" width=\"708\" srcset=\"https:\/\/wegmanlaw.net\/wp-content\/uploads\/2025\/08\/Rectangle-11-3.png 708w, https:\/\/wegmanlaw.net\/wp-content\/uploads\/2025\/08\/Rectangle-11-3-300x175.png 300w\" sizes=\"(max-width: 708px) 100vw, 708px\" title=\"Rect\u00e1ngulo 11 (3)\" onerror=\"this.style.display='none'\" class=\"no-lazyload\">\n\t\t<h3>\n\t\t\tDelitos graves:\n\t\t<\/h3>\n\t<ul>\n\t\t\t<li>\n\t\t\t\tAsesinato\n\t\t\t<\/li>\n\t\t\t<li>\n\t\t\t\tViolaci\u00f3n\n\t\t\t<\/li>\n\t\t\t<li>\n\t\t\t\tAgresi\u00f3n sexual\n\t\t\t<\/li>\n\t\t\t<li>\n\t\t\t\tRobo\n\t\t\t<\/li>\n\t\t\t<li>\n\t\t\t\tRobo\n\t\t\t<\/li>\n\t\t\t<li>\n\t\t\t\tHeridas dolosas\n\t\t\t<\/li>\n\t\t<\/ul>\n\t\t\t\t\t\t\t\t\t<img decoding=\"async\" src=\"https:\/\/wegmanlaw.net\/wp-content\/uploads\/2025\/08\/Rectangle-11-2.png\" alt=\"A brass balance scale on a wooden table in a softly lit room.\" itemprop=\"image\" height=\"414\" width=\"708\" srcset=\"https:\/\/wegmanlaw.net\/wp-content\/uploads\/2025\/08\/Rectangle-11-2.png 708w, https:\/\/wegmanlaw.net\/wp-content\/uploads\/2025\/08\/Rectangle-11-2-300x175.png 300w\" sizes=\"(max-width: 708px) 100vw, 708px\" title=\"Rect\u00e1ngulo 11 (2)\" onerror=\"this.style.display='none'\" class=\"no-lazyload\">\n\t\t<h3>\n\t\t\tOtros casos de delitos graves:\n\t\t<\/h3>\n\t<ul>\n\t\t\t<li>\n\t\t\t\tHurto mayor\n\t\t\t<\/li>\n\t\t\t<li>\n\t\t\t\tDistribuci\u00f3n y posesi\u00f3n de drogas (marihuana, hero\u00edna, coca\u00edna, etc.)\n\t\t\t<\/li>\n\t\t\t<li>\n\t\t\t\tDUI (3\u00aa infracci\u00f3n o siguientes)\n\t\t\t<\/li>\n\t\t\t<li>\n\t\t\t\tAtropello y fuga\n\t\t\t<\/li>\n\t\t\t<li>\n\t\t\t\tEludir a la polic\u00eda\n\t\t\t<\/li>\n\t\t<\/ul>\n\t<p>Entendemos la gravedad de un cargo por delito grave y estamos comprometidos a proporcionar una defensa agresiva para proteger sus derechos y su futuro. Nuestro objetivo principal es evitar una condena y sus consecuencias duraderas. Cuando eso no es posible, somos expertos en negociar el mejor resultado posible para minimizar el impacto de la acusaci\u00f3n y ayudarle a evitar o reducir el tiempo en la c\u00e1rcel.<\/p>\n<p>Si usted o un ser querido est\u00e1 enfrentando cargos de delito grave o est\u00e1 bajo investigaci\u00f3n, es crucial buscar asesor\u00eda legal inmediatamente. P\u00f3ngase en contacto con el abogado Wegman hoy para asegurarse de que tiene un defensor experimentado y dedicado de su lado.<\/p>\n\n<\/body><\/html>","protected":false},"excerpt":{"rendered":"<p>Felony Charges Home &Acirc;&raquo; Felony Charges What Are Felony Charges? Felony charges are serious criminal offenses that can result in a prison sentence of one year or more. In Virginia, felonies are categorized by class, with the severity and potential punishment increasing with each class. For example, a Class 6 felony carries a maximum of&hellip;<\/p>","protected":false},"author":2,"featured_media":19002,"parent":0,"menu_order":0,"comment_status":"closed","ping_status":"closed","template":"","meta":{"footnotes":""},"class_list":["post-19236","page","type-page","status-publish","has-post-thumbnail","hentry"],"yoast_head":"<!-- This site is optimized with the Yoast SEO Premium plugin v27.2 (Yoast SEO v27.5) - https:\/\/yoast.com\/product\/yoast-seo-premium-wordpress\/ -->\n<title>Felony Charges | Felony Defense Attorney by Wegman Law<\/title>\n<meta name=\"description\" content=\"Protect your future with Felony Defense Attorney at Wegman Law. Call now for expert legal representation against serious charges.\" \/>\n<meta name=\"robots\" content=\"index, follow, max-snippet:-1, max-image-preview:large, max-video-preview:-1\" \/>\n<link rel=\"canonical\" href=\"https:\/\/wegmanlaw.net\/es\/wp-json\/wp\/v2\/pages\/19236\" \/>\n<meta property=\"og:locale\" content=\"es_MX\" \/>\n<meta property=\"og:type\" content=\"article\" \/>\n<meta property=\"og:title\" content=\"Experienced Legal Defense for Felony Charges - Wegman Law\" \/>\n<meta property=\"og:description\" content=\"Facing a felony charge? Our dedicated attorneys at Wegman Law provide aggressive and experienced legal defense to protect your rights and future.\" \/>\n<meta property=\"og:url\" content=\"https:\/\/wegmanlaw.net\/es\/felony-charges\/\" \/>\n<meta property=\"og:site_name\" content=\"Wegman Law\" \/>\n<meta property=\"article:publisher\" content=\"https:\/\/www.facebook.com\/profile.php?id=61572922497446\" \/>\n<meta property=\"article:modified_time\" content=\"2025-12-22T08:13:07+00:00\" \/>\n<meta property=\"og:image\" content=\"https:\/\/wegmanlaw.net\/wp-content\/uploads\/2025\/08\/Img-08.webp\" \/>\n<meta name=\"twitter:card\" content=\"summary_large_image\" \/>\n<meta name=\"twitter:title\" content=\"Experienced Legal Defense for Felony Charges - Wegman Law\" \/>\n<meta name=\"twitter:description\" content=\"Facing a felony charge? Our dedicated attorneys at Wegman Law provide aggressive and experienced legal defense to protect your rights and future.\" \/>\n<meta name=\"twitter:image\" content=\"https:\/\/wegmanlaw.net\/wp-content\/uploads\/2025\/08\/Img-08.webp\" \/>\n<meta name=\"twitter:label1\" content=\"Tiempo de lectura\" \/>\n\t<meta name=\"twitter:data1\" content=\"2 minutos\" \/>\n<script type=\"application\/ld+json\" class=\"yoast-schema-graph\">{\"@context\":\"https:\\\/\\\/schema.org\",\"@graph\":[{\"@type\":\"WebPage\",\"@id\":\"https:\\\/\\\/wegmanlaw.net\\\/felony-charges\\\/\",\"url\":\"https:\\\/\\\/wegmanlaw.net\\\/felony-charges\\\/\",\"name\":\"Felony Charges | Felony Defense Attorney by Wegman Law\",\"isPartOf\":{\"@id\":\"https:\\\/\\\/wegmanlaw.net\\\/#website\"},\"primaryImageOfPage\":{\"@id\":\"https:\\\/\\\/wegmanlaw.net\\\/felony-charges\\\/#primaryimage\"},\"image\":{\"@id\":\"https:\\\/\\\/wegmanlaw.net\\\/felony-charges\\\/#primaryimage\"},\"thumbnailUrl\":\"https:\\\/\\\/wegmanlaw.net\\\/wp-content\\\/uploads\\\/2025\\\/08\\\/Img-08.webp?wsr\",\"datePublished\":\"2025-08-14T18:10:13+00:00\",\"dateModified\":\"2025-12-22T08:13:07+00:00\",\"description\":\"Protect your future with Felony Defense Attorney at Wegman Law. Call now for expert legal representation against serious charges.\",\"breadcrumb\":{\"@id\":\"https:\\\/\\\/wegmanlaw.net\\\/felony-charges\\\/#breadcrumb\"},\"inLanguage\":\"es\",\"potentialAction\":[{\"@type\":\"ReadAction\",\"target\":[\"https:\\\/\\\/wegmanlaw.net\\\/felony-charges\\\/\"]}]},{\"@type\":\"ImageObject\",\"inLanguage\":\"es\",\"@id\":\"https:\\\/\\\/wegmanlaw.net\\\/felony-charges\\\/#primaryimage\",\"url\":\"https:\\\/\\\/wegmanlaw.net\\\/wp-content\\\/uploads\\\/2025\\\/08\\\/Img-08.webp?wsr\",\"contentUrl\":\"https:\\\/\\\/wegmanlaw.net\\\/wp-content\\\/uploads\\\/2025\\\/08\\\/Img-08.webp?wsr\",\"width\":1200,\"height\":675,\"caption\":\"Lawyer consulting client at office desk.\"},{\"@type\":\"BreadcrumbList\",\"@id\":\"https:\\\/\\\/wegmanlaw.net\\\/felony-charges\\\/#breadcrumb\",\"itemListElement\":[{\"@type\":\"ListItem\",\"position\":1,\"name\":\"Home\",\"item\":\"https:\\\/\\\/wegmanlaw.net\\\/\"},{\"@type\":\"ListItem\",\"position\":2,\"name\":\"Felony Charges\"}]},{\"@type\":\"WebSite\",\"@id\":\"https:\\\/\\\/wegmanlaw.net\\\/#website\",\"url\":\"https:\\\/\\\/wegmanlaw.net\\\/\",\"name\":\"Wegman Law\",\"description\":\"We Solve Problems\",\"publisher\":{\"@id\":\"https:\\\/\\\/wegmanlaw.net\\\/#organization\"},\"potentialAction\":[{\"@type\":\"SearchAction\",\"target\":{\"@type\":\"EntryPoint\",\"urlTemplate\":\"https:\\\/\\\/wegmanlaw.net\\\/?s={search_term_string}\"},\"query-input\":{\"@type\":\"PropertyValueSpecification\",\"valueRequired\":true,\"valueName\":\"search_term_string\"}}],\"inLanguage\":\"es\"},{\"@type\":\"Organization\",\"@id\":\"https:\\\/\\\/wegmanlaw.net\\\/#organization\",\"name\":\"Wegman Law\",\"url\":\"https:\\\/\\\/wegmanlaw.net\\\/\",\"logo\":{\"@type\":\"ImageObject\",\"inLanguage\":\"es\",\"@id\":\"https:\\\/\\\/wegmanlaw.net\\\/#\\\/schema\\\/logo\\\/image\\\/\",\"url\":\"https:\\\/\\\/wegmanlaw.net\\\/wp-content\\\/uploads\\\/2025\\\/07\\\/Site-Logo.webp\",\"contentUrl\":\"https:\\\/\\\/wegmanlaw.net\\\/wp-content\\\/uploads\\\/2025\\\/07\\\/Site-Logo.webp\",\"width\":1195,\"height\":298,\"caption\":\"Wegman Law\"},\"image\":{\"@id\":\"https:\\\/\\\/wegmanlaw.net\\\/#\\\/schema\\\/logo\\\/image\\\/\"},\"sameAs\":[\"https:\\\/\\\/www.facebook.com\\\/profile.php?id=61572922497446\"]}]}<\/script>\n<!-- \/ Yoast SEO Premium plugin. -->","yoast_head_json":{"title":"Felony Charges | Felony Defense Attorney by Wegman Law","description":"Protect your future with Felony Defense Attorney at Wegman Law. Call now for expert legal representation against serious charges.","robots":{"index":"index","follow":"follow","max-snippet":"max-snippet:-1","max-image-preview":"max-image-preview:large","max-video-preview":"max-video-preview:-1"},"canonical":"https:\/\/wegmanlaw.net\/es\/wp-json\/wp\/v2\/pages\/19236","og_locale":"es_MX","og_type":"article","og_title":"Experienced Legal Defense for Felony Charges - Wegman Law","og_description":"Facing a felony charge? Our dedicated attorneys at Wegman Law provide aggressive and experienced legal defense to protect your rights and future.","og_url":"https:\/\/wegmanlaw.net\/es\/felony-charges\/","og_site_name":"Wegman Law","article_publisher":"https:\/\/www.facebook.com\/profile.php?id=61572922497446","article_modified_time":"2025-12-22T08:13:07+00:00","og_image":[{"url":"https:\/\/wegmanlaw.net\/wp-content\/uploads\/2025\/08\/Img-08.webp","type":"","width":"","height":""}],"twitter_card":"summary_large_image","twitter_title":"Experienced Legal Defense for Felony Charges - Wegman Law","twitter_description":"Facing a felony charge? Our dedicated attorneys at Wegman Law provide aggressive and experienced legal defense to protect your rights and future.","twitter_image":"https:\/\/wegmanlaw.net\/wp-content\/uploads\/2025\/08\/Img-08.webp","twitter_misc":{"Tiempo de lectura":"2 minutos"},"schema":{"@context":"https:\/\/schema.org","@graph":[{"@type":"WebPage","@id":"https:\/\/wegmanlaw.net\/felony-charges\/","url":"https:\/\/wegmanlaw.net\/felony-charges\/","name":"Felony Charges | Felony Defense Attorney by Wegman Law","isPartOf":{"@id":"https:\/\/wegmanlaw.net\/#website"},"primaryImageOfPage":{"@id":"https:\/\/wegmanlaw.net\/felony-charges\/#primaryimage"},"image":{"@id":"https:\/\/wegmanlaw.net\/felony-charges\/#primaryimage"},"thumbnailUrl":"https:\/\/wegmanlaw.net\/wp-content\/uploads\/2025\/08\/Img-08.webp?wsr","datePublished":"2025-08-14T18:10:13+00:00","dateModified":"2025-12-22T08:13:07+00:00","description":"Protect your future with Felony Defense Attorney at Wegman Law. Call now for expert legal representation against serious charges.","breadcrumb":{"@id":"https:\/\/wegmanlaw.net\/felony-charges\/#breadcrumb"},"inLanguage":"es","potentialAction":[{"@type":"ReadAction","target":["https:\/\/wegmanlaw.net\/felony-charges\/"]}]},{"@type":"ImageObject","inLanguage":"es","@id":"https:\/\/wegmanlaw.net\/felony-charges\/#primaryimage","url":"https:\/\/wegmanlaw.net\/wp-content\/uploads\/2025\/08\/Img-08.webp?wsr","contentUrl":"https:\/\/wegmanlaw.net\/wp-content\/uploads\/2025\/08\/Img-08.webp?wsr","width":1200,"height":675,"caption":"Lawyer consulting client at office desk."},{"@type":"BreadcrumbList","@id":"https:\/\/wegmanlaw.net\/felony-charges\/#breadcrumb","itemListElement":[{"@type":"ListItem","position":1,"name":"Home","item":"https:\/\/wegmanlaw.net\/"},{"@type":"ListItem","position":2,"name":"Felony Charges"}]},{"@type":"WebSite","@id":"https:\/\/wegmanlaw.net\/#website","url":"https:\/\/wegmanlaw.net\/","name":"Ley Wegman","description":"Resolvemos problemas","publisher":{"@id":"https:\/\/wegmanlaw.net\/#organization"},"potentialAction":[{"@type":"SearchAction","target":{"@type":"EntryPoint","urlTemplate":"https:\/\/wegmanlaw.net\/?s={search_term_string}"},"query-input":{"@type":"PropertyValueSpecification","valueRequired":true,"valueName":"search_term_string"}}],"inLanguage":"es"},{"@type":"Organization","@id":"https:\/\/wegmanlaw.net\/#organization","name":"Ley Wegman","url":"https:\/\/wegmanlaw.net\/","logo":{"@type":"ImageObject","inLanguage":"es","@id":"https:\/\/wegmanlaw.net\/#\/schema\/logo\/image\/","url":"https:\/\/wegmanlaw.net\/wp-content\/uploads\/2025\/07\/Site-Logo.webp","contentUrl":"https:\/\/wegmanlaw.net\/wp-content\/uploads\/2025\/07\/Site-Logo.webp","width":1195,"height":298,"caption":"Wegman Law"},"image":{"@id":"https:\/\/wegmanlaw.net\/#\/schema\/logo\/image\/"},"sameAs":["https:\/\/www.facebook.com\/profile.php?id=61572922497446"]}]}},"_links":{"self":[{"href":"https:\/\/wegmanlaw.net\/es\/wp-json\/wp\/v2\/pages\/19236","targetHints":{"allow":["GET"]}}],"collection":[{"href":"https:\/\/wegmanlaw.net\/es\/wp-json\/wp\/v2\/pages"}],"about":[{"href":"https:\/\/wegmanlaw.net\/es\/wp-json\/wp\/v2\/types\/page"}],"author":[{"embeddable":true,"href":"https:\/\/wegmanlaw.net\/es\/wp-json\/wp\/v2\/users\/2"}],"replies":[{"embeddable":true,"href":"https:\/\/wegmanlaw.net\/es\/wp-json\/wp\/v2\/comments?post=19236"}],"version-history":[{"count":1,"href":"https:\/\/wegmanlaw.net\/es\/wp-json\/wp\/v2\/pages\/19236\/revisions"}],"predecessor-version":[{"id":19642,"href":"https:\/\/wegmanlaw.net\/es\/wp-json\/wp\/v2\/pages\/19236\/revisions\/19642"}],"wp:featuredmedia":[{"embeddable":true,"href":"https:\/\/wegmanlaw.net\/es\/wp-json\/wp\/v2\/media\/19002"}],"wp:attachment":[{"href":"https:\/\/wegmanlaw.net\/es\/wp-json\/wp\/v2\/media?parent=19236"}],"curies":[{"name":"wp","href":"https:\/\/api.w.org\/{rel}","templated":true}]}}