{"id":19285,"date":"2025-08-14T16:31:37","date_gmt":"2025-08-14T20:31:37","guid":{"rendered":"https:\/\/wegmanlaw.net\/?page_id=19285"},"modified":"2026-03-19T04:54:11","modified_gmt":"2026-03-19T08:54:11","slug":"probation-violation-hearings","status":"publish","type":"page","link":"https:\/\/wegmanlaw.net\/es\/probation-violation-hearings\/","title":{"rendered":"\u00a0Audiencias por violaci\u00f3n de la libertad condicional"},"content":{"rendered":"<!DOCTYPE html PUBLIC \"-\/\/W3C\/\/DTD HTML 4.0 Transitional\/\/EN\" \"http:\/\/www.w3.org\/TR\/REC-html40\/loose.dtd\">\n<html><body><h1>\n\t\t\tInfracciones de la libertad condicional\n\t\t<\/h1>\n\t<nav id=\"breadcrumbs\" aria-label=\"Migas de pan\"><a href=\"https:\/\/wegmanlaw.net\/es\/\">Inicio<\/a> &Acirc;&raquo; &Acirc;&nbsp;Probation Violation Hearings<\/nav>\n\t\t<h2>\n\t\t\t\u00bfQu\u00e9 es una violaci\u00f3n de la libertad condicional?\n\t\t<\/h2>\n\t\t\t<p>Una parte significativa de la poblaci\u00f3n carcelaria y penitenciaria est\u00e1 formada por individuos que han violado su libertad condicional. Contrariamente a una idea err\u00f3nea muy extendida, el importe de una condena suspendida no disminuye con el tiempo. Sigue siendo una consecuencia inminente hasta que un juez ordena formalmente la terminaci\u00f3n de la libertad condicional. En Virginia, con algunas excepciones, la libertad condicional es a menudo por un per\u00edodo de cinco (5) a\u00f1os, y aunque la carga puede disminuir con el tiempo, es crucial recordar que uno no est\u00e1 oficialmente fuera de libertad condicional hasta que un juez firme una orden judicial.<\/p>\t\t\n\t\t\t\t\t\t\t\t\t<img decoding=\"async\" src=\"https:\/\/wegmanlaw.net\/wp-content\/uploads\/2025\/08\/Probation-Violation-3.png\" alt=\"A judge's hand striking a wooden gavel in a courtroom.\" itemprop=\"image\" height=\"717\" width=\"860\" srcset=\"https:\/\/wegmanlaw.net\/wp-content\/uploads\/2025\/08\/Probation-Violation-3.png 860w, https:\/\/wegmanlaw.net\/wp-content\/uploads\/2025\/08\/Probation-Violation-3-300x250.png 300w, https:\/\/wegmanlaw.net\/wp-content\/uploads\/2025\/08\/Probation-Violation-3-768x640.png 768w\" sizes=\"(max-width: 860px) 100vw, 860px\" title=\"Violaci\u00f3n de la libertad condicional (3)\" onerror=\"this.style.display='none'\" class=\"no-lazyload\">\n\t\t\t\t\t\t\t\t\t<img decoding=\"async\" src=\"https:\/\/wegmanlaw.net\/wp-content\/uploads\/2025\/08\/Probation-Violation-1.png\" alt=\"Judge's gavel resting beside an open law book on a wooden table.\" itemprop=\"image\" height=\"717\" width=\"860\" srcset=\"https:\/\/wegmanlaw.net\/wp-content\/uploads\/2025\/08\/Probation-Violation-1.png 860w, https:\/\/wegmanlaw.net\/wp-content\/uploads\/2025\/08\/Probation-Violation-1-300x250.png 300w, https:\/\/wegmanlaw.net\/wp-content\/uploads\/2025\/08\/Probation-Violation-1-768x640.png 768w\" sizes=\"(max-width: 860px) 100vw, 860px\" title=\"Violaci\u00f3n de la libertad condicional (1)\" onerror=\"this.style.display='none'\" class=\"no-lazyload\">\n\t\t<h2>\n\t\t\tComprender sus condiciones de libertad condicional\n\t\t<\/h2>\n\t\t\t<p>Cuando una persona es puesta en libertad condicional, suele aceptar y firmar una serie de condiciones. No se trata de sugerencias, sino de obligaciones legales. Las condiciones m\u00e1s comunes son:<\/p>\n\t<ul>\n\t\t\t<li>\n\t\t\t\tEvitar nuevos cargos penales.\n\t\t\t<\/li>\n\t\t\t<li>\n\t\t\t\tInformar de cualquier nuevo cargo a su agente de libertad condicional en un plazo de tres d\u00edas.\n\t\t\t<\/li>\n\t\t\t<li>\n\t\t\t\tMantener un empleo.\n\t\t\t<\/li>\n\t\t\t<li>\n\t\t\t\tObtener permiso antes de viajar fuera del estado o trasladarse.\n\t\t\t<\/li>\n\t\t\t<li>\n\t\t\t\tNo fugarse de la supervisi\u00f3n.\n\t\t\t<\/li>\n\t\t<\/ul>\n\t<p>Tambi\u00e9n pueden a\u00f1adirse condiciones especiales, como pagos de restituci\u00f3n, pruebas obligatorias de drogas y alcohol, o completar un programa espec\u00edfico.<\/p>\n<p>Es vital que se comunique directa y eficazmente con su agente de libertad condicional. Documente siempre cada interacci\u00f3n, incluyendo el nombre de la persona con la que habl\u00f3 y la hora. No d\u00e9 por sentado que un mensaje de voz es suficiente y nunca d\u00e9 por sentado su estado de libertad condicional.<\/p>\n\t\t<h2>\n\t\t\tC\u00f3mo podemos ayudar con violaciones de libertad condicional\n\t\t<\/h2>\n\t\t\t<p>El abogado Wegman tiene amplia experiencia defendiendo clientes en casos de violaci\u00f3n de libertad condicional. Ya sea que usted est\u00e9 enfrentando una violaci\u00f3n por un cargo nuevo, una violaci\u00f3n t\u00e9cnica (como no reportarse), u otro asunto, estamos preparados para ayudarle. Nuestra defensa se centra en lograr el mejor resultado posible para su situaci\u00f3n, que puede incluir:<\/p>\n\t<ul>\n\t\t\t<li>\n\t\t\t\tObtener una fianza para salir de la c\u00e1rcel.\n\t\t\t<\/li>\n\t\t\t<li>\n\t\t\t\tPetici\u00f3n de restablecimiento de la libertad condicional.\n\t\t\t<\/li>\n\t\t\t<li>\n\t\t\t\tNegociar una pena de c\u00e1rcel m\u00ednima.\n\t\t\t<\/li>\n\t\t\t<li>\n\t\t\t\tProponer disposiciones alternativas, como un programa de tratamiento.\n\t\t\t<\/li>\n\t\t<\/ul>\n\t<p>Si usted ha violado los t\u00e9rminos de su libertad condicional, o si conoce a alguien que lo ha hecho, es imperativo que busque asesor\u00eda legal inmediatamente. Llame al Abogado Wegman al (<a href=\"tel:+17574825205\"><strong>757) 482-5205<\/strong><\/a> para una consulta gratuita y confidencial.<\/p>\n\t\t\t\t\t\t\t\t\t<img decoding=\"async\" src=\"https:\/\/wegmanlaw.net\/wp-content\/uploads\/2025\/08\/Probation-Violation-2.png\" alt=\"Judge signing a legal document beside a gavel.\" itemprop=\"image\" height=\"717\" width=\"860\" srcset=\"https:\/\/wegmanlaw.net\/wp-content\/uploads\/2025\/08\/Probation-Violation-2.png 860w, https:\/\/wegmanlaw.net\/wp-content\/uploads\/2025\/08\/Probation-Violation-2-300x250.png 300w, https:\/\/wegmanlaw.net\/wp-content\/uploads\/2025\/08\/Probation-Violation-2-768x640.png 768w\" sizes=\"(max-width: 860px) 100vw, 860px\" title=\"Violaci\u00f3n de la libertad condicional (2)\" onerror=\"this.style.display='none'\" class=\"no-lazyload\">\n\n<\/body><\/html>","protected":false},"excerpt":{"rendered":"<p>Probation Violations Home &Acirc;&raquo; &Acirc;&nbsp;Probation Violation Hearings What is a Probation Violation? A significant portion of the jail and prison population consists of individuals who have violated their probation. Contrary to a common misconception, the amount of a suspended sentence does not decrease over time. It remains a looming consequence until a judge formally orders&hellip;<\/p>","protected":false},"author":2,"featured_media":19485,"parent":0,"menu_order":0,"comment_status":"closed","ping_status":"closed","template":"","meta":{"footnotes":""},"class_list":["post-19285","page","type-page","status-publish","has-post-thumbnail","hentry"],"yoast_head":"<!-- This site is optimized with the Yoast SEO Premium plugin v27.2 (Yoast SEO v27.5) - https:\/\/yoast.com\/product\/yoast-seo-premium-wordpress\/ -->\n<title>Probation Violation Hearings | Defense from Wegman Law<\/title>\n<meta name=\"description\" content=\"Act now for Probation Violation Defense with Wegman Law. Get expert legal assistance for your probation violation case. Call today!\" \/>\n<meta name=\"robots\" content=\"index, follow, max-snippet:-1, max-image-preview:large, max-video-preview:-1\" \/>\n<link rel=\"canonical\" href=\"https:\/\/wegmanlaw.net\/es\/wp-json\/wp\/v2\/pages\/19285\" \/>\n<meta property=\"og:locale\" content=\"es_MX\" \/>\n<meta property=\"og:type\" content=\"article\" \/>\n<meta property=\"og:title\" content=\"Virginia Probation Violation Defense - Wegman Law\" \/>\n<meta property=\"og:description\" content=\"Facing a probation violation? Attorney Wegman provides experienced legal representation to protect your freedom and rights. Contact us for a consultation.\" \/>\n<meta property=\"og:url\" content=\"https:\/\/wegmanlaw.net\/es\/probation-violation-hearings\/\" \/>\n<meta property=\"og:site_name\" content=\"Wegman Law\" \/>\n<meta property=\"article:publisher\" content=\"https:\/\/www.facebook.com\/profile.php?id=61572922497446\" \/>\n<meta property=\"article:modified_time\" content=\"2026-03-19T08:54:11+00:00\" \/>\n<meta property=\"og:image\" content=\"https:\/\/wegmanlaw.net\/wp-content\/uploads\/2025\/08\/Probation-Violation-3-1.png\" \/>\n<meta name=\"twitter:card\" content=\"summary_large_image\" \/>\n<meta name=\"twitter:title\" content=\"Virginia Probation Violation Defense - Wegman Law\" \/>\n<meta name=\"twitter:description\" content=\"Facing a probation violation? Attorney Wegman provides experienced legal representation to protect your freedom and rights. Contact us for a consultation.\" \/>\n<meta name=\"twitter:image\" content=\"https:\/\/wegmanlaw.net\/wp-content\/uploads\/2025\/08\/Probation-Violation-3-1.png\" \/>\n<meta name=\"twitter:label1\" content=\"Tiempo de lectura\" \/>\n\t<meta name=\"twitter:data1\" content=\"3 minutos\" \/>\n<script type=\"application\/ld+json\" class=\"yoast-schema-graph\">{\"@context\":\"https:\\\/\\\/schema.org\",\"@graph\":[{\"@type\":\"WebPage\",\"@id\":\"https:\\\/\\\/wegmanlaw.net\\\/probation-violation-hearings\\\/\",\"url\":\"https:\\\/\\\/wegmanlaw.net\\\/probation-violation-hearings\\\/\",\"name\":\"Probation Violation Hearings | Defense from Wegman Law\",\"isPartOf\":{\"@id\":\"https:\\\/\\\/wegmanlaw.net\\\/#website\"},\"primaryImageOfPage\":{\"@id\":\"https:\\\/\\\/wegmanlaw.net\\\/probation-violation-hearings\\\/#primaryimage\"},\"image\":{\"@id\":\"https:\\\/\\\/wegmanlaw.net\\\/probation-violation-hearings\\\/#primaryimage\"},\"thumbnailUrl\":\"https:\\\/\\\/wegmanlaw.net\\\/wp-content\\\/uploads\\\/2025\\\/08\\\/Probation-Violation-3-1.png?wsr\",\"datePublished\":\"2025-08-14T20:31:37+00:00\",\"dateModified\":\"2026-03-19T08:54:11+00:00\",\"description\":\"Act now for Probation Violation Defense with Wegman Law. Get expert legal assistance for your probation violation case. Call today!\",\"breadcrumb\":{\"@id\":\"https:\\\/\\\/wegmanlaw.net\\\/probation-violation-hearings\\\/#breadcrumb\"},\"inLanguage\":\"es\",\"potentialAction\":[{\"@type\":\"ReadAction\",\"target\":[\"https:\\\/\\\/wegmanlaw.net\\\/probation-violation-hearings\\\/\"]}]},{\"@type\":\"ImageObject\",\"inLanguage\":\"es\",\"@id\":\"https:\\\/\\\/wegmanlaw.net\\\/probation-violation-hearings\\\/#primaryimage\",\"url\":\"https:\\\/\\\/wegmanlaw.net\\\/wp-content\\\/uploads\\\/2025\\\/08\\\/Probation-Violation-3-1.png?wsr\",\"contentUrl\":\"https:\\\/\\\/wegmanlaw.net\\\/wp-content\\\/uploads\\\/2025\\\/08\\\/Probation-Violation-3-1.png?wsr\",\"width\":860,\"height\":717,\"caption\":\"A judge striking a gavel in a courtroom.\"},{\"@type\":\"BreadcrumbList\",\"@id\":\"https:\\\/\\\/wegmanlaw.net\\\/probation-violation-hearings\\\/#breadcrumb\",\"itemListElement\":[{\"@type\":\"ListItem\",\"position\":1,\"name\":\"Home\",\"item\":\"https:\\\/\\\/wegmanlaw.net\\\/\"},{\"@type\":\"ListItem\",\"position\":2,\"name\":\"\u00a0Probation Violation Hearings\"}]},{\"@type\":\"WebSite\",\"@id\":\"https:\\\/\\\/wegmanlaw.net\\\/#website\",\"url\":\"https:\\\/\\\/wegmanlaw.net\\\/\",\"name\":\"Wegman Law\",\"description\":\"We Solve Problems\",\"publisher\":{\"@id\":\"https:\\\/\\\/wegmanlaw.net\\\/#organization\"},\"potentialAction\":[{\"@type\":\"SearchAction\",\"target\":{\"@type\":\"EntryPoint\",\"urlTemplate\":\"https:\\\/\\\/wegmanlaw.net\\\/?s={search_term_string}\"},\"query-input\":{\"@type\":\"PropertyValueSpecification\",\"valueRequired\":true,\"valueName\":\"search_term_string\"}}],\"inLanguage\":\"es\"},{\"@type\":\"Organization\",\"@id\":\"https:\\\/\\\/wegmanlaw.net\\\/#organization\",\"name\":\"Wegman Law\",\"url\":\"https:\\\/\\\/wegmanlaw.net\\\/\",\"logo\":{\"@type\":\"ImageObject\",\"inLanguage\":\"es\",\"@id\":\"https:\\\/\\\/wegmanlaw.net\\\/#\\\/schema\\\/logo\\\/image\\\/\",\"url\":\"https:\\\/\\\/wegmanlaw.net\\\/wp-content\\\/uploads\\\/2025\\\/07\\\/Site-Logo.webp\",\"contentUrl\":\"https:\\\/\\\/wegmanlaw.net\\\/wp-content\\\/uploads\\\/2025\\\/07\\\/Site-Logo.webp\",\"width\":1195,\"height\":298,\"caption\":\"Wegman Law\"},\"image\":{\"@id\":\"https:\\\/\\\/wegmanlaw.net\\\/#\\\/schema\\\/logo\\\/image\\\/\"},\"sameAs\":[\"https:\\\/\\\/www.facebook.com\\\/profile.php?id=61572922497446\"]}]}<\/script>\n<!-- \/ Yoast SEO Premium plugin. -->","yoast_head_json":{"title":"Probation Violation Hearings | Defense from Wegman Law","description":"Act now for Probation Violation Defense with Wegman Law. Get expert legal assistance for your probation violation case. Call today!","robots":{"index":"index","follow":"follow","max-snippet":"max-snippet:-1","max-image-preview":"max-image-preview:large","max-video-preview":"max-video-preview:-1"},"canonical":"https:\/\/wegmanlaw.net\/es\/wp-json\/wp\/v2\/pages\/19285","og_locale":"es_MX","og_type":"article","og_title":"Virginia Probation Violation Defense - Wegman Law","og_description":"Facing a probation violation? Attorney Wegman provides experienced legal representation to protect your freedom and rights. Contact us for a consultation.","og_url":"https:\/\/wegmanlaw.net\/es\/probation-violation-hearings\/","og_site_name":"Wegman Law","article_publisher":"https:\/\/www.facebook.com\/profile.php?id=61572922497446","article_modified_time":"2026-03-19T08:54:11+00:00","og_image":[{"url":"https:\/\/wegmanlaw.net\/wp-content\/uploads\/2025\/08\/Probation-Violation-3-1.png","type":"","width":"","height":""}],"twitter_card":"summary_large_image","twitter_title":"Virginia Probation Violation Defense - Wegman Law","twitter_description":"Facing a probation violation? Attorney Wegman provides experienced legal representation to protect your freedom and rights. Contact us for a consultation.","twitter_image":"https:\/\/wegmanlaw.net\/wp-content\/uploads\/2025\/08\/Probation-Violation-3-1.png","twitter_misc":{"Tiempo de lectura":"3 minutos"},"schema":{"@context":"https:\/\/schema.org","@graph":[{"@type":"WebPage","@id":"https:\/\/wegmanlaw.net\/probation-violation-hearings\/","url":"https:\/\/wegmanlaw.net\/probation-violation-hearings\/","name":"Probation Violation Hearings | Defense from Wegman Law","isPartOf":{"@id":"https:\/\/wegmanlaw.net\/#website"},"primaryImageOfPage":{"@id":"https:\/\/wegmanlaw.net\/probation-violation-hearings\/#primaryimage"},"image":{"@id":"https:\/\/wegmanlaw.net\/probation-violation-hearings\/#primaryimage"},"thumbnailUrl":"https:\/\/wegmanlaw.net\/wp-content\/uploads\/2025\/08\/Probation-Violation-3-1.png?wsr","datePublished":"2025-08-14T20:31:37+00:00","dateModified":"2026-03-19T08:54:11+00:00","description":"Act now for Probation Violation Defense with Wegman Law. Get expert legal assistance for your probation violation case. Call today!","breadcrumb":{"@id":"https:\/\/wegmanlaw.net\/probation-violation-hearings\/#breadcrumb"},"inLanguage":"es","potentialAction":[{"@type":"ReadAction","target":["https:\/\/wegmanlaw.net\/probation-violation-hearings\/"]}]},{"@type":"ImageObject","inLanguage":"es","@id":"https:\/\/wegmanlaw.net\/probation-violation-hearings\/#primaryimage","url":"https:\/\/wegmanlaw.net\/wp-content\/uploads\/2025\/08\/Probation-Violation-3-1.png?wsr","contentUrl":"https:\/\/wegmanlaw.net\/wp-content\/uploads\/2025\/08\/Probation-Violation-3-1.png?wsr","width":860,"height":717,"caption":"A judge striking a gavel in a courtroom."},{"@type":"BreadcrumbList","@id":"https:\/\/wegmanlaw.net\/probation-violation-hearings\/#breadcrumb","itemListElement":[{"@type":"ListItem","position":1,"name":"Home","item":"https:\/\/wegmanlaw.net\/"},{"@type":"ListItem","position":2,"name":"\u00a0Probation Violation Hearings"}]},{"@type":"WebSite","@id":"https:\/\/wegmanlaw.net\/#website","url":"https:\/\/wegmanlaw.net\/","name":"Ley Wegman","description":"Resolvemos problemas","publisher":{"@id":"https:\/\/wegmanlaw.net\/#organization"},"potentialAction":[{"@type":"SearchAction","target":{"@type":"EntryPoint","urlTemplate":"https:\/\/wegmanlaw.net\/?s={search_term_string}"},"query-input":{"@type":"PropertyValueSpecification","valueRequired":true,"valueName":"search_term_string"}}],"inLanguage":"es"},{"@type":"Organization","@id":"https:\/\/wegmanlaw.net\/#organization","name":"Ley Wegman","url":"https:\/\/wegmanlaw.net\/","logo":{"@type":"ImageObject","inLanguage":"es","@id":"https:\/\/wegmanlaw.net\/#\/schema\/logo\/image\/","url":"https:\/\/wegmanlaw.net\/wp-content\/uploads\/2025\/07\/Site-Logo.webp","contentUrl":"https:\/\/wegmanlaw.net\/wp-content\/uploads\/2025\/07\/Site-Logo.webp","width":1195,"height":298,"caption":"Wegman Law"},"image":{"@id":"https:\/\/wegmanlaw.net\/#\/schema\/logo\/image\/"},"sameAs":["https:\/\/www.facebook.com\/profile.php?id=61572922497446"]}]}},"_links":{"self":[{"href":"https:\/\/wegmanlaw.net\/es\/wp-json\/wp\/v2\/pages\/19285","targetHints":{"allow":["GET"]}}],"collection":[{"href":"https:\/\/wegmanlaw.net\/es\/wp-json\/wp\/v2\/pages"}],"about":[{"href":"https:\/\/wegmanlaw.net\/es\/wp-json\/wp\/v2\/types\/page"}],"author":[{"embeddable":true,"href":"https:\/\/wegmanlaw.net\/es\/wp-json\/wp\/v2\/users\/2"}],"replies":[{"embeddable":true,"href":"https:\/\/wegmanlaw.net\/es\/wp-json\/wp\/v2\/comments?post=19285"}],"version-history":[{"count":1,"href":"https:\/\/wegmanlaw.net\/es\/wp-json\/wp\/v2\/pages\/19285\/revisions"}],"predecessor-version":[{"id":19649,"href":"https:\/\/wegmanlaw.net\/es\/wp-json\/wp\/v2\/pages\/19285\/revisions\/19649"}],"wp:featuredmedia":[{"embeddable":true,"href":"https:\/\/wegmanlaw.net\/es\/wp-json\/wp\/v2\/media\/19485"}],"wp:attachment":[{"href":"https:\/\/wegmanlaw.net\/es\/wp-json\/wp\/v2\/media?parent=19285"}],"curies":[{"name":"wp","href":"https:\/\/api.w.org\/{rel}","templated":true}]}}