{"id":19295,"date":"2025-08-14T16:49:25","date_gmt":"2025-08-14T20:49:25","guid":{"rendered":"https:\/\/wegmanlaw.net\/?page_id=19295"},"modified":"2025-12-22T04:12:52","modified_gmt":"2025-12-22T08:12:52","slug":"expungements-and-sealed-records","status":"publish","type":"page","link":"https:\/\/wegmanlaw.net\/es\/expungements-and-sealed-records\/","title":{"rendered":"Cancelaci\u00f3n de antecedentes penales y sellado de expedientes"},"content":{"rendered":"<!DOCTYPE html PUBLIC \"-\/\/W3C\/\/DTD HTML 4.0 Transitional\/\/EN\" \"http:\/\/www.w3.org\/TR\/REC-html40\/loose.dtd\">\n<html><body><h1>\n\t\t\tExpungements &amp; Sealed Records\n\t\t<\/h1>\n\t<nav id=\"breadcrumbs\" aria-label=\"Migas de pan\"><a href=\"https:\/\/wegmanlaw.net\/es\/\">Inicio<\/a> &Acirc;&raquo; Expungements and Sealed Records<\/nav>\n\t\t<h2>\n\t\t\tCancelaci\u00f3n de antecedentes penales y sellado de expedientes\n\t\t<\/h2>\n\t\t\t<p>Finally, people with criminal records are often prevented them from obtaining gainful employment, but soon they can their record sealed or expunged.&Acirc;&nbsp;In 2021, the Virginia General Assembly passed a law to allow certain convicted individuals to expunge or seal their criminal records.&Acirc;&nbsp;The new law was supposed to go into effect July 1, 2025, but it has been pushed back for another year&Acirc;&nbsp; (July 1, 2026) until all logistics can be finetuned.Scroll down for information about the current state of the law.&Acirc;&nbsp;<\/p>\t\t\n\t\t\t\t\t\t\t\t\t<img decoding=\"async\" src=\"https:\/\/wegmanlaw.net\/wp-content\/uploads\/2025\/08\/Group-3-3.png\" alt=\"Police officer writing a ticket for a driver in a car.\" itemprop=\"image\" height=\"717\" width=\"860\" srcset=\"https:\/\/wegmanlaw.net\/wp-content\/uploads\/2025\/08\/Group-3-3.png 860w, https:\/\/wegmanlaw.net\/wp-content\/uploads\/2025\/08\/Group-3-3-300x250.png 300w, https:\/\/wegmanlaw.net\/wp-content\/uploads\/2025\/08\/Group-3-3-768x640.png 768w\" sizes=\"(max-width: 860px) 100vw, 860px\" title=\"Grupo 3 (3)\" onerror=\"this.style.display='none'\" class=\"no-lazyload\">\n\t\t<h2>\n\t\t\tEn la actualidad, la cancelaci\u00f3n de antecedentes penales s\u00f3lo est\u00e1 permitida en los siguientes casos.\n\t\t<\/h2>\n\t\t\t<p>A person may file a petition for an expungement if a person is charged with the commission of a crime or any offense defined in Title 18.2, andIs<em>&Acirc;&nbsp;acquitted<\/em>, orA&Acirc;&nbsp;<em>nolle prosequi<\/em>&Acirc;&nbsp;is taken&Acirc;&nbsp;<em>o se desestime la acusaci\u00f3n<\/em>, including dismissal by accord and satisfaction pursuant to &Acirc;&sect;&Acirc;&nbsp;<a href=\"https:\/\/law.lis.virginia.gov\/vacode\/19.2-151\/\" target=\"_blank\" rel=\"noopener\">19.2-151<\/a>.Upon receiving a copy pursuant to &Acirc;&sect;&Acirc;&nbsp;<a href=\"https:\/\/law.lis.virginia.gov\/vacode\/2.2-402\/\" target=\"_blank\" rel=\"noopener\">2.2-402<\/a>&Acirc;&nbsp;of an&Acirc;&nbsp;<em>indulto absoluto<\/em>&Acirc;&nbsp;for the commission of a crime that a person did not commit, the court shall enter an order requiring expungement of the police and court records relating to the charge and conviction.If you have any questions about expungements, call Attorney Wegman for a no-obligation consultation at&Acirc;&nbsp;<a href=\"tel:+17574825205\">(757) 482-5205<\/a>.In 2021, the General Assembly created a new remedy for individuals with criminal histories that it called &#8220;sealing.&#8221; Sealing restricts dissemination of criminal history record information contained in the Central Criminal Records Exchange (CCRE) and prohibits dissemination of court records. Under the Act of Assembly, Chapter 524, the provisions of the new law shall become effective on July 1, 2025, unless the necessary systems are put into place before then.Unlike Expungement, &#8220;sealing&#8221; does not make a record inaccessible. Instead, &#8220;sealed&#8221; criminal history record information is retained in the CCRE with limited access. &#8220;Sealed&#8221; court records are still retained, although of course they will eventually be destroyed in accordance with current record retention laws and schedules. However, &#8220;sealed&#8221; court records are removed from the OES online case information system.Once a conviction is sealed, under &Acirc;&sect; 19.2-392.5 and &Acirc;&sect; 19.2-392.13, the person who was arrested, charged, or convicted of the offense that was ordered to be sealed may deny or not disclose to any state or local government agency or to any private employer in the Commonwealth that such an arrest, charge, or conviction occurred.Under &Acirc;&sect; 19.2-392.5, if law enforcement is asked about a &#8220;sealed&#8221; conviction, they must reply that no record exists with respect to an arrest, charge, or conviction that has been sealed, unless an exception exists.Unlike expungement, sealing has many exceptions. For example, &Acirc;&sect; 19.2-392.13(I) provides that &#8220;the provisions of this section shall not prohibit the disclosure of sealed criminal history record information or any information from such records among law-enforcement officers and attorneys when such disclosures are made by such officers or attorneys engaged in the performance of their duties for purposes solely relating to the disclosure or use of exculpatory, mitigating, and impeachment evidence or between attorneys for the Commonwealth when related to the prosecution of a separate crime.&#8221;<\/p>\t\t\n\t\t<h2>\n\t\t\tSellado por petici\u00f3n\n\t\t<\/h2>\n\t\t\t<p>&Acirc;&sect;19.2-392.12 provides a new procedure for individuals to have convictions sealed. Under (A), a person who has been convicted of or had a charge deferred and dismissed for a:(i) misdemeanor offense,<br>(ii) Delito grave de clase 5 \u00f3 6, o<br>(iii) violation of 18.2-95 or any other felony offense in which the defendant is deemed guilty of larceny and punished as provided in 18.2-95may file a petition requesting sealing of the criminal history record information and court records relating to the charge or conviction,The following individuals may not obtain sealing: Persons who&#8211;(a) have been convicted of a Class 1 or 2 felony or any other felony punishable by imprisonment for life,<br>(b) haber sido condenado por un delito grave de clase 3 \u00f3 4 en los \u00faltimos 20 a\u00f1os, o<br>(c) haber sido condenado por cualquier otro delito grave en los \u00faltimos 10 a\u00f1os de la petici\u00f3n.<\/p><ul><li>&Acirc;&sect;19.2-392.12 specifically excludes DUI-related offenses and domestic assault and battery, making those offenses ineligible for sealing. Specifically:<\/li><li>&Acirc;&sect;18.2-36.1 (involuntary manslaughter, DUI etc) &Acirc;&sect;18.2-36.2 (involuntary manslaughter, watercraft DUI etc) &Acirc;&sect;18.2-51.4 (DUI maiming)<br>&Acirc;&sect;18.2-51.5 (watercraft DUI maiming)<br>&Acirc;&sect;18.2-57.2 (DV)<br>&Acirc;&sect;18.2-266 (DUI)<br>&Acirc;&sect;46.2-341.24 (DUI commercial vehicle)<\/li><\/ul>There is no fee for indigent individuals. Indigent individuals may qualify for court-appointed counsel, to be compensated at no more than $120 per filing.A court may only issue a &#8220;sealing&#8221; order if:&Acirc;&nbsp;During a period after the date of (i) dismissal of a deferred charge, (ii) conviction, or (iii) release from incarceration of the charge or conviction set forth in the petition, whichever date occurred later, the person has not been convicted of an offense reportable to the CCRE, excluding traffic infractions under Title 46.2, for the following periods:<ol><li>Siete a\u00f1os por cualquier delito menor; o b. Diez a\u00f1os por cualquier delito grave.<\/li><\/ol>&Acirc;&nbsp;If the records relating to the offense indicate that the occurrence leading to the deferral or conviction involved the use or dependence upon alcohol or any narcotic drug or any other self-administered intoxicant or drug of whatsoever nature, the petitioner has demonstrated his rehabilitationThe petitioner has not previously obtained the sealing of two other deferrals or convictions arising out of different sentencing events; andThe continued existence and possible dissemination of information relating to the charge or conviction of the petitioner causes or may cause circumstances that constitute a manifest injustice to the petitioner.<em>Sellado autom\u00e1tico de condenas<\/em>Under &Acirc;&sect;19.2-392.6(B), if a person was convicted of a violation of any of the following sections, such conviction, including any records relating to such conviction, shall be ordered to be automatically sealed<ul><li>&Acirc;&sect; 4.1-305, &Acirc;&sect; 18.2-96, &Acirc;&sect; 18.2-103, &Acirc;&sect; 18.2-119, &Acirc;&sect; 18.2-120, or &Acirc;&sect; 18.2-134; a misdemeanor violation of &Acirc;&sect; 18.2-248.1; or &Acirc;&sect; 18.2-250.1 or &Acirc;&sect; 18.2-415.<\/li><\/ul>If Federal law prohibits DMV from sealing a record, DMV is not required to do so under 19.2-392.13.Automatic sealing under &Acirc;&sect;19.2-392.6(B) requires that seven years have passed since the date of the dismissal or conviction and the person charged with or convicted of such offense has not been convicted of an offense reportable to the CCRE, excluding traffic infractions under Title 46.2, during that time period. Automatic sealing under (A) is not available if, on the date of the deferral or dismissal, the person was convicted of another offense that is not eligible for automatic sealing under subsection A or B.No conviction listed under subsection B shall be automatically sealed if, on the date of the conviction, the person was convicted of another offense that is not eligible for automatic sealing under subsection A or B.The process, which takes place on at least a monthly basis, is established by &Acirc;&sect;19.2-392.7.<br>En resumen, la Polic\u00eda del Estado de Virginia revisa el CCRE para los delitos elegibles. A continuaci\u00f3n, la Polic\u00eda Estatal de Virginia env\u00eda la lista a la OES y a los Secretarios de los Tribunales de Circuito. A continuaci\u00f3n, la OES env\u00eda una lista a los Secretarios de los Tribunales de Circuito. A continuaci\u00f3n, el Presidente del Tribunal de Circuito dicta una orden. El Secretario del Tribunal de Circuito env\u00eda entonces la orden al VSP, y el VSP notifica a otras agencias y sella los registros.\t\t\n\t\t<h2>\n\t\t\tSellado autom\u00e1tico de la absoluci\u00f3n\/NP\/Dismissal\n\t\t<\/h2>\n\t\t\t<p>Under &Acirc;&sect;19.2-392.8, there is automatic sealing of offenses resulting in acquittal, nolle prosequi, or dismissal. If a person is charged with the commission of a misdemeanor offense, excluding traffic infractions under Title 46.2, and (i) the person is acquitted, (ii) a nolle prosequi is entered, or (iii) the charge is otherwise dismissed, excluding any charge that is deferred and dismissed after a finding of facts sufficient to justify a finding of guilt, the court disposing of the matter shall, at the time the acquittal, nolle prosequi, or dismissal is entered, order that the charge be automatically sealed.Under &Acirc;&sect;19.2-392.8, a party may object and stop automatic sealing at the time, if:<br>1. La acusaci\u00f3n es accesoria de otra acusaci\u00f3n que dio lugar a una condena o a una constataci\u00f3n de hechos suficientes para justificar una declaraci\u00f3n de culpabilidad;<br>2. Se dicta un nolle prosequi o se desestima la acusaci\u00f3n como parte de un acuerdo de culpabilidad;<br>3. Existe otra acusaci\u00f3n pendiente contra la persona por los mismos hechos y circunstancias;<br>4. La Commonwealth tiene la intenci\u00f3n de volver a presentar la acusaci\u00f3n o cualquier otra acusaci\u00f3n derivada de los mismos hechos y circunstancias en el plazo de tres meses;<br>5. Existe una causa justificada, establecida por la Commonwealth mediante una preponderancia de las pruebas, para que dicha acusaci\u00f3n no deba ser sellada autom\u00e1ticamente; o<br>6. La persona acusada del delito se opone a dicho precintado autom\u00e1tico.<\/p>\t\t\n\t\t<h2>\n\t\t\tV-15\n\t\t<\/h2>\n\t\t\t<p>However, on at least an annual basis, &Acirc;&sect;19.2-392.11 requires State Police to identify all persons with finalized misdemeanor case dispositions that resulted in (i) an acquittal, (ii) a nolle prosequi, or (iii) a dismissal, excluding any charge that was deferred and dismissed after a finding of facts sufficient to justify a finding of guilt, where the criminal history record of such person contains no convictions for any criminal offense and where such criminal history record contains no arrests or charges for a violation of any law in the past three years, excluding traffic infractions under Title 46.2. Such cases will be automatically sealed as well.Regarding felony offenses, under &Acirc;&sect;19.2-392.8(B), if a person is charged with the commission of a felony offense and is acquitted, or the charge against him is dismissed with prejudice, he may immediately upon the acquittal or dismissal orally request that the records relating to the charge be sealed. However, for that sealing to take place, the Court must have the concurrence of the attorney for the Commonwealth.&Acirc;&sect; 19.2-392.9 also provides for automatic sealing in cases of mistaken identity or unauthorized use of identity cases.<\/p>\t\t\n\n<\/body><\/html>","protected":false},"excerpt":{"rendered":"<p>Expungements &amp; Sealed Records Home &Acirc;&raquo; Expungements and Sealed Records Expungements and Sealed Records Finally, people with criminal records are often prevented them from obtaining gainful employment, but soon they can their record sealed or expunged.&Acirc;&nbsp;In 2021, the Virginia General Assembly passed a law to allow certain convicted individuals to expunge or seal their criminal&hellip;<\/p>","protected":false},"author":2,"featured_media":19484,"parent":0,"menu_order":0,"comment_status":"closed","ping_status":"closed","template":"","meta":{"footnotes":""},"class_list":["post-19295","page","type-page","status-publish","has-post-thumbnail","hentry"],"yoast_head":"<!-- This site is optimized with the Yoast SEO Premium plugin v27.2 (Yoast SEO v27.5) - https:\/\/yoast.com\/product\/yoast-seo-premium-wordpress\/ -->\n<title>Sealed Records Explained | Expungement Process by Wegman Law<\/title>\n<meta name=\"description\" content=\"Discover how the Expungement Process at Wegman Law can clear your record. Find out how to seal or expunge your criminal records today.\" \/>\n<meta name=\"robots\" content=\"index, follow, max-snippet:-1, max-image-preview:large, max-video-preview:-1\" \/>\n<link rel=\"canonical\" href=\"https:\/\/wegmanlaw.net\/es\/wp-json\/wp\/v2\/pages\/19295\" \/>\n<meta property=\"og:locale\" content=\"es_MX\" \/>\n<meta property=\"og:type\" content=\"article\" \/>\n<meta property=\"og:title\" content=\"Expungements &amp; Record Sealing - Clear Your Name with Wegman Law\" \/>\n<meta property=\"og:description\" content=\"Get a fresh start. Learn how our attorneys can help you with expungements and sealing your criminal record to move forward with your life.\" \/>\n<meta property=\"og:url\" content=\"https:\/\/wegmanlaw.net\/es\/expungements-and-sealed-records\/\" \/>\n<meta property=\"og:site_name\" content=\"Wegman Law\" \/>\n<meta property=\"article:publisher\" content=\"https:\/\/www.facebook.com\/profile.php?id=61572922497446\" \/>\n<meta property=\"article:modified_time\" content=\"2025-12-22T08:12:52+00:00\" \/>\n<meta property=\"og:image\" content=\"https:\/\/wegmanlaw.net\/wp-content\/uploads\/2025\/08\/Group-3-3-1.png\" \/>\n<meta name=\"twitter:card\" content=\"summary_large_image\" \/>\n<meta name=\"twitter:title\" content=\"Expungements &amp; Record Sealing - Clear Your Name with Wegman Law\" \/>\n<meta name=\"twitter:description\" content=\"Get a fresh start. Learn how our attorneys can help you with expungements and sealing your criminal record to move forward with your life.\" \/>\n<meta name=\"twitter:image\" content=\"https:\/\/wegmanlaw.net\/wp-content\/uploads\/2025\/08\/Group-3-3-1.png\" \/>\n<meta name=\"twitter:label1\" content=\"Tiempo de lectura\" \/>\n\t<meta name=\"twitter:data1\" content=\"8 minutos\" \/>\n<script type=\"application\/ld+json\" class=\"yoast-schema-graph\">{\"@context\":\"https:\\\/\\\/schema.org\",\"@graph\":[{\"@type\":\"WebPage\",\"@id\":\"https:\\\/\\\/wegmanlaw.net\\\/expungements-and-sealed-records\\\/\",\"url\":\"https:\\\/\\\/wegmanlaw.net\\\/expungements-and-sealed-records\\\/\",\"name\":\"Sealed Records Explained | Expungement Process by Wegman Law\",\"isPartOf\":{\"@id\":\"https:\\\/\\\/wegmanlaw.net\\\/#website\"},\"primaryImageOfPage\":{\"@id\":\"https:\\\/\\\/wegmanlaw.net\\\/expungements-and-sealed-records\\\/#primaryimage\"},\"image\":{\"@id\":\"https:\\\/\\\/wegmanlaw.net\\\/expungements-and-sealed-records\\\/#primaryimage\"},\"thumbnailUrl\":\"https:\\\/\\\/wegmanlaw.net\\\/wp-content\\\/uploads\\\/2025\\\/08\\\/Group-3-3-1.png?wsr\",\"datePublished\":\"2025-08-14T20:49:25+00:00\",\"dateModified\":\"2025-12-22T08:12:52+00:00\",\"description\":\"Discover how the Expungement Process at Wegman Law can clear your record. Find out how to seal or expunge your criminal records today.\",\"breadcrumb\":{\"@id\":\"https:\\\/\\\/wegmanlaw.net\\\/expungements-and-sealed-records\\\/#breadcrumb\"},\"inLanguage\":\"es\",\"potentialAction\":[{\"@type\":\"ReadAction\",\"target\":[\"https:\\\/\\\/wegmanlaw.net\\\/expungements-and-sealed-records\\\/\"]}]},{\"@type\":\"ImageObject\",\"inLanguage\":\"es\",\"@id\":\"https:\\\/\\\/wegmanlaw.net\\\/expungements-and-sealed-records\\\/#primaryimage\",\"url\":\"https:\\\/\\\/wegmanlaw.net\\\/wp-content\\\/uploads\\\/2025\\\/08\\\/Group-3-3-1.png?wsr\",\"contentUrl\":\"https:\\\/\\\/wegmanlaw.net\\\/wp-content\\\/uploads\\\/2025\\\/08\\\/Group-3-3-1.png?wsr\",\"width\":860,\"height\":717,\"caption\":\"Wooden gavel and brass scales on law books in a legal setting.\"},{\"@type\":\"BreadcrumbList\",\"@id\":\"https:\\\/\\\/wegmanlaw.net\\\/expungements-and-sealed-records\\\/#breadcrumb\",\"itemListElement\":[{\"@type\":\"ListItem\",\"position\":1,\"name\":\"Home\",\"item\":\"https:\\\/\\\/wegmanlaw.net\\\/\"},{\"@type\":\"ListItem\",\"position\":2,\"name\":\"Expungements and Sealed Records\"}]},{\"@type\":\"WebSite\",\"@id\":\"https:\\\/\\\/wegmanlaw.net\\\/#website\",\"url\":\"https:\\\/\\\/wegmanlaw.net\\\/\",\"name\":\"Wegman Law\",\"description\":\"We Solve Problems\",\"publisher\":{\"@id\":\"https:\\\/\\\/wegmanlaw.net\\\/#organization\"},\"potentialAction\":[{\"@type\":\"SearchAction\",\"target\":{\"@type\":\"EntryPoint\",\"urlTemplate\":\"https:\\\/\\\/wegmanlaw.net\\\/?s={search_term_string}\"},\"query-input\":{\"@type\":\"PropertyValueSpecification\",\"valueRequired\":true,\"valueName\":\"search_term_string\"}}],\"inLanguage\":\"es\"},{\"@type\":\"Organization\",\"@id\":\"https:\\\/\\\/wegmanlaw.net\\\/#organization\",\"name\":\"Wegman Law\",\"url\":\"https:\\\/\\\/wegmanlaw.net\\\/\",\"logo\":{\"@type\":\"ImageObject\",\"inLanguage\":\"es\",\"@id\":\"https:\\\/\\\/wegmanlaw.net\\\/#\\\/schema\\\/logo\\\/image\\\/\",\"url\":\"https:\\\/\\\/wegmanlaw.net\\\/wp-content\\\/uploads\\\/2025\\\/07\\\/Site-Logo.webp\",\"contentUrl\":\"https:\\\/\\\/wegmanlaw.net\\\/wp-content\\\/uploads\\\/2025\\\/07\\\/Site-Logo.webp\",\"width\":1195,\"height\":298,\"caption\":\"Wegman Law\"},\"image\":{\"@id\":\"https:\\\/\\\/wegmanlaw.net\\\/#\\\/schema\\\/logo\\\/image\\\/\"},\"sameAs\":[\"https:\\\/\\\/www.facebook.com\\\/profile.php?id=61572922497446\"]}]}<\/script>\n<!-- \/ Yoast SEO Premium plugin. -->","yoast_head_json":{"title":"Sealed Records Explained | Expungement Process by Wegman Law","description":"Discover how the Expungement Process at Wegman Law can clear your record. Find out how to seal or expunge your criminal records today.","robots":{"index":"index","follow":"follow","max-snippet":"max-snippet:-1","max-image-preview":"max-image-preview:large","max-video-preview":"max-video-preview:-1"},"canonical":"https:\/\/wegmanlaw.net\/es\/wp-json\/wp\/v2\/pages\/19295","og_locale":"es_MX","og_type":"article","og_title":"Expungements & Record Sealing - Clear Your Name with Wegman Law","og_description":"Get a fresh start. Learn how our attorneys can help you with expungements and sealing your criminal record to move forward with your life.","og_url":"https:\/\/wegmanlaw.net\/es\/expungements-and-sealed-records\/","og_site_name":"Wegman Law","article_publisher":"https:\/\/www.facebook.com\/profile.php?id=61572922497446","article_modified_time":"2025-12-22T08:12:52+00:00","og_image":[{"url":"https:\/\/wegmanlaw.net\/wp-content\/uploads\/2025\/08\/Group-3-3-1.png","type":"","width":"","height":""}],"twitter_card":"summary_large_image","twitter_title":"Expungements & Record Sealing - Clear Your Name with Wegman Law","twitter_description":"Get a fresh start. Learn how our attorneys can help you with expungements and sealing your criminal record to move forward with your life.","twitter_image":"https:\/\/wegmanlaw.net\/wp-content\/uploads\/2025\/08\/Group-3-3-1.png","twitter_misc":{"Tiempo de lectura":"8 minutos"},"schema":{"@context":"https:\/\/schema.org","@graph":[{"@type":"WebPage","@id":"https:\/\/wegmanlaw.net\/expungements-and-sealed-records\/","url":"https:\/\/wegmanlaw.net\/expungements-and-sealed-records\/","name":"Sealed Records Explained | Expungement Process by Wegman Law","isPartOf":{"@id":"https:\/\/wegmanlaw.net\/#website"},"primaryImageOfPage":{"@id":"https:\/\/wegmanlaw.net\/expungements-and-sealed-records\/#primaryimage"},"image":{"@id":"https:\/\/wegmanlaw.net\/expungements-and-sealed-records\/#primaryimage"},"thumbnailUrl":"https:\/\/wegmanlaw.net\/wp-content\/uploads\/2025\/08\/Group-3-3-1.png?wsr","datePublished":"2025-08-14T20:49:25+00:00","dateModified":"2025-12-22T08:12:52+00:00","description":"Discover how the Expungement Process at Wegman Law can clear your record. Find out how to seal or expunge your criminal records today.","breadcrumb":{"@id":"https:\/\/wegmanlaw.net\/expungements-and-sealed-records\/#breadcrumb"},"inLanguage":"es","potentialAction":[{"@type":"ReadAction","target":["https:\/\/wegmanlaw.net\/expungements-and-sealed-records\/"]}]},{"@type":"ImageObject","inLanguage":"es","@id":"https:\/\/wegmanlaw.net\/expungements-and-sealed-records\/#primaryimage","url":"https:\/\/wegmanlaw.net\/wp-content\/uploads\/2025\/08\/Group-3-3-1.png?wsr","contentUrl":"https:\/\/wegmanlaw.net\/wp-content\/uploads\/2025\/08\/Group-3-3-1.png?wsr","width":860,"height":717,"caption":"Wooden gavel and brass scales on law books in a legal setting."},{"@type":"BreadcrumbList","@id":"https:\/\/wegmanlaw.net\/expungements-and-sealed-records\/#breadcrumb","itemListElement":[{"@type":"ListItem","position":1,"name":"Home","item":"https:\/\/wegmanlaw.net\/"},{"@type":"ListItem","position":2,"name":"Expungements and Sealed Records"}]},{"@type":"WebSite","@id":"https:\/\/wegmanlaw.net\/#website","url":"https:\/\/wegmanlaw.net\/","name":"Ley Wegman","description":"Resolvemos problemas","publisher":{"@id":"https:\/\/wegmanlaw.net\/#organization"},"potentialAction":[{"@type":"SearchAction","target":{"@type":"EntryPoint","urlTemplate":"https:\/\/wegmanlaw.net\/?s={search_term_string}"},"query-input":{"@type":"PropertyValueSpecification","valueRequired":true,"valueName":"search_term_string"}}],"inLanguage":"es"},{"@type":"Organization","@id":"https:\/\/wegmanlaw.net\/#organization","name":"Ley Wegman","url":"https:\/\/wegmanlaw.net\/","logo":{"@type":"ImageObject","inLanguage":"es","@id":"https:\/\/wegmanlaw.net\/#\/schema\/logo\/image\/","url":"https:\/\/wegmanlaw.net\/wp-content\/uploads\/2025\/07\/Site-Logo.webp","contentUrl":"https:\/\/wegmanlaw.net\/wp-content\/uploads\/2025\/07\/Site-Logo.webp","width":1195,"height":298,"caption":"Wegman Law"},"image":{"@id":"https:\/\/wegmanlaw.net\/#\/schema\/logo\/image\/"},"sameAs":["https:\/\/www.facebook.com\/profile.php?id=61572922497446"]}]}},"_links":{"self":[{"href":"https:\/\/wegmanlaw.net\/es\/wp-json\/wp\/v2\/pages\/19295","targetHints":{"allow":["GET"]}}],"collection":[{"href":"https:\/\/wegmanlaw.net\/es\/wp-json\/wp\/v2\/pages"}],"about":[{"href":"https:\/\/wegmanlaw.net\/es\/wp-json\/wp\/v2\/types\/page"}],"author":[{"embeddable":true,"href":"https:\/\/wegmanlaw.net\/es\/wp-json\/wp\/v2\/users\/2"}],"replies":[{"embeddable":true,"href":"https:\/\/wegmanlaw.net\/es\/wp-json\/wp\/v2\/comments?post=19295"}],"version-history":[{"count":4,"href":"https:\/\/wegmanlaw.net\/es\/wp-json\/wp\/v2\/pages\/19295\/revisions"}],"predecessor-version":[{"id":19641,"href":"https:\/\/wegmanlaw.net\/es\/wp-json\/wp\/v2\/pages\/19295\/revisions\/19641"}],"wp:featuredmedia":[{"embeddable":true,"href":"https:\/\/wegmanlaw.net\/es\/wp-json\/wp\/v2\/media\/19484"}],"wp:attachment":[{"href":"https:\/\/wegmanlaw.net\/es\/wp-json\/wp\/v2\/media?parent=19295"}],"curies":[{"name":"wp","href":"https:\/\/api.w.org\/{rel}","templated":true}]}}