{"id":19319,"date":"2025-08-14T18:52:41","date_gmt":"2025-08-14T22:52:41","guid":{"rendered":"https:\/\/wegmanlaw.net\/?page_id=19319"},"modified":"2026-03-19T04:58:20","modified_gmt":"2026-03-19T08:58:20","slug":"misdemeanor-defense-attorney","status":"publish","type":"page","link":"https:\/\/wegmanlaw.net\/es\/misdemeanor-defense-attorney\/","title":{"rendered":"Abogado defensor de delitos menores"},"content":{"rendered":"<h1>\n\t\t\tDefensa de delitos menores en Virginia\n\t\t<\/h1>\n\t<nav id=\"breadcrumbs\" aria-label=\"Migas de pan\"><a href=\"https:\/\/wegmanlaw.net\/es\/\">Inicio<\/a> \u00bb Misdemeanor Defense Attorney<\/nav>\n\t\t<h2>\n\t\t\t\u00bfAcusado de un delito menor en Virginia? Usted necesita orientaci\u00f3n legal con experiencia.\n\t\t<\/h2>\n\t\t\t<p>Misdemeanors in Virginia fall into 4 classes (Classes 1-4). Class 1 and 2 carry the possibility of a jail sentence and Class 3 and 4 are subject to hefty fines. Even though misdemeanors are less serious than felonies, they can have long-lasting consequences that affect your job, reputation, and future and even your ability to possess and purchase a firearm.\u00a0Attorney Wegman has nearly three decades of courtroom experience defending clients and providing experienced legal guidance for a wide range of misdemeanor charges from domestic violence to reckless driving and DUIs. You name it, he&#8217;s done it.\u00a0<\/p>\t\t\n\t\t\t\t\t\t\t\t\t<img decoding=\"async\" src=\"https:\/\/wegmanlaw.net\/wp-content\/uploads\/2025\/08\/misdemeanor-2.png\" alt=\"A person signing a document with a pen on a desk.\" itemprop=\"image\" height=\"717\" width=\"860\" srcset=\"https:\/\/wegmanlaw.net\/wp-content\/uploads\/2025\/08\/misdemeanor-2.png 860w, https:\/\/wegmanlaw.net\/wp-content\/uploads\/2025\/08\/misdemeanor-2-300x250.png 300w, https:\/\/wegmanlaw.net\/wp-content\/uploads\/2025\/08\/misdemeanor-2-768x640.png 768w\" sizes=\"(max-width: 860px) 100vw, 860px\" title=\"delito menor (2)\" onerror=\"this.style.display='none'\" class=\"no-lazyload\" \/>\n\t\t\t\t\t\t\t\t\t<img decoding=\"async\" src=\"https:\/\/wegmanlaw.net\/wp-content\/uploads\/2025\/08\/misdemeanor-3.png\" alt=\"A judge&#039;s gavel resting on a thick book, symbolizing law.\" itemprop=\"image\" height=\"717\" width=\"860\" srcset=\"https:\/\/wegmanlaw.net\/wp-content\/uploads\/2025\/08\/misdemeanor-3.png 860w, https:\/\/wegmanlaw.net\/wp-content\/uploads\/2025\/08\/misdemeanor-3-300x250.png 300w, https:\/\/wegmanlaw.net\/wp-content\/uploads\/2025\/08\/misdemeanor-3-768x640.png 768w\" sizes=\"(max-width: 860px) 100vw, 860px\" title=\"delito menor (3)\" onerror=\"this.style.display='none'\" class=\"no-lazyload\" \/>\n\t\t<h2>\n\t\t\t\u00bfQu\u00e9 es un delito menor?\n\t\t<\/h2>\n\t\t\t<p>En Virginia, un delito menor es cualquier infracci\u00f3n penal que conlleve una pena de c\u00e1rcel potencial de <b>12 meses o menos<\/b>.Misdemeanors are divided into <b>cuatro categor\u00edas<\/b>:<strong><a href=\"https:\/\/www.governmentregistry.org\/criminal-records\/misdemeanor\/virginia\" target=\"_blank\" rel=\"noopener\">Delito menor de clase 4<\/a>:<\/strong> Fino hasta $250\u00a0<strong><a href=\"https:\/\/www.governmentregistry.org\/criminal-records\/misdemeanor\/virginia\" target=\"_blank\" rel=\"noopener\">Delito menor de clase 3<\/a>:<\/strong> Fino hasta $500 <strong><a href=\"https:\/\/www.governmentregistry.org\/criminal-records\/misdemeanor\/virginia\" target=\"_blank\" rel=\"noopener\">Delito menor de clase 2<\/a>:<\/strong> C\u00e1rcel hasta 6 meses, multa hasta $1,000\u00a0<strong><a href=\"https:\/\/www.governmentregistry.org\/criminal-records\/misdemeanor\/virginia\" target=\"_blank\" rel=\"noopener\">Delito menor de clase 1<\/a>:<\/strong> Jail up to 12 months, fine up to $2,500 Some charges are <b>&#8220;unclassified misdemeanors&#8221;<\/b> con penas \u00fanicas, como la posesi\u00f3n de marihuana, que puede oscilar entre 30 d\u00edas y 12 meses de c\u00e1rcel en funci\u00f3n de los delitos anteriores.<\/p>\t\t\n\t\t<h2>\n\t\t\tConsecuencias colaterales de una condena por delito menor\n\t\t<\/h2>\n\t\t\t<p>Aunque los delitos menores no pueden privar de derechos civiles como el voto, a menudo conllevan consecuencias colaterales, entre ellas:<ul><li>Driver&#8217;s license suspension (common in DUI\/DWI cases)<\/li><li>P\u00e9rdida del derecho a portar o poseer un arma de fuego<\/li><li>Libertad condicional o requisitos obligatorios de buena conducta<\/li><li>P\u00e9rdida de empleo o baja militar (especialmente por conducir bajo los efectos del alcohol o de forma temeraria).<\/li><li>Antecedentes penales permanentes visibles para futuros empleadores<\/li><\/ul>A single misdemeanor can follow a person for years. That&#8217;s why experienced legal representation is critical.<\/p>\t\t\n\t\t\t\t\t\t\t\t\t<img decoding=\"async\" src=\"https:\/\/wegmanlaw.net\/wp-content\/uploads\/2025\/08\/misdemeanor-1.png\" alt=\"A handgun resting on a pair of metallic handcuffs on a green surface.\" itemprop=\"image\" height=\"717\" width=\"860\" srcset=\"https:\/\/wegmanlaw.net\/wp-content\/uploads\/2025\/08\/misdemeanor-1.png 860w, https:\/\/wegmanlaw.net\/wp-content\/uploads\/2025\/08\/misdemeanor-1-300x250.png 300w, https:\/\/wegmanlaw.net\/wp-content\/uploads\/2025\/08\/misdemeanor-1-768x640.png 768w\" sizes=\"(max-width: 860px) 100vw, 860px\" title=\"delito menor (1)\" onerror=\"this.style.display='none'\" class=\"no-lazyload\" \/>\n\t\t\t\t\t\t\t\t\t<img decoding=\"async\" src=\"https:\/\/wegmanlaw.net\/wp-content\/uploads\/2025\/08\/misdemeanor-4.png\" alt=\"Scales of justice in an empty courtroom&#039;s judge bench.\" itemprop=\"image\" height=\"717\" width=\"860\" srcset=\"https:\/\/wegmanlaw.net\/wp-content\/uploads\/2025\/08\/misdemeanor-4.png 860w, https:\/\/wegmanlaw.net\/wp-content\/uploads\/2025\/08\/misdemeanor-4-300x250.png 300w, https:\/\/wegmanlaw.net\/wp-content\/uploads\/2025\/08\/misdemeanor-4-768x640.png 768w\" sizes=\"(max-width: 860px) 100vw, 860px\" title=\"delito menor (4)\" onerror=\"this.style.display='none'\" class=\"no-lazyload\" \/>\n\t\t<h2>\n\t\t\tTipos de Casos de Delitos Menores que el Abogado Wegman Defiende\n\t\t<\/h2>\n\t\tMisdemeanor Charges Against a Person\t\t\t\n\t\t\t\tDomestic Assault &amp; Battery<br \/>\nAgresi\u00f3n y lesiones<br \/>\nStalking\n\t\tTraffic Misdemeanors\t\t\t\n\t\t\t\tReckless Driving<br \/>\nDUI \/ DWI<br \/>\nAtropello y fuga<br \/>\nEluding Police\n\t\tMisdemeanors Against Property\t\t\t\n\t\t\t\tPetit Larceny<br \/>\nDa\u00f1os materiales<br \/>\nDestruction of a Monument\n\t\tDrug Misdemeanors\t\t\t\n\t\t\t\t<p>Posesi\u00f3n con intenci\u00f3n de distribuir Marihuana<br \/>Distribuci\u00f3n de marihuana<br \/>Posesi\u00f3n de material para el consumo de drogas\u00a0<\/p>\n\t\tOther Misdemeanors\t\t\t\n\t\t\t\tAnimal Abuse<br \/>\nConducta desordenada<br \/>\nAllanamiento de morada\n\t\t<h2>\n\t\t\t\u00bfPor qu\u00e9 elegir al abogado Wegman?\n\t\t<\/h2>\n\t\t\t<p>With 29 years of litigation experience, Attorney Wegman knows how to aggressively defend clients in misdemeanor cases. He doesn&#8217;t back down and fears nothing.He understands the strategies prosecutors use and works to minimize or eliminate the lasting impact of a conviction.<\/p>\t\t\n\t\t\t\t\t\t\t\t\t<img decoding=\"async\" src=\"https:\/\/wegmanlaw.net\/wp-content\/uploads\/2025\/08\/misdemeanor-5.png\" alt=\"Businessman in handcuffs symbolizing legal or corporate consequences.\" itemprop=\"image\" height=\"717\" width=\"860\" srcset=\"https:\/\/wegmanlaw.net\/wp-content\/uploads\/2025\/08\/misdemeanor-5.png 860w, https:\/\/wegmanlaw.net\/wp-content\/uploads\/2025\/08\/misdemeanor-5-300x250.png 300w, https:\/\/wegmanlaw.net\/wp-content\/uploads\/2025\/08\/misdemeanor-5-768x640.png 768w\" sizes=\"(max-width: 860px) 100vw, 860px\" title=\"delito menor (5)\" onerror=\"this.style.display='none'\" class=\"no-lazyload\" \/>\n\t\t<h2>\n\t\t\tTake Action Now\n\t\t\t\t\t\t\t\t\t\t\tCriminal Charges Alone\n\t\t<\/h2>\n\t\t\t<p>If you&#8217;ve been charged with a misdemeanor-or are under investigation-don&#8217;t wait. The sooner you act, the stronger your defense will be. Call Attorney Wegman today at 757.482.5205 for a confidential consultation. <\/p>\n\t\t\t<a href=\"\/es\/contact-us\/\" target=\"_self\">\n\t\t\t\t\t\t\tSolicitar una cita\n\t\t\t\t\t<\/a>","protected":false},"excerpt":{"rendered":"<p>Misdemeanor Defense in Virginia Home \u00bb Misdemeanor Defense Attorney Charged with a Misdemeanor in Virginia? You need experienced legal guidance. Misdemeanors in Virginia fall into 4 classes (Classes 1-4). Class 1 and 2 carry the possibility of a jail sentence and Class 3 and 4 are subject to hefty fines. Even though misdemeanors are less&hellip;<\/p>","protected":false},"author":2,"featured_media":19483,"parent":0,"menu_order":0,"comment_status":"closed","ping_status":"closed","template":"","meta":{"footnotes":""},"class_list":["post-19319","page","type-page","status-publish","has-post-thumbnail","hentry"],"yoast_head":"<!-- This site is optimized with the Yoast SEO Premium plugin v27.2 (Yoast SEO v27.5) - https:\/\/yoast.com\/product\/yoast-seo-premium-wordpress\/ -->\n<title>Misdemeanor Defense Attorney | Misdemeanor Defense in Virginia by Wegman Law<\/title>\n<meta name=\"description\" content=\"Act now for Misdemeanor Defense in Virginia with Wegman Law. Ensure your rights and future are protected. Call today!\" \/>\n<meta name=\"robots\" content=\"index, follow, max-snippet:-1, max-image-preview:large, max-video-preview:-1\" \/>\n<link rel=\"canonical\" href=\"https:\/\/wegmanlaw.net\/es\/wp-json\/wp\/v2\/pages\/19319\" \/>\n<meta property=\"og:locale\" content=\"es_MX\" \/>\n<meta property=\"og:type\" content=\"article\" \/>\n<meta property=\"og:title\" content=\"Misdemeanor Defense Attorney - Wegman Law\" \/>\n<meta property=\"og:description\" content=\"Charged with a misdemeanor in Virginia? Attorney Wegman provides experienced defense to protect your rights. Call today for a consultation.\" \/>\n<meta property=\"og:url\" content=\"https:\/\/wegmanlaw.net\/es\/misdemeanor-defense-attorney\/\" \/>\n<meta property=\"og:site_name\" content=\"Wegman Law\" \/>\n<meta property=\"article:publisher\" content=\"https:\/\/www.facebook.com\/profile.php?id=61572922497446\" \/>\n<meta property=\"article:modified_time\" content=\"2026-03-19T08:58:20+00:00\" \/>\n<meta property=\"og:image\" content=\"https:\/\/wegmanlaw.net\/wp-content\/uploads\/2025\/08\/misdemeanor-2-1.png\" \/>\n<meta name=\"twitter:card\" content=\"summary_large_image\" \/>\n<meta name=\"twitter:title\" content=\"Misdemeanor Defense Attorney - Wegman Law\" \/>\n<meta name=\"twitter:description\" content=\"Charged with a misdemeanor in Virginia? Attorney Wegman provides experienced defense to protect your rights. Call today for a consultation.\" \/>\n<meta name=\"twitter:image\" content=\"https:\/\/wegmanlaw.net\/wp-content\/uploads\/2025\/08\/misdemeanor-2-1.png\" \/>\n<meta name=\"twitter:label1\" content=\"Tiempo de lectura\" \/>\n\t<meta name=\"twitter:data1\" content=\"3 minutos\" \/>\n<script type=\"application\/ld+json\" class=\"yoast-schema-graph\">{\"@context\":\"https:\\\/\\\/schema.org\",\"@graph\":[{\"@type\":\"WebPage\",\"@id\":\"https:\\\/\\\/wegmanlaw.net\\\/misdemeanor-defense-attorney\\\/\",\"url\":\"https:\\\/\\\/wegmanlaw.net\\\/misdemeanor-defense-attorney\\\/\",\"name\":\"Misdemeanor Defense Attorney | Misdemeanor Defense in Virginia by Wegman Law\",\"isPartOf\":{\"@id\":\"https:\\\/\\\/wegmanlaw.net\\\/#website\"},\"primaryImageOfPage\":{\"@id\":\"https:\\\/\\\/wegmanlaw.net\\\/misdemeanor-defense-attorney\\\/#primaryimage\"},\"image\":{\"@id\":\"https:\\\/\\\/wegmanlaw.net\\\/misdemeanor-defense-attorney\\\/#primaryimage\"},\"thumbnailUrl\":\"https:\\\/\\\/wegmanlaw.net\\\/wp-content\\\/uploads\\\/2025\\\/08\\\/misdemeanor-2-1.png?wsr\",\"datePublished\":\"2025-08-14T22:52:41+00:00\",\"dateModified\":\"2026-03-19T08:58:20+00:00\",\"description\":\"Act now for Misdemeanor Defense in Virginia with Wegman Law. Ensure your rights and future are protected. Call today!\",\"breadcrumb\":{\"@id\":\"https:\\\/\\\/wegmanlaw.net\\\/misdemeanor-defense-attorney\\\/#breadcrumb\"},\"inLanguage\":\"es\",\"potentialAction\":[{\"@type\":\"ReadAction\",\"target\":[\"https:\\\/\\\/wegmanlaw.net\\\/misdemeanor-defense-attorney\\\/\"]}]},{\"@type\":\"ImageObject\",\"inLanguage\":\"es\",\"@id\":\"https:\\\/\\\/wegmanlaw.net\\\/misdemeanor-defense-attorney\\\/#primaryimage\",\"url\":\"https:\\\/\\\/wegmanlaw.net\\\/wp-content\\\/uploads\\\/2025\\\/08\\\/misdemeanor-2-1.png?wsr\",\"contentUrl\":\"https:\\\/\\\/wegmanlaw.net\\\/wp-content\\\/uploads\\\/2025\\\/08\\\/misdemeanor-2-1.png?wsr\",\"width\":860,\"height\":717,\"caption\":\"A person in a suit writing with a pen at a desk with legal stamps and documents.\"},{\"@type\":\"BreadcrumbList\",\"@id\":\"https:\\\/\\\/wegmanlaw.net\\\/misdemeanor-defense-attorney\\\/#breadcrumb\",\"itemListElement\":[{\"@type\":\"ListItem\",\"position\":1,\"name\":\"Home\",\"item\":\"https:\\\/\\\/wegmanlaw.net\\\/\"},{\"@type\":\"ListItem\",\"position\":2,\"name\":\"Misdemeanor Defense Attorney\"}]},{\"@type\":\"WebSite\",\"@id\":\"https:\\\/\\\/wegmanlaw.net\\\/#website\",\"url\":\"https:\\\/\\\/wegmanlaw.net\\\/\",\"name\":\"Wegman Law\",\"description\":\"We Solve Problems\",\"publisher\":{\"@id\":\"https:\\\/\\\/wegmanlaw.net\\\/#organization\"},\"potentialAction\":[{\"@type\":\"SearchAction\",\"target\":{\"@type\":\"EntryPoint\",\"urlTemplate\":\"https:\\\/\\\/wegmanlaw.net\\\/?s={search_term_string}\"},\"query-input\":{\"@type\":\"PropertyValueSpecification\",\"valueRequired\":true,\"valueName\":\"search_term_string\"}}],\"inLanguage\":\"es\"},{\"@type\":\"Organization\",\"@id\":\"https:\\\/\\\/wegmanlaw.net\\\/#organization\",\"name\":\"Wegman Law\",\"url\":\"https:\\\/\\\/wegmanlaw.net\\\/\",\"logo\":{\"@type\":\"ImageObject\",\"inLanguage\":\"es\",\"@id\":\"https:\\\/\\\/wegmanlaw.net\\\/#\\\/schema\\\/logo\\\/image\\\/\",\"url\":\"https:\\\/\\\/wegmanlaw.net\\\/wp-content\\\/uploads\\\/2025\\\/07\\\/Site-Logo.webp\",\"contentUrl\":\"https:\\\/\\\/wegmanlaw.net\\\/wp-content\\\/uploads\\\/2025\\\/07\\\/Site-Logo.webp\",\"width\":1195,\"height\":298,\"caption\":\"Wegman Law\"},\"image\":{\"@id\":\"https:\\\/\\\/wegmanlaw.net\\\/#\\\/schema\\\/logo\\\/image\\\/\"},\"sameAs\":[\"https:\\\/\\\/www.facebook.com\\\/profile.php?id=61572922497446\"]}]}<\/script>\n<!-- \/ Yoast SEO Premium plugin. -->","yoast_head_json":{"title":"Misdemeanor Defense Attorney | Misdemeanor Defense in Virginia by Wegman Law","description":"Act now for Misdemeanor Defense in Virginia with Wegman Law. Ensure your rights and future are protected. Call today!","robots":{"index":"index","follow":"follow","max-snippet":"max-snippet:-1","max-image-preview":"max-image-preview:large","max-video-preview":"max-video-preview:-1"},"canonical":"https:\/\/wegmanlaw.net\/es\/wp-json\/wp\/v2\/pages\/19319","og_locale":"es_MX","og_type":"article","og_title":"Misdemeanor Defense Attorney - Wegman Law","og_description":"Charged with a misdemeanor in Virginia? Attorney Wegman provides experienced defense to protect your rights. Call today for a consultation.","og_url":"https:\/\/wegmanlaw.net\/es\/misdemeanor-defense-attorney\/","og_site_name":"Wegman Law","article_publisher":"https:\/\/www.facebook.com\/profile.php?id=61572922497446","article_modified_time":"2026-03-19T08:58:20+00:00","og_image":[{"url":"https:\/\/wegmanlaw.net\/wp-content\/uploads\/2025\/08\/misdemeanor-2-1.png","type":"","width":"","height":""}],"twitter_card":"summary_large_image","twitter_title":"Misdemeanor Defense Attorney - Wegman Law","twitter_description":"Charged with a misdemeanor in Virginia? Attorney Wegman provides experienced defense to protect your rights. Call today for a consultation.","twitter_image":"https:\/\/wegmanlaw.net\/wp-content\/uploads\/2025\/08\/misdemeanor-2-1.png","twitter_misc":{"Tiempo de lectura":"3 minutos"},"schema":{"@context":"https:\/\/schema.org","@graph":[{"@type":"WebPage","@id":"https:\/\/wegmanlaw.net\/misdemeanor-defense-attorney\/","url":"https:\/\/wegmanlaw.net\/misdemeanor-defense-attorney\/","name":"Misdemeanor Defense Attorney | Misdemeanor Defense in Virginia by Wegman Law","isPartOf":{"@id":"https:\/\/wegmanlaw.net\/#website"},"primaryImageOfPage":{"@id":"https:\/\/wegmanlaw.net\/misdemeanor-defense-attorney\/#primaryimage"},"image":{"@id":"https:\/\/wegmanlaw.net\/misdemeanor-defense-attorney\/#primaryimage"},"thumbnailUrl":"https:\/\/wegmanlaw.net\/wp-content\/uploads\/2025\/08\/misdemeanor-2-1.png?wsr","datePublished":"2025-08-14T22:52:41+00:00","dateModified":"2026-03-19T08:58:20+00:00","description":"Act now for Misdemeanor Defense in Virginia with Wegman Law. Ensure your rights and future are protected. Call today!","breadcrumb":{"@id":"https:\/\/wegmanlaw.net\/misdemeanor-defense-attorney\/#breadcrumb"},"inLanguage":"es","potentialAction":[{"@type":"ReadAction","target":["https:\/\/wegmanlaw.net\/misdemeanor-defense-attorney\/"]}]},{"@type":"ImageObject","inLanguage":"es","@id":"https:\/\/wegmanlaw.net\/misdemeanor-defense-attorney\/#primaryimage","url":"https:\/\/wegmanlaw.net\/wp-content\/uploads\/2025\/08\/misdemeanor-2-1.png?wsr","contentUrl":"https:\/\/wegmanlaw.net\/wp-content\/uploads\/2025\/08\/misdemeanor-2-1.png?wsr","width":860,"height":717,"caption":"A person in a suit writing with a pen at a desk with legal stamps and documents."},{"@type":"BreadcrumbList","@id":"https:\/\/wegmanlaw.net\/misdemeanor-defense-attorney\/#breadcrumb","itemListElement":[{"@type":"ListItem","position":1,"name":"Home","item":"https:\/\/wegmanlaw.net\/"},{"@type":"ListItem","position":2,"name":"Misdemeanor Defense Attorney"}]},{"@type":"WebSite","@id":"https:\/\/wegmanlaw.net\/#website","url":"https:\/\/wegmanlaw.net\/","name":"Ley Wegman","description":"Resolvemos problemas","publisher":{"@id":"https:\/\/wegmanlaw.net\/#organization"},"potentialAction":[{"@type":"SearchAction","target":{"@type":"EntryPoint","urlTemplate":"https:\/\/wegmanlaw.net\/?s={search_term_string}"},"query-input":{"@type":"PropertyValueSpecification","valueRequired":true,"valueName":"search_term_string"}}],"inLanguage":"es"},{"@type":"Organization","@id":"https:\/\/wegmanlaw.net\/#organization","name":"Ley Wegman","url":"https:\/\/wegmanlaw.net\/","logo":{"@type":"ImageObject","inLanguage":"es","@id":"https:\/\/wegmanlaw.net\/#\/schema\/logo\/image\/","url":"https:\/\/wegmanlaw.net\/wp-content\/uploads\/2025\/07\/Site-Logo.webp","contentUrl":"https:\/\/wegmanlaw.net\/wp-content\/uploads\/2025\/07\/Site-Logo.webp","width":1195,"height":298,"caption":"Wegman Law"},"image":{"@id":"https:\/\/wegmanlaw.net\/#\/schema\/logo\/image\/"},"sameAs":["https:\/\/www.facebook.com\/profile.php?id=61572922497446"]}]}},"_links":{"self":[{"href":"https:\/\/wegmanlaw.net\/es\/wp-json\/wp\/v2\/pages\/19319","targetHints":{"allow":["GET"]}}],"collection":[{"href":"https:\/\/wegmanlaw.net\/es\/wp-json\/wp\/v2\/pages"}],"about":[{"href":"https:\/\/wegmanlaw.net\/es\/wp-json\/wp\/v2\/types\/page"}],"author":[{"embeddable":true,"href":"https:\/\/wegmanlaw.net\/es\/wp-json\/wp\/v2\/users\/2"}],"replies":[{"embeddable":true,"href":"https:\/\/wegmanlaw.net\/es\/wp-json\/wp\/v2\/comments?post=19319"}],"version-history":[{"count":5,"href":"https:\/\/wegmanlaw.net\/es\/wp-json\/wp\/v2\/pages\/19319\/revisions"}],"predecessor-version":[{"id":19608,"href":"https:\/\/wegmanlaw.net\/es\/wp-json\/wp\/v2\/pages\/19319\/revisions\/19608"}],"wp:featuredmedia":[{"embeddable":true,"href":"https:\/\/wegmanlaw.net\/es\/wp-json\/wp\/v2\/media\/19483"}],"wp:attachment":[{"href":"https:\/\/wegmanlaw.net\/es\/wp-json\/wp\/v2\/media?parent=19319"}],"curies":[{"name":"wp","href":"https:\/\/api.w.org\/{rel}","templated":true}]}}