{"id":19541,"date":"2025-09-24T05:57:02","date_gmt":"2025-09-24T09:57:02","guid":{"rendered":"https:\/\/wegmanlaw.net\/?page_id=19541"},"modified":"2025-12-22T04:35:35","modified_gmt":"2025-12-22T08:35:35","slug":"personal-injury-medical-malpractice","status":"publish","type":"page","link":"https:\/\/wegmanlaw.net\/es\/personal-injury-medical-malpractice\/","title":{"rendered":"Lesiones personales \/ Negligencias m\u00e9dicas"},"content":{"rendered":"<h1>\n\t\t\tLesiones personales \/ Negligencias m\u00e9dicas\n\t\t<\/h1>\n\t<nav id=\"breadcrumbs\" aria-label=\"Migas de pan\"><a href=\"https:\/\/wegmanlaw.net\/es\/\">Inicio<\/a> \u00bb Lesiones personales \/ Negligencia m\u00e9dica<\/nav>\n\t\t<h2>\n\t\t\tAbogado de negligencia y mala praxis sanitaria\n\t\t<\/h2>\n\t\t\tLas leyes de Virginia y Carolina del Norte exigen que los m\u00e9dicos, enfermeros y otros profesionales sanitarios se atengan a unas normas de atenci\u00f3n cuando prestan servicios m\u00e9dicos, de enfermer\u00eda o de asistencia sanitaria.<br \/>La ley permite a las personas obtener una indemnizaci\u00f3n si han sufrido lesiones o han fallecido como consecuencia de la negligencia m\u00e9dica de un profesional sanitario. La negligencia m\u00e9dica puede darse de diversas formas, entre ellas:<ul data-indent-level=\"1\"><li>Diagn\u00f3stico err\u00f3neo o retrasado<\/li><li>Errores quir\u00fargicos<\/li><li>Errores de medicaci\u00f3n<\/li><li>No obtenci\u00f3n del consentimiento informado<\/li><li>No tratar o derivar a un especialista<\/li><\/ul>La negligencia m\u00e9dica puede dar lugar a una amplia gama de lesiones, incluyendo:<ul data-indent-level=\"1\"><li>Lesiones cerebrales traum\u00e1ticas<\/li><li>Amputaciones<\/li><li>Infecciones<\/li><li>Lesiones de nacimiento<\/li><li>Trastorno de estr\u00e9s postraum\u00e1tico (TEPT)<\/li><\/ul>Estas lesiones pueden ser graves y alterar la vida, requiriendo tratamiento m\u00e9dico y rehabilitaci\u00f3n a largo plazo. Los casos de negligencia m\u00e9dica son muy dif\u00edciles y complejos. Por lo tanto, requieren un abogado con experiencia que comprenda las cuestiones legales y m\u00e9dicas involucradas. Con una enfermera consultora legal en su equipo, Wegman Law se compromete a ofrecer una representaci\u00f3n de alta calidad en su demanda por negligencia m\u00e9dica.Hemos llevado con \u00e9xito muchos casos de negligencia m\u00e9dica en Virginia y Carolina del Norte. Muchos de estos casos han involucrado lesiones personales y muerte por negligencia causadas por negligencia en las \u00e1reas de cirug\u00eda, anestesiolog\u00eda, atenci\u00f3n m\u00e9dica domiciliaria, radiolog\u00eda, medicina ortop\u00e9dica y productos farmac\u00e9uticos. El bufete de abogados Wegmen Law cuenta con expertos calificados, muchos de los cuales son m\u00e9dicos de renombre en hospitales universitarios de Virginia y Carolina del Norte, para presentar su caso de la manera m\u00e1s eficaz.\t\t\n\t\t\t\t\t\t\t\t\t<img decoding=\"async\" src=\"https:\/\/wegmanlaw.net\/wp-content\/uploads\/2025\/09\/fmf_j9xKQ0k.jpg\" alt=\"fm=f_j9xKQ0k\" itemprop=\"image\" height=\"768\" width=\"1365\" srcset=\"https:\/\/wegmanlaw.net\/wp-content\/uploads\/2025\/09\/fmf_j9xKQ0k.jpg 1365w, https:\/\/wegmanlaw.net\/wp-content\/uploads\/2025\/09\/fmf_j9xKQ0k-300x169.jpg 300w, https:\/\/wegmanlaw.net\/wp-content\/uploads\/2025\/09\/fmf_j9xKQ0k-1024x576.jpg 1024w, https:\/\/wegmanlaw.net\/wp-content\/uploads\/2025\/09\/fmf_j9xKQ0k-768x432.jpg 768w\" sizes=\"(max-width: 1365px) 100vw, 1365px\" title=\"fm=f_j9xKQ0k\" onerror=\"this.style.display='none'\" class=\"no-lazyload\" \/>\n\t\t<h2>\n\t\t\tAbogado de lesiones personales\n\t\t<\/h2>\n\t\t\tLas lesiones personales se refieren a cualquier da\u00f1o f\u00edsico o mental causado a una persona por la negligencia o las acciones intencionadas de otra parte. Si ha resultado lesionado debido a las acciones de otra persona, puede tener derecho a una indemnizaci\u00f3n por sus lesiones, salarios perdidos y otros da\u00f1os.Nuestros abogados pueden ayudarle si ha resultado lesionado por la negligencia de otra persona, ya sea en un accidente automovil\u00edstico, un accidente de cami\u00f3n o cami\u00f3n con remolque, un accidente de motocicleta, un accidente de barco, un resbal\u00f3n y ca\u00edda, un incidente con servicios p\u00fablicos o privados, o un producto defectuoso. Wegman Law se ha labrado su reputaci\u00f3n ofreciendo resultados de calidad, gracias a su incansable y tenaz defensa de los clientes en Virginia y Carolina del Norte. Los casos de lesiones personales pueden surgir de diversas situaciones, tales como:<ul data-indent-level=\"1\"><li>Lesiones cerebrales<\/li><li>Accidentes de cami\u00f3n<\/li><li>Accidentes de tr\u00e1fico<\/li><li>Accidentes de moto<\/li><li>Accidentes laborales<\/li><li>Muerte por negligencia<\/li><li>Accidentes de barco y moto acu\u00e1tica<\/li><li>Resbalones y ca\u00eddas<\/li><li>Cicatrices, quemaduras y desfiguraciones<\/li><li>Producto defectuoso<\/li><li>Reclamaciones contra la polic\u00eda y el sheriff<\/li><li>y Fuerzas y Cuerpos de Seguridad<\/li><li>Accidentes de animadoras y gimnastas<\/li><\/ul>Los casos de lesiones personales pueden dar lugar a una amplia gama de lesiones, incluyendo:<ul data-indent-level=\"1\"><li>Lesiones cerebrales traum\u00e1ticas<\/li><li>Lesiones medulares<\/li><li>Huesos rotos<\/li><li>Lesiones de tejidos blandos<\/li><li>Angustia emocional<\/li><\/ul>Estas lesiones pueden ser graves y alterar la vida, y requerir tratamiento m\u00e9dico y rehabilitaci\u00f3n a largo plazo.<strong>Por qu\u00e9 necesita un abogado de lesiones personales<\/strong>Los casos de lesiones personales pueden ser complejos y dif\u00edciles de manejar. Usted necesita un abogado de lesiones personales con experiencia que entienda las cuestiones legales involucradas en los casos de lesiones personales.","protected":false},"excerpt":{"rendered":"<p>Lesiones personales \/ Negligencia m\u00e9dica Inicio \u00bb Lesiones personales \/ Negligencia m\u00e9dica Abogado especializado en negligencia y mala praxis sanitaria Las leyes de Virginia y Carolina del Norte exigen que los m\u00e9dicos, enfermeros y otros profesionales sanitarios cumplan con un est\u00e1ndar de atenci\u00f3n al prestar servicios m\u00e9dicos, de enfermer\u00eda o sanitarios. La ley permite a las personas obtener una indemnizaci\u00f3n si han sufrido lesiones o...<\/p>","protected":false},"author":2,"featured_media":0,"parent":0,"menu_order":0,"comment_status":"closed","ping_status":"closed","template":"","meta":{"footnotes":""},"class_list":["post-19541","page","type-page","status-publish","hentry"],"yoast_head":"<!-- This site is optimized with the Yoast SEO Premium plugin v27.2 (Yoast SEO v27.5) - https:\/\/yoast.com\/product\/yoast-seo-premium-wordpress\/ -->\n<title>Personal Injury Medical Malpractice | Lawyer from Wegman Law<\/title>\n<meta name=\"description\" content=\"Protect your rights with a Medical Negligence Lawyer from Wegman Law. Our expertise in malpractice cases. Call us.\" \/>\n<meta name=\"robots\" content=\"index, follow, max-snippet:-1, max-image-preview:large, max-video-preview:-1\" \/>\n<link rel=\"canonical\" href=\"https:\/\/wegmanlaw.net\/es\/wp-json\/wp\/v2\/pages\/19541\" \/>\n<meta property=\"og:locale\" content=\"es_MX\" \/>\n<meta property=\"og:type\" content=\"article\" \/>\n<meta property=\"og:title\" content=\"Personal Injury \/ Medical Malpractice\" \/>\n<meta property=\"og:description\" content=\"Protect your rights with a Medical Negligence Lawyer from Wegman Law. Our expertise in malpractice cases. Call us.\" \/>\n<meta property=\"og:url\" content=\"https:\/\/wegmanlaw.net\/es\/personal-injury-medical-malpractice\/\" \/>\n<meta property=\"og:site_name\" content=\"Wegman Law\" \/>\n<meta property=\"article:publisher\" content=\"https:\/\/www.facebook.com\/profile.php?id=61572922497446\" \/>\n<meta property=\"article:modified_time\" content=\"2025-12-22T08:35:35+00:00\" \/>\n<meta property=\"og:image\" content=\"https:\/\/wegmanlaw.net\/wp-content\/uploads\/2025\/09\/fmf_j9xKQ0k.jpg\" \/>\n<meta name=\"twitter:card\" content=\"summary_large_image\" \/>\n<meta name=\"twitter:label1\" content=\"Tiempo de lectura\" \/>\n\t<meta name=\"twitter:data1\" content=\"3 minutos\" \/>\n<script type=\"application\/ld+json\" class=\"yoast-schema-graph\">{\"@context\":\"https:\\\/\\\/schema.org\",\"@graph\":[{\"@type\":\"WebPage\",\"@id\":\"https:\\\/\\\/wegmanlaw.net\\\/personal-injury-medical-malpractice\\\/\",\"url\":\"https:\\\/\\\/wegmanlaw.net\\\/personal-injury-medical-malpractice\\\/\",\"name\":\"Personal Injury Medical Malpractice | Lawyer from Wegman Law\",\"isPartOf\":{\"@id\":\"https:\\\/\\\/wegmanlaw.net\\\/#website\"},\"primaryImageOfPage\":{\"@id\":\"https:\\\/\\\/wegmanlaw.net\\\/personal-injury-medical-malpractice\\\/#primaryimage\"},\"image\":{\"@id\":\"https:\\\/\\\/wegmanlaw.net\\\/personal-injury-medical-malpractice\\\/#primaryimage\"},\"thumbnailUrl\":\"https:\\\/\\\/wegmanlaw.net\\\/wp-content\\\/uploads\\\/2025\\\/09\\\/fmf_j9xKQ0k.jpg\",\"datePublished\":\"2025-09-24T09:57:02+00:00\",\"dateModified\":\"2025-12-22T08:35:35+00:00\",\"description\":\"Protect your rights with a Medical Negligence Lawyer from Wegman Law. Our expertise in malpractice cases. Call us.\",\"breadcrumb\":{\"@id\":\"https:\\\/\\\/wegmanlaw.net\\\/personal-injury-medical-malpractice\\\/#breadcrumb\"},\"inLanguage\":\"es\",\"potentialAction\":[{\"@type\":\"ReadAction\",\"target\":[\"https:\\\/\\\/wegmanlaw.net\\\/personal-injury-medical-malpractice\\\/\"]}]},{\"@type\":\"ImageObject\",\"inLanguage\":\"es\",\"@id\":\"https:\\\/\\\/wegmanlaw.net\\\/personal-injury-medical-malpractice\\\/#primaryimage\",\"url\":\"https:\\\/\\\/wegmanlaw.net\\\/wp-content\\\/uploads\\\/2025\\\/09\\\/fmf_j9xKQ0k.jpg\",\"contentUrl\":\"https:\\\/\\\/wegmanlaw.net\\\/wp-content\\\/uploads\\\/2025\\\/09\\\/fmf_j9xKQ0k.jpg\"},{\"@type\":\"BreadcrumbList\",\"@id\":\"https:\\\/\\\/wegmanlaw.net\\\/personal-injury-medical-malpractice\\\/#breadcrumb\",\"itemListElement\":[{\"@type\":\"ListItem\",\"position\":1,\"name\":\"Home\",\"item\":\"https:\\\/\\\/wegmanlaw.net\\\/\"},{\"@type\":\"ListItem\",\"position\":2,\"name\":\"Personal Injury \\\/ Medical Malpractice\"}]},{\"@type\":\"WebSite\",\"@id\":\"https:\\\/\\\/wegmanlaw.net\\\/#website\",\"url\":\"https:\\\/\\\/wegmanlaw.net\\\/\",\"name\":\"Wegman Law\",\"description\":\"We Solve Problems\",\"publisher\":{\"@id\":\"https:\\\/\\\/wegmanlaw.net\\\/#organization\"},\"potentialAction\":[{\"@type\":\"SearchAction\",\"target\":{\"@type\":\"EntryPoint\",\"urlTemplate\":\"https:\\\/\\\/wegmanlaw.net\\\/?s={search_term_string}\"},\"query-input\":{\"@type\":\"PropertyValueSpecification\",\"valueRequired\":true,\"valueName\":\"search_term_string\"}}],\"inLanguage\":\"es\"},{\"@type\":\"Organization\",\"@id\":\"https:\\\/\\\/wegmanlaw.net\\\/#organization\",\"name\":\"Wegman Law\",\"url\":\"https:\\\/\\\/wegmanlaw.net\\\/\",\"logo\":{\"@type\":\"ImageObject\",\"inLanguage\":\"es\",\"@id\":\"https:\\\/\\\/wegmanlaw.net\\\/#\\\/schema\\\/logo\\\/image\\\/\",\"url\":\"https:\\\/\\\/wegmanlaw.net\\\/wp-content\\\/uploads\\\/2025\\\/07\\\/Site-Logo.webp\",\"contentUrl\":\"https:\\\/\\\/wegmanlaw.net\\\/wp-content\\\/uploads\\\/2025\\\/07\\\/Site-Logo.webp\",\"width\":1195,\"height\":298,\"caption\":\"Wegman Law\"},\"image\":{\"@id\":\"https:\\\/\\\/wegmanlaw.net\\\/#\\\/schema\\\/logo\\\/image\\\/\"},\"sameAs\":[\"https:\\\/\\\/www.facebook.com\\\/profile.php?id=61572922497446\"]}]}<\/script>\n<!-- \/ Yoast SEO Premium plugin. -->","yoast_head_json":{"title":"Lesiones Personales Mala Praxis M\u00e9dica | Abogado de Wegman Law","description":"Protege tus derechos con un abogado de negligencia m\u00e9dica de Wegman Law. Nuestra experiencia en casos de mala praxis. Ll\u00e1manos.","robots":{"index":"index","follow":"follow","max-snippet":"max-snippet:-1","max-image-preview":"max-image-preview:large","max-video-preview":"max-video-preview:-1"},"canonical":"https:\/\/wegmanlaw.net\/es\/wp-json\/wp\/v2\/pages\/19541","og_locale":"es_MX","og_type":"article","og_title":"Personal Injury \/ Medical Malpractice","og_description":"Protect your rights with a Medical Negligence Lawyer from Wegman Law. Our expertise in malpractice cases. Call us.","og_url":"https:\/\/wegmanlaw.net\/es\/personal-injury-medical-malpractice\/","og_site_name":"Wegman Law","article_publisher":"https:\/\/www.facebook.com\/profile.php?id=61572922497446","article_modified_time":"2025-12-22T08:35:35+00:00","og_image":[{"url":"https:\/\/wegmanlaw.net\/wp-content\/uploads\/2025\/09\/fmf_j9xKQ0k.jpg","type":"","width":"","height":""}],"twitter_card":"summary_large_image","twitter_misc":{"Tiempo de lectura":"3 minutos"},"schema":{"@context":"https:\/\/schema.org","@graph":[{"@type":"WebPage","@id":"https:\/\/wegmanlaw.net\/personal-injury-medical-malpractice\/","url":"https:\/\/wegmanlaw.net\/personal-injury-medical-malpractice\/","name":"Lesiones Personales Mala Praxis M\u00e9dica | Abogado de Wegman Law","isPartOf":{"@id":"https:\/\/wegmanlaw.net\/#website"},"primaryImageOfPage":{"@id":"https:\/\/wegmanlaw.net\/personal-injury-medical-malpractice\/#primaryimage"},"image":{"@id":"https:\/\/wegmanlaw.net\/personal-injury-medical-malpractice\/#primaryimage"},"thumbnailUrl":"https:\/\/wegmanlaw.net\/wp-content\/uploads\/2025\/09\/fmf_j9xKQ0k.jpg","datePublished":"2025-09-24T09:57:02+00:00","dateModified":"2025-12-22T08:35:35+00:00","description":"Protege tus derechos con un abogado de negligencia m\u00e9dica de Wegman Law. Nuestra experiencia en casos de mala praxis. Ll\u00e1manos.","breadcrumb":{"@id":"https:\/\/wegmanlaw.net\/personal-injury-medical-malpractice\/#breadcrumb"},"inLanguage":"es","potentialAction":[{"@type":"ReadAction","target":["https:\/\/wegmanlaw.net\/personal-injury-medical-malpractice\/"]}]},{"@type":"ImageObject","inLanguage":"es","@id":"https:\/\/wegmanlaw.net\/personal-injury-medical-malpractice\/#primaryimage","url":"https:\/\/wegmanlaw.net\/wp-content\/uploads\/2025\/09\/fmf_j9xKQ0k.jpg","contentUrl":"https:\/\/wegmanlaw.net\/wp-content\/uploads\/2025\/09\/fmf_j9xKQ0k.jpg"},{"@type":"BreadcrumbList","@id":"https:\/\/wegmanlaw.net\/personal-injury-medical-malpractice\/#breadcrumb","itemListElement":[{"@type":"ListItem","position":1,"name":"Home","item":"https:\/\/wegmanlaw.net\/"},{"@type":"ListItem","position":2,"name":"Personal Injury \/ Medical Malpractice"}]},{"@type":"WebSite","@id":"https:\/\/wegmanlaw.net\/#website","url":"https:\/\/wegmanlaw.net\/","name":"Ley Wegman","description":"Resolvemos problemas","publisher":{"@id":"https:\/\/wegmanlaw.net\/#organization"},"potentialAction":[{"@type":"SearchAction","target":{"@type":"EntryPoint","urlTemplate":"https:\/\/wegmanlaw.net\/?s={search_term_string}"},"query-input":{"@type":"PropertyValueSpecification","valueRequired":true,"valueName":"search_term_string"}}],"inLanguage":"es"},{"@type":"Organization","@id":"https:\/\/wegmanlaw.net\/#organization","name":"Ley Wegman","url":"https:\/\/wegmanlaw.net\/","logo":{"@type":"ImageObject","inLanguage":"es","@id":"https:\/\/wegmanlaw.net\/#\/schema\/logo\/image\/","url":"https:\/\/wegmanlaw.net\/wp-content\/uploads\/2025\/07\/Site-Logo.webp","contentUrl":"https:\/\/wegmanlaw.net\/wp-content\/uploads\/2025\/07\/Site-Logo.webp","width":1195,"height":298,"caption":"Wegman Law"},"image":{"@id":"https:\/\/wegmanlaw.net\/#\/schema\/logo\/image\/"},"sameAs":["https:\/\/www.facebook.com\/profile.php?id=61572922497446"]}]}},"_links":{"self":[{"href":"https:\/\/wegmanlaw.net\/es\/wp-json\/wp\/v2\/pages\/19541","targetHints":{"allow":["GET"]}}],"collection":[{"href":"https:\/\/wegmanlaw.net\/es\/wp-json\/wp\/v2\/pages"}],"about":[{"href":"https:\/\/wegmanlaw.net\/es\/wp-json\/wp\/v2\/types\/page"}],"author":[{"embeddable":true,"href":"https:\/\/wegmanlaw.net\/es\/wp-json\/wp\/v2\/users\/2"}],"replies":[{"embeddable":true,"href":"https:\/\/wegmanlaw.net\/es\/wp-json\/wp\/v2\/comments?post=19541"}],"version-history":[{"count":5,"href":"https:\/\/wegmanlaw.net\/es\/wp-json\/wp\/v2\/pages\/19541\/revisions"}],"predecessor-version":[{"id":19565,"href":"https:\/\/wegmanlaw.net\/es\/wp-json\/wp\/v2\/pages\/19541\/revisions\/19565"}],"wp:attachment":[{"href":"https:\/\/wegmanlaw.net\/es\/wp-json\/wp\/v2\/media?parent=19541"}],"curies":[{"name":"wp","href":"https:\/\/api.w.org\/{rel}","templated":true}]}}