{"id":26,"date":"2025-07-30T01:50:56","date_gmt":"2025-07-30T01:50:56","guid":{"rendered":"https:\/\/wegmanlaw.net\/services\/"},"modified":"2026-03-19T04:55:25","modified_gmt":"2026-03-19T08:55:25","slug":"services","status":"publish","type":"page","link":"https:\/\/wegmanlaw.net\/es\/","title":{"rendered":"Servicios"},"content":{"rendered":"<h1>\n\t\t\tApoyo jur\u00eddico integral\n\t\t<\/h1>\n\t<nav id=\"breadcrumbs\" aria-label=\"Migas de pan\">Inicio<\/nav>\n\t\t<h2>\n\t\t\tNuestras \u00e1reas de pr\u00e1ctica\n\t\t<\/h2>\n\t\t\t<p>Experiencia dedicada a servicios legales para asuntos legales complejos. Proporciona asesoramiento experto y litigios en:<\/p>\n\t\t\t\t\t\t\t\t\t<img decoding=\"async\" src=\"https:\/\/wegmanlaw.net\/wp-content\/uploads\/2025\/08\/001.webp\" alt=\"Paper cutout family beside a gavel on a book symbolizing family law.\" itemprop=\"image\" height=\"800\" width=\"1200\" srcset=\"https:\/\/wegmanlaw.net\/wp-content\/uploads\/2025\/08\/001.webp 1200w, https:\/\/wegmanlaw.net\/wp-content\/uploads\/2025\/08\/001-300x200.webp 300w, https:\/\/wegmanlaw.net\/wp-content\/uploads\/2025\/08\/001-1024x683.webp 1024w, https:\/\/wegmanlaw.net\/wp-content\/uploads\/2025\/08\/001-768x512.webp 768w\" sizes=\"(max-width: 1200px) 100vw, 1200px\" onerror=\"this.style.display='none'\" class=\"no-lazyload\" \/>\n\t\t<h3>\n\t\t\tServicios de derecho dom\u00e9stico y familiar\n\t\t<\/h3>\n\t\t\t<p>Obtenga asesoramiento legal experto y representaci\u00f3n para una amplia gama de asuntos de derecho dom\u00e9stico y de familia. Abogado Wegman ayuda a los clientes a navegar por cuestiones delicadas con un enfoque en el logro de resultados favorables y justos.<\/p>\n\t<ul>\n\t\t\t<li>\n\t\t\t\tDivorcios no impugnados, custodia y manutenci\u00f3n de los hijos\n\t\t\t<\/li>\n\t\t\t<li>\n\t\t\t\tAcuerdos prematrimoniales y casos de violencia dom\u00e9stica\n\t\t\t<\/li>\n\t\t<\/ul>\n\t\t\t\t\t\t\t\t\t<img decoding=\"async\" src=\"https:\/\/wegmanlaw.net\/wp-content\/uploads\/2025\/08\/Img-01.webp\" alt=\"Criminal law book and judge&#039;s gavel.\" itemprop=\"image\" height=\"800\" width=\"1200\" srcset=\"https:\/\/wegmanlaw.net\/wp-content\/uploads\/2025\/08\/Img-01.webp 1200w, https:\/\/wegmanlaw.net\/wp-content\/uploads\/2025\/08\/Img-01-300x200.webp 300w, https:\/\/wegmanlaw.net\/wp-content\/uploads\/2025\/08\/Img-01-1024x683.webp 1024w, https:\/\/wegmanlaw.net\/wp-content\/uploads\/2025\/08\/Img-01-768x512.webp 768w\" sizes=\"(max-width: 1200px) 100vw, 1200px\" title=\"Libro de derecho penal y mazo de juez.\" onerror=\"this.style.display='none'\" class=\"no-lazyload\" \/>\n\t\t<h3>\n\t\t\tDerecho penal\n\t\t<\/h3>\n\t\t\t<p>El abogado Wegman es un abogado defensor penalista con gran experiencia y tenacidad que ha llevado casos de todo tipo, desde delitos menores hasta delitos graves. Conoce a los fiscales, los agentes de libertad condicional y los jueces, y utiliza este conocimiento local para negociar resoluciones efectivas o construir una defensa s\u00f3lida en los tribunales. Sus servicios incluyen:<\/p>\n\t<ul>\n\t\t\t<li>\n\t\t\t\tAgresi\u00f3n y lesiones\n\t\t\t<\/li>\n\t\t\t<li>\n\t\t\t\tPosesi\u00f3n y distribuci\u00f3n de drogas\n\t\t\t<\/li>\n\t\t\t<li>\n\t\t\t\tDelitos juveniles\n\t\t\t<\/li>\n\t\t\t<li>\n\t\t\t\tAgresi\u00f3n sexual\n\t\t\t<\/li>\n\t\t\t<li>\n\t\t\t\tCargos por armas\n\t\t\t<\/li>\n\t\t\t<li>\n\t\t\t\tInfracciones de la libertad condicional\n\t\t\t<\/li>\n\t\t\t<li>\n\t\t\t\tCancelaciones\n\t\t\t<\/li>\n\t\t\t<li>\n\t\t\t\tDelitos menores y graves\n\t\t\t<\/li>\n\t\t<\/ul>\n\t\t\t<a href=\"\/es\/services\/criminal-law\/\" target=\"_self\">\n\t\t\t\t\t\t\tDescubra los servicios de defensa penal\n\t\t\t\t\t<\/a>\n\t\t\t\t\t\t\t\t\t<img decoding=\"async\" src=\"https:\/\/wegmanlaw.net\/wp-content\/uploads\/2025\/08\/Img-02.webp\" alt=\"Traffic violation ticket, gavel, and traffic light.\" itemprop=\"image\" height=\"800\" width=\"1200\" srcset=\"https:\/\/wegmanlaw.net\/wp-content\/uploads\/2025\/08\/Img-02.webp 1200w, https:\/\/wegmanlaw.net\/wp-content\/uploads\/2025\/08\/Img-02-300x200.webp 300w, https:\/\/wegmanlaw.net\/wp-content\/uploads\/2025\/08\/Img-02-1024x683.webp 1024w, https:\/\/wegmanlaw.net\/wp-content\/uploads\/2025\/08\/Img-02-768x512.webp 768w\" sizes=\"(max-width: 1200px) 100vw, 1200px\" title=\"Multa por infracci\u00f3n de tr\u00e1fico, martillo y sem\u00e1foro.\" onerror=\"this.style.display='none'\" class=\"no-lazyload\" \/>\n\t\t<h3>\n\t\t\tLey de tr\u00e1nsito y defensa por conducir bajo los efectos del alcohol\n\t\t<\/h3>\n\t\t\t<p>Las multas de tr\u00e1nsito pueden parecer insignificantes, pero pueden tener graves consecuencias para su licencia, su seguro y su futuro. Wegman Law ofrece estrategias de defensa agresivas para delitos relacionados con el tr\u00e1nsito en todos los tribunales de Hampton Roads. Los servicios incluyen:<\/p>\n\t<ul>\n\t\t\t<li>\n\t\t\t\tDUI\/DWI\n\t\t\t<\/li>\n\t\t\t<li>\n\t\t\t\tConducci\u00f3n temeraria\n\t\t\t<\/li>\n\t\t\t<li>\n\t\t\t\tMultas por exceso de velocidad\n\t\t\t<\/li>\n\t\t\t<li>\n\t\t\t\tLicencia suspendida o revocada\n\t\t\t<\/li>\n\t\t\t<li>\n\t\t\t\tDefensa CDL (Conductores Comerciales)\n\t\t\t<\/li>\n\t\t<\/ul>\n\t\t\t<a href=\"\/es\/services\/traffic-law\/\" target=\"_self\">\n\t\t\t\t\t\t\tM\u00e1s informaci\u00f3n sobre el tr\u00e1fico\n\t\t\t\t\t<\/a>\n\t\t\t\t\t\t\t\t\t<img decoding=\"async\" src=\"https:\/\/wegmanlaw.net\/wp-content\/uploads\/2025\/09\/Img-02-1.png\" alt=\"A judge signing a legal document in a courtroom.\" itemprop=\"image\" height=\"800\" width=\"1200\" srcset=\"https:\/\/wegmanlaw.net\/wp-content\/uploads\/2025\/09\/Img-02-1.png 1200w, https:\/\/wegmanlaw.net\/wp-content\/uploads\/2025\/09\/Img-02-1-300x200.png 300w, https:\/\/wegmanlaw.net\/wp-content\/uploads\/2025\/09\/Img-02-1-1024x683.png 1024w, https:\/\/wegmanlaw.net\/wp-content\/uploads\/2025\/09\/Img-02-1-768x512.png 768w\" sizes=\"(max-width: 1200px) 100vw, 1200px\" title=\"Img-02 1\" onerror=\"this.style.display='none'\" class=\"no-lazyload\" \/>\n\t\t<h3>\n\t\t\tPlanificaci\u00f3n patrimonial\n\t\t<\/h3>\n\t\t\t<p>Planificar el futuro aporta tranquilidad, tanto a usted como a sus seres queridos. En Wegman Law, guiamos a nuestros clientes a lo largo de cada paso del proceso de planificaci\u00f3n patrimonial con cuidado y claridad. Nuestros abogados le ayudan a crear planes personalizados que protegen sus activos, respetan sus deseos y proporcionan seguridad a la siguiente generaci\u00f3n. Los servicios incluyen:<\/p>\n\t<ul>\n\t\t\t<li>\n\t\t\t\t\u00daltima voluntad\n\t\t\t<\/li>\n\t\t\t<li>\n\t\t\t\tPoderes\n\t\t\t<\/li>\n\t\t\t<li>\n\t\t\t\tInstrucciones m\u00e9dicas previas (testamento vital)\n\t\t\t<\/li>\n\t\t\t<li>\n\t\t\t\tFideicomisos\n\t\t\t<\/li>\n\t\t<\/ul>\n\t\t\t<a href=\"\/es\/services\/estate-planning\/\" target=\"_self\">\n\t\t\t\t\t\t\tM\u00e1s informaci\u00f3n sobre planificaci\u00f3n patrimonial\n\t\t\t\t\t<\/a>\n\t\t\t\t\t\t\t\t\t<img decoding=\"async\" src=\"https:\/\/wegmanlaw.net\/wp-content\/uploads\/2025\/09\/fmf_yr66znw.jpg\" alt=\"fm=f_yr66znw\" itemprop=\"image\" height=\"848\" width=\"1238\" srcset=\"https:\/\/wegmanlaw.net\/wp-content\/uploads\/2025\/09\/fmf_yr66znw.jpg 1238w, https:\/\/wegmanlaw.net\/wp-content\/uploads\/2025\/09\/fmf_yr66znw-300x205.jpg 300w, https:\/\/wegmanlaw.net\/wp-content\/uploads\/2025\/09\/fmf_yr66znw-1024x701.jpg 1024w, https:\/\/wegmanlaw.net\/wp-content\/uploads\/2025\/09\/fmf_yr66znw-768x526.jpg 768w\" sizes=\"(max-width: 1238px) 100vw, 1238px\" title=\"fm=f_yr66znw\" onerror=\"this.style.display='none'\" class=\"no-lazyload\" \/>\n\t\t<h3>\n\t\t\tLesiones personales \/ Negligencias m\u00e9dicas\n\t\t<\/h3>\n\t\t\t<a href=\"https:\/\/wegmanlaw.net\/es\/personal-injury-medical-malpractice\/\" target=\"_self\">\n\t\t\t\t\t\t\tM\u00e1s informaci\u00f3n sobre lesiones personales \/ negligencia m\u00e9dica\n\t\t\t\t\t<\/a>\n\t\t<h2>\n\t\t\tPerm\u00edtanos proteger sus derechos.\n\t\t<\/h2>\n\t\t\t<p>P\u00f3ngase en contacto con Wegman Law ahora para una consulta confidencial y sin compromiso. La ayuda est\u00e1 a s\u00f3lo una llamada de distancia. Disponible 24\/7<\/p>\t\t\n\t\t\t<a href=\"\/es\/contact-us\/\" target=\"_self\">\n\t\t\t\t\t\t\tConsulte al abogado Wegman\n\t\t\t\t\t<\/a>","protected":false},"excerpt":{"rendered":"<p>Asistencia jur\u00eddica integral Inicio Nuestras \u00e1reas de pr\u00e1ctica Disfrute de servicios jur\u00eddicos especializados para asuntos legales complejos. Ofrece asesoramiento experto y representaci\u00f3n en litigios en: Servicios de derecho dom\u00e9stico y de familia Obtenga asesoramiento jur\u00eddico experto y representaci\u00f3n en una amplia gama de asuntos de derecho dom\u00e9stico y de familia. El abogado Wegman ayuda a sus clientes a abordar asuntos delicados con el objetivo de lograr...<\/p>","protected":false},"author":2,"featured_media":19003,"parent":0,"menu_order":0,"comment_status":"closed","ping_status":"closed","template":"","meta":{"footnotes":""},"class_list":["post-26","page","type-page","status-publish","has-post-thumbnail","hentry"],"yoast_head":"<!-- This site is optimized with the Yoast SEO Premium plugin v27.2 (Yoast SEO v27.5) - https:\/\/yoast.com\/product\/yoast-seo-premium-wordpress\/ -->\n<title>Services | Legal Services from Wegman Law<\/title>\n<meta name=\"description\" content=\"Discover expert Legal Services at Wegman Law. Get comprehensive support in family, criminal, and estate law.\" \/>\n<meta name=\"robots\" content=\"index, follow, max-snippet:-1, max-image-preview:large, max-video-preview:-1\" \/>\n<link rel=\"canonical\" href=\"https:\/\/wegmanlaw.net\/es\/wp-json\/wp\/v2\/pages\/26\" \/>\n<meta property=\"og:locale\" content=\"es_MX\" \/>\n<meta property=\"og:type\" content=\"article\" \/>\n<meta property=\"og:title\" content=\"Traffic Court Legal Support - Wegman Law\" \/>\n<meta property=\"og:description\" content=\"Expert legal help for traffic violations in Chesapeake. Wegman Law offers comprehensive services. Get started today.\" \/>\n<meta property=\"og:url\" content=\"https:\/\/wegmanlaw.net\/es\/\" \/>\n<meta property=\"og:site_name\" content=\"Wegman Law\" \/>\n<meta property=\"article:publisher\" content=\"https:\/\/www.facebook.com\/profile.php?id=61572922497446\" \/>\n<meta property=\"article:modified_time\" content=\"2026-03-19T08:55:25+00:00\" \/>\n<meta property=\"og:image\" content=\"https:\/\/wegmanlaw.net\/wp-content\/uploads\/2025\/08\/Img-07.webp\" \/>\n<meta name=\"twitter:card\" content=\"summary_large_image\" \/>\n<meta name=\"twitter:title\" content=\"Traffic Court Legal Support - Wegman Law\" \/>\n<meta name=\"twitter:description\" content=\"Expert legal help for traffic violations in Chesapeake. Wegman Law offers comprehensive services. Get started today.\" \/>\n<meta name=\"twitter:image\" content=\"https:\/\/wegmanlaw.net\/wp-content\/uploads\/2025\/08\/Img-07.webp\" \/>\n<meta name=\"twitter:label1\" content=\"Tiempo de lectura\" \/>\n\t<meta name=\"twitter:data1\" content=\"3 minutos\" \/>\n<script type=\"application\/ld+json\" class=\"yoast-schema-graph\">{\"@context\":\"https:\\\/\\\/schema.org\",\"@graph\":[{\"@type\":\"WebPage\",\"@id\":\"https:\\\/\\\/wegmanlaw.net\\\/\",\"url\":\"https:\\\/\\\/wegmanlaw.net\\\/\",\"name\":\"Services | Legal Services from Wegman Law\",\"isPartOf\":{\"@id\":\"https:\\\/\\\/wegmanlaw.net\\\/#website\"},\"primaryImageOfPage\":{\"@id\":\"https:\\\/\\\/wegmanlaw.net\\\/#primaryimage\"},\"image\":{\"@id\":\"https:\\\/\\\/wegmanlaw.net\\\/#primaryimage\"},\"thumbnailUrl\":\"https:\\\/\\\/wegmanlaw.net\\\/wp-content\\\/uploads\\\/2025\\\/08\\\/Img-07.webp?wsr\",\"datePublished\":\"2025-07-30T01:50:56+00:00\",\"dateModified\":\"2026-03-19T08:55:25+00:00\",\"description\":\"Discover expert Legal Services at Wegman Law. Get comprehensive support in family, criminal, and estate law.\",\"breadcrumb\":{\"@id\":\"https:\\\/\\\/wegmanlaw.net\\\/#breadcrumb\"},\"inLanguage\":\"es\",\"potentialAction\":[{\"@type\":\"ReadAction\",\"target\":[\"https:\\\/\\\/wegmanlaw.net\\\/\"]}]},{\"@type\":\"ImageObject\",\"inLanguage\":\"es\",\"@id\":\"https:\\\/\\\/wegmanlaw.net\\\/#primaryimage\",\"url\":\"https:\\\/\\\/wegmanlaw.net\\\/wp-content\\\/uploads\\\/2025\\\/08\\\/Img-07.webp?wsr\",\"contentUrl\":\"https:\\\/\\\/wegmanlaw.net\\\/wp-content\\\/uploads\\\/2025\\\/08\\\/Img-07.webp?wsr\",\"width\":1200,\"height\":675,\"caption\":\"Attorney reviewing legal contract with client\"},{\"@type\":\"BreadcrumbList\",\"@id\":\"https:\\\/\\\/wegmanlaw.net\\\/#breadcrumb\",\"itemListElement\":[{\"@type\":\"ListItem\",\"position\":1,\"name\":\"Home\",\"item\":\"https:\\\/\\\/wegmanlaw.net\\\/\"},{\"@type\":\"ListItem\",\"position\":2,\"name\":\"Services\"}]},{\"@type\":\"WebSite\",\"@id\":\"https:\\\/\\\/wegmanlaw.net\\\/#website\",\"url\":\"https:\\\/\\\/wegmanlaw.net\\\/\",\"name\":\"Wegman Law\",\"description\":\"We Solve Problems\",\"publisher\":{\"@id\":\"https:\\\/\\\/wegmanlaw.net\\\/#organization\"},\"potentialAction\":[{\"@type\":\"SearchAction\",\"target\":{\"@type\":\"EntryPoint\",\"urlTemplate\":\"https:\\\/\\\/wegmanlaw.net\\\/?s={search_term_string}\"},\"query-input\":{\"@type\":\"PropertyValueSpecification\",\"valueRequired\":true,\"valueName\":\"search_term_string\"}}],\"inLanguage\":\"es\"},{\"@type\":\"Organization\",\"@id\":\"https:\\\/\\\/wegmanlaw.net\\\/#organization\",\"name\":\"Wegman Law\",\"url\":\"https:\\\/\\\/wegmanlaw.net\\\/\",\"logo\":{\"@type\":\"ImageObject\",\"inLanguage\":\"es\",\"@id\":\"https:\\\/\\\/wegmanlaw.net\\\/#\\\/schema\\\/logo\\\/image\\\/\",\"url\":\"https:\\\/\\\/wegmanlaw.net\\\/wp-content\\\/uploads\\\/2025\\\/07\\\/Site-Logo.webp\",\"contentUrl\":\"https:\\\/\\\/wegmanlaw.net\\\/wp-content\\\/uploads\\\/2025\\\/07\\\/Site-Logo.webp\",\"width\":1195,\"height\":298,\"caption\":\"Wegman Law\"},\"image\":{\"@id\":\"https:\\\/\\\/wegmanlaw.net\\\/#\\\/schema\\\/logo\\\/image\\\/\"},\"sameAs\":[\"https:\\\/\\\/www.facebook.com\\\/profile.php?id=61572922497446\"]}]}<\/script>\n<!-- \/ Yoast SEO Premium plugin. -->","yoast_head_json":{"title":"Servicios | Servicios legales de Wegman Law","description":"Descubra servicios legales expertos en Wegman Law. Obtenga apoyo integral en derecho familiar, penal y de sucesiones.","robots":{"index":"index","follow":"follow","max-snippet":"max-snippet:-1","max-image-preview":"max-image-preview:large","max-video-preview":"max-video-preview:-1"},"canonical":"https:\/\/wegmanlaw.net\/es\/wp-json\/wp\/v2\/pages\/26","og_locale":"es_MX","og_type":"article","og_title":"Traffic Court Legal Support - Wegman Law","og_description":"Expert legal help for traffic violations in Chesapeake. Wegman Law offers comprehensive services. Get started today.","og_url":"https:\/\/wegmanlaw.net\/es\/","og_site_name":"Wegman Law","article_publisher":"https:\/\/www.facebook.com\/profile.php?id=61572922497446","article_modified_time":"2026-03-19T08:55:25+00:00","og_image":[{"url":"https:\/\/wegmanlaw.net\/wp-content\/uploads\/2025\/08\/Img-07.webp","type":"","width":"","height":""}],"twitter_card":"summary_large_image","twitter_title":"Traffic Court Legal Support - Wegman Law","twitter_description":"Expert legal help for traffic violations in Chesapeake. Wegman Law offers comprehensive services. Get started today.","twitter_image":"https:\/\/wegmanlaw.net\/wp-content\/uploads\/2025\/08\/Img-07.webp","twitter_misc":{"Tiempo de lectura":"3 minutos"},"schema":{"@context":"https:\/\/schema.org","@graph":[{"@type":"WebPage","@id":"https:\/\/wegmanlaw.net\/","url":"https:\/\/wegmanlaw.net\/","name":"Servicios | Servicios legales de Wegman Law","isPartOf":{"@id":"https:\/\/wegmanlaw.net\/#website"},"primaryImageOfPage":{"@id":"https:\/\/wegmanlaw.net\/#primaryimage"},"image":{"@id":"https:\/\/wegmanlaw.net\/#primaryimage"},"thumbnailUrl":"https:\/\/wegmanlaw.net\/wp-content\/uploads\/2025\/08\/Img-07.webp?wsr","datePublished":"2025-07-30T01:50:56+00:00","dateModified":"2026-03-19T08:55:25+00:00","description":"Descubra servicios legales expertos en Wegman Law. Obtenga apoyo integral en derecho familiar, penal y de sucesiones.","breadcrumb":{"@id":"https:\/\/wegmanlaw.net\/#breadcrumb"},"inLanguage":"es","potentialAction":[{"@type":"ReadAction","target":["https:\/\/wegmanlaw.net\/"]}]},{"@type":"ImageObject","inLanguage":"es","@id":"https:\/\/wegmanlaw.net\/#primaryimage","url":"https:\/\/wegmanlaw.net\/wp-content\/uploads\/2025\/08\/Img-07.webp?wsr","contentUrl":"https:\/\/wegmanlaw.net\/wp-content\/uploads\/2025\/08\/Img-07.webp?wsr","width":1200,"height":675,"caption":"Attorney reviewing legal contract with client"},{"@type":"BreadcrumbList","@id":"https:\/\/wegmanlaw.net\/#breadcrumb","itemListElement":[{"@type":"ListItem","position":1,"name":"Home","item":"https:\/\/wegmanlaw.net\/"},{"@type":"ListItem","position":2,"name":"Services"}]},{"@type":"WebSite","@id":"https:\/\/wegmanlaw.net\/#website","url":"https:\/\/wegmanlaw.net\/","name":"Ley Wegman","description":"Resolvemos problemas","publisher":{"@id":"https:\/\/wegmanlaw.net\/#organization"},"potentialAction":[{"@type":"SearchAction","target":{"@type":"EntryPoint","urlTemplate":"https:\/\/wegmanlaw.net\/?s={search_term_string}"},"query-input":{"@type":"PropertyValueSpecification","valueRequired":true,"valueName":"search_term_string"}}],"inLanguage":"es"},{"@type":"Organization","@id":"https:\/\/wegmanlaw.net\/#organization","name":"Ley Wegman","url":"https:\/\/wegmanlaw.net\/","logo":{"@type":"ImageObject","inLanguage":"es","@id":"https:\/\/wegmanlaw.net\/#\/schema\/logo\/image\/","url":"https:\/\/wegmanlaw.net\/wp-content\/uploads\/2025\/07\/Site-Logo.webp","contentUrl":"https:\/\/wegmanlaw.net\/wp-content\/uploads\/2025\/07\/Site-Logo.webp","width":1195,"height":298,"caption":"Wegman Law"},"image":{"@id":"https:\/\/wegmanlaw.net\/#\/schema\/logo\/image\/"},"sameAs":["https:\/\/www.facebook.com\/profile.php?id=61572922497446"]}]}},"_links":{"self":[{"href":"https:\/\/wegmanlaw.net\/es\/wp-json\/wp\/v2\/pages\/26","targetHints":{"allow":["GET"]}}],"collection":[{"href":"https:\/\/wegmanlaw.net\/es\/wp-json\/wp\/v2\/pages"}],"about":[{"href":"https:\/\/wegmanlaw.net\/es\/wp-json\/wp\/v2\/types\/page"}],"author":[{"embeddable":true,"href":"https:\/\/wegmanlaw.net\/es\/wp-json\/wp\/v2\/users\/2"}],"replies":[{"embeddable":true,"href":"https:\/\/wegmanlaw.net\/es\/wp-json\/wp\/v2\/comments?post=26"}],"version-history":[{"count":3,"href":"https:\/\/wegmanlaw.net\/es\/wp-json\/wp\/v2\/pages\/26\/revisions"}],"predecessor-version":[{"id":19568,"href":"https:\/\/wegmanlaw.net\/es\/wp-json\/wp\/v2\/pages\/26\/revisions\/19568"}],"wp:featuredmedia":[{"embeddable":true,"href":"https:\/\/wegmanlaw.net\/es\/wp-json\/wp\/v2\/media\/19003"}],"wp:attachment":[{"href":"https:\/\/wegmanlaw.net\/es\/wp-json\/wp\/v2\/media?parent=26"}],"curies":[{"name":"wp","href":"https:\/\/api.w.org\/{rel}","templated":true}]}}