{"id":27,"date":"2025-07-30T01:50:56","date_gmt":"2025-07-30T01:50:56","guid":{"rendered":"https:\/\/wegmanlaw.net\/criminal-law\/"},"modified":"2025-12-22T04:14:52","modified_gmt":"2025-12-22T08:14:52","slug":"criminal-law","status":"publish","type":"page","link":"https:\/\/wegmanlaw.net\/es\/services\/criminal-law\/","title":{"rendered":"Derecho penal"},"content":{"rendered":"<h1>\n\t\t\tRepresentaci\u00f3n confiable en derecho penal\n\t\t<\/h1>\n\t<nav id=\"breadcrumbs\" aria-label=\"Migas de pan\"><a href=\"https:\/\/wegmanlaw.net\/es\/\">Inicio<\/a> \" <a href=\"https:\/\/wegmanlaw.net\/es\/\">Servicios<\/a> \u00bb Derecho Penal<\/nav>\n\t\t<h2>\n\t\t\tAbogado penalista\n\t\t<\/h2>\n\t\t\t<p>Si ha sido acusado de un delito penal, su libertad, su futuro y su reputaci\u00f3n est\u00e1n en juego. En WegmanLaw, ofrecemos una defensa penal estrat\u00e9gica, agresiva y con experiencia a personas de Chesapeake, Virginia Beach, Norfolk, Portsmouth, Suffolk y toda la zona de Hampton Roads.Pero seamos realistas, a veces se acaba el juego y se necesita a alguien que le ayude a reducir sus p\u00e9rdidas, disminuir los efectos de una mala decisi\u00f3n o mitigar un acto indebido. Ah\u00ed es donde entran en juego los 64 a\u00f1os de experiencia vital y los 29 a\u00f1os de experiencia en litigios del abogado Wegman. El Sr. Wegman ha negociado acuerdos sin precedentes e inconcebibles. Tiene una habilidad extraordinaria para hablar con fiscales, testigos denunciantes y agentes de polic\u00eda, a menudo consiguiendo que acepten resultados inimaginables. Si le importa su futuro, su reputaci\u00f3n, su habilitaci\u00f3n de seguridad o sus perspectivas laborales, debe contratar al abogado Wegman. Le tratar\u00e1 como a un familiar.\u00a0<\/p>\t\t\n\t\t<h2>\n\t\t\tServicios de defensa penal que ofrecemos\n\t\t<\/h2>\n\t\t\t\t\t\t\t\t\t\t\t<img decoding=\"async\" src=\"https:\/\/wegmanlaw.net\/wp-content\/uploads\/2025\/08\/Rectangle-13.jpg\" alt=\"Handcuffs over hundred-dollar bills symbolizing financial crime.\" class=\"no-lazyload\" \/>\n\t\t\t<a href=\"\/es\/felony-charges\/\" title=\"Haga clic aqu\u00ed\" target=\"_self\"   role=\"button\" aria-label=\" M\u00e1s informaci\u00f3n\">\n\t\t\t\t\t\t\t M\u00e1s informaci\u00f3n\n\t\t<\/a>\n\t\t\t\t\t\t<h3>\n\t\t\t\t\t\tDelitos graves\t\t<\/h3>\n\t\t\t\t\t\t\t\t\t\t\t<img decoding=\"async\" src=\"https:\/\/wegmanlaw.net\/wp-content\/uploads\/2025\/08\/Rectangle-15.jpg\" alt=\"Two individuals with hands cuffed together, held by a third person.\" class=\"no-lazyload\" \/>\n\t\t\t<a href=\"\/es\/misdemeanor-defense-attorney\/\" title=\"Haga clic aqu\u00ed\" target=\"_self\"   role=\"button\" aria-label=\" M\u00e1s informaci\u00f3n\">\n\t\t\t\t\t\t\t M\u00e1s informaci\u00f3n\n\t\t<\/a>\n\t\t\t\t\t\t<h3>\n\t\t\t\t\t\tDelitos menores\t\t<\/h3>\n\t\t\t\t\t\t\t\t\t\t\t<img decoding=\"async\" src=\"https:\/\/wegmanlaw.net\/wp-content\/uploads\/2025\/08\/Rectangle-16.jpg\" alt=\"A gavel and a round plaque with &#039;BAIL BONDS&#039; engraved on it.\" class=\"no-lazyload\" \/>\n\t\t\t<a href=\"\/es\/bond-hearings\/\" title=\"Haga clic aqu\u00ed\" target=\"_self\"   role=\"button\" aria-label=\" M\u00e1s informaci\u00f3n\">\n\t\t\t\t\t\t\t M\u00e1s informaci\u00f3n\n\t\t<\/a>\n\t\t\t\t\t\t<h3>\n\t\t\t\t\t\tAudiencias sobre fianzas\t\t<\/h3>\n\t\t\t\t\t\t\t\t\t\t\t<img decoding=\"async\" src=\"https:\/\/wegmanlaw.net\/wp-content\/uploads\/2025\/08\/Rectangle-14.jpg\" alt=\"A wooden judge&#039;s gavel resting on a sound block in a courtroom.\" class=\"no-lazyload\" \/>\n\t\t\t<a href=\"#\" title=\"Haga clic aqu\u00ed\" target=\"_self\"   role=\"button\" aria-label=\" M\u00e1s informaci\u00f3n\">\n\t\t\t\t\t\t\t M\u00e1s informaci\u00f3n\n\t\t<\/a>\n\t\t\t\t\t\t<h3>\n\t\t\t\t\t\tModificaci\u00f3n de frases\t\t<\/h3>\n\t\t\t\t\t\t\t\t\t\t\t<img decoding=\"async\" src=\"https:\/\/wegmanlaw.net\/wp-content\/uploads\/2025\/08\/Rectangle-12.jpg\" alt=\"A judge and lawyer reviewing documents in a courtroom.\" class=\"no-lazyload\" \/>\n\t\t\t<a href=\"\/es\/probation-violation-hearings\/\" title=\"Haga clic aqu\u00ed\" target=\"_self\"   role=\"button\" aria-label=\" M\u00e1s informaci\u00f3n\">\n\t\t\t\t\t\t\t M\u00e1s informaci\u00f3n\n\t\t<\/a>\n\t\t\t\t\t\t<h3>\n\t\t\t\t\t\tAudiencias por violaci\u00f3n de la libertad condicional\t\t<\/h3>\n\t\t\t\t\t\t\t\t\t\t\t<img decoding=\"async\" src=\"https:\/\/wegmanlaw.net\/wp-content\/uploads\/2025\/08\/Rectangle-11.jpg\" alt=\"Legal professionals discussing a case with a judge&#039;s gavel on the table.\" class=\"no-lazyload\" \/>\n\t\t\t<a href=\"\/es\/second-opinions\/\" title=\"Haga clic aqu\u00ed\" target=\"_self\"   role=\"button\" aria-label=\" M\u00e1s informaci\u00f3n\">\n\t\t\t\t\t\t\t M\u00e1s informaci\u00f3n\n\t\t<\/a>\n\t\t\t\t\t\t<h3>\n\t\t\t\t\t\tSegundas opiniones\t\t<\/h3>\n\t\t\t\t\t\t\t\t\t\t\t<img decoding=\"async\" src=\"https:\/\/wegmanlaw.net\/wp-content\/uploads\/2025\/08\/Rectangle-17.jpg\" alt=\"A judge&#039;s gavel resting on a sound block in a courtroom.\" class=\"no-lazyload\" \/>\n\t\t\t<a href=\"\/es\/criminal-appeals\/\" title=\"Haga clic aqu\u00ed\" target=\"_self\"   role=\"button\" aria-label=\" M\u00e1s informaci\u00f3n\">\n\t\t\t\t\t\t\t M\u00e1s informaci\u00f3n\n\t\t<\/a>\n\t\t\t\t\t\t<h3>\n\t\t\t\t\t\tApelaciones penales (Tribunal de Apelaciones y Tribunal Supremo de Virginia)\t\t<\/h3>\n\t\t\t\t\t\t\t\t\t\t\t<img decoding=\"async\" src=\"https:\/\/wegmanlaw.net\/wp-content\/uploads\/2025\/08\/Rectangle-9.jpg\" alt=\"Criminal record documents with handcuffs and a ruler on a dark surface.\" class=\"no-lazyload\" \/>\n\t\t\t<a href=\"\/es\/expungements-and-sealed-records\/\" title=\"Haga clic aqu\u00ed\" target=\"_self\"   role=\"button\" aria-label=\" M\u00e1s informaci\u00f3n\">\n\t\t\t\t\t\t\t M\u00e1s informaci\u00f3n\n\t\t<\/a>\n\t\t\t\t\t\t<h3>\n\t\t\t\t\t\tCancelaci\u00f3n de antecedentes penales\t\t<\/h3>\n\t\t\t\t\t\t\t\t\t\t\t<img decoding=\"async\" src=\"https:\/\/wegmanlaw.net\/wp-content\/uploads\/2025\/08\/Rectangle-10.jpg\" alt=\"A hand holding a gun near a judge&#039;s gavel on a wooden surface.\" class=\"no-lazyload\" \/>\n\t\t\t<a href=\"\/es\/firearm-restoration-petitions\/\" title=\"Haga clic aqu\u00ed\" target=\"_self\"   role=\"button\" aria-label=\" M\u00e1s informaci\u00f3n\">\n\t\t\t\t\t\t\t M\u00e1s informaci\u00f3n\n\t\t<\/a>\n\t\t\t\t\t\t<h3>\n\t\t\t\t\t\tPeticiones de restauraci\u00f3n de armas de fuego\t\t<\/h3>\n\t\t\t\t\t\t\t\t\t<img decoding=\"async\" src=\"https:\/\/wegmanlaw.net\/wp-content\/uploads\/2025\/08\/Img-001.webp\" alt=\"Lawyer consulting client at wooden desk.\" itemprop=\"image\" height=\"956\" width=\"1146\" srcset=\"https:\/\/wegmanlaw.net\/wp-content\/uploads\/2025\/08\/Img-001.webp 1146w, https:\/\/wegmanlaw.net\/wp-content\/uploads\/2025\/08\/Img-001-300x250.webp 300w, https:\/\/wegmanlaw.net\/wp-content\/uploads\/2025\/08\/Img-001-1024x854.webp 1024w, https:\/\/wegmanlaw.net\/wp-content\/uploads\/2025\/08\/Img-001-768x641.webp 768w\" sizes=\"(max-width: 1146px) 100vw, 1146px\" title=\"Abogado consultando a un cliente en un escritorio de madera.\" onerror=\"this.style.display='none'\" class=\"no-lazyload\" \/>\n\t<a href=\"\/es\/#testimonial\" target=\"_self\"  aria-label=\"Ir a \/#testimonial\"><\/a>\n\t\t\t<h3>3 d\u00e9cadas de experiencia en litigios<\/h3>\t\t\n\t\t\t\t<img decoding=\"async\" src=\"https:\/\/wegmanlaw.net\/wp-content\/uploads\/2025\/08\/Mask-group.png\" alt=\"A user icon inside a gear with three stars above it.\" title=\"Grupo de m\u00e1scaras\" itemprop=\"image\" class=\"no-lazyload\" \/>\n\t\t\t\t<p>5 estrellas<\/p>\n\t\t<h2>\n\t\t\tPor qu\u00e9 elegir nuestros servicios\n\t\t<\/h2>\n\t\tProfundos conocimientos jur\u00eddicos. D\u00e9cadas de experiencia.\t\t\t\n\t\t\t\t<p>El abogado Wegman ha practicado el derecho penal durante casi tres d\u00e9cadas, incluyendo:<\/p>\n\t<ul>\n\t\t\t<li>\n\t\t\t\tEn calidad de oficial del JAG, se ocup\u00f3 de cientos de consejos de guerra y juntas administrativas de licenciamiento.\n\t\t\t<\/li>\n\t\t\t<li>\n\t\t\t\tDesempe\u00f1\u00f3 el cargo de fiscal adjunto especial de los Estados Unidos, enjuiciando casos de delitos graves y menores en las instalaciones de la Marina y la Guardia Costera.\n\t\t\t<\/li>\n\t\t\t<li>\n\t\t\t\tDefendiendo con \u00e9xito a clientes en tribunales civiles y militares en todo el estado de Virginia y en jurisdicciones federales.\n\t\t\t<\/li>\n\t\t<\/ul>\n\t\tSu abogado debe ser algo m\u00e1s que un nombre\t\t\t\n\t\t\t\t<p>Muchas personas eligen a un abogado defensor penalista bas\u00e1ndose en el precio, el renombre o qui\u00e9n aparece primero en una b\u00fasqueda en l\u00ednea. Desafortunadamente, esto puede conducir a una mala representaci\u00f3n, oportunidades perdidas y resultados devastadores. El abogado Wegman recibe con frecuencia casos de clientes que contrataron al abogado equivocado la primera vez y necesitan ayuda real la segunda vez.<\/p>\n\t\tReconocimiento a la excelencia\t\t\t\n\t\t\t\t<p>El abogado Robert L. Wegman ha sido nombrado uno de los tres mejores abogados penalistas de Chesapeake, un reconocimiento que se ha ganado gracias a sus resultados constantes, la confianza de sus clientes y su incansable labor jur\u00eddica.<\/p>\n\t\t<h2>\n\t\t\tNo enfrente los cargos penales solo\n\t\t<\/h2>\n\t\t\t<p>Si usted o un ser querido ha sido arrestado o acusado de un delito, el tiempo es cr\u00edtico. Cuanto antes obtenga representaci\u00f3n legal, m\u00e1s fuerte puede ser su defensa.<\/p>\n\t\t\t<a href=\"\/es\/contact-us\/\" target=\"_self\">\n\t\t\t\t\t\t\tSolicite una consulta gratuita\n\t\t\t\t\t<\/a>","protected":false},"excerpt":{"rendered":"<p>Representaci\u00f3n confiable en derecho penal Inicio \u00bb Servicios \u00bb Derecho penal Abogado defensor penalista Si ha sido acusado de un delito penal, su libertad, su futuro y su reputaci\u00f3n est\u00e1n en juego. En WegmanLaw, ofrecemos una defensa penal estrat\u00e9gica, agresiva y con experiencia a personas de Chesapeake, Virginia Beach, Norfolk, Portsmouth, Suffolk y toda la zona de Hampton Roads. Pero seamos realistas...<\/p>","protected":false},"author":2,"featured_media":19448,"parent":26,"menu_order":0,"comment_status":"closed","ping_status":"closed","template":"","meta":{"footnotes":""},"class_list":["post-27","page","type-page","status-publish","has-post-thumbnail","hentry"],"yoast_head":"<!-- This site is optimized with the Yoast SEO Premium plugin v27.2 (Yoast SEO v27.5) - https:\/\/yoast.com\/product\/yoast-seo-premium-wordpress\/ -->\n<title>Criminal Law | Criminal Defense Attorney by Wegman Law<\/title>\n<meta name=\"description\" content=\"Protect your future with a Criminal Defense Attorney at Wegman Law. Our experienced team is here to help.\" \/>\n<meta name=\"robots\" content=\"index, follow, max-snippet:-1, max-image-preview:large, max-video-preview:-1\" \/>\n<link rel=\"canonical\" href=\"https:\/\/wegmanlaw.net\/es\/wp-json\/wp\/v2\/pages\/27\" \/>\n<meta property=\"og:locale\" content=\"es_MX\" \/>\n<meta property=\"og:type\" content=\"article\" \/>\n<meta property=\"og:title\" content=\"Criminal Defense Strategies - Wegman Law\" \/>\n<meta property=\"og:description\" content=\"Understand your criminal law rights with expert insights from a criminal defense attorney at Wegman Law. Act now.\" \/>\n<meta property=\"og:url\" content=\"https:\/\/wegmanlaw.net\/es\/services\/criminal-law\/\" \/>\n<meta property=\"og:site_name\" content=\"Wegman Law\" \/>\n<meta property=\"article:publisher\" content=\"https:\/\/www.facebook.com\/profile.php?id=61572922497446\" \/>\n<meta property=\"article:modified_time\" content=\"2025-12-22T08:14:52+00:00\" \/>\n<meta property=\"og:image\" content=\"https:\/\/wegmanlaw.net\/wp-content\/uploads\/2025\/09\/qtq80-M0zaql.jpeg\" \/>\n<meta name=\"twitter:card\" content=\"summary_large_image\" \/>\n<meta name=\"twitter:title\" content=\"Criminal Defense Strategies - Wegman Law\" \/>\n<meta name=\"twitter:description\" content=\"Understand your criminal law rights with expert insights from a criminal defense attorney at Wegman Law. Act now.\" \/>\n<meta name=\"twitter:image\" content=\"https:\/\/wegmanlaw.net\/wp-content\/uploads\/2025\/09\/qtq80-M0zaql.jpeg\" \/>\n<meta name=\"twitter:label1\" content=\"Tiempo de lectura\" \/>\n\t<meta name=\"twitter:data1\" content=\"5 minutos\" \/>\n<script type=\"application\/ld+json\" class=\"yoast-schema-graph\">{\"@context\":\"https:\\\/\\\/schema.org\",\"@graph\":[{\"@type\":\"WebPage\",\"@id\":\"https:\\\/\\\/wegmanlaw.net\\\/services\\\/criminal-law\\\/\",\"url\":\"https:\\\/\\\/wegmanlaw.net\\\/services\\\/criminal-law\\\/\",\"name\":\"Criminal Law | Criminal Defense Attorney by Wegman Law\",\"isPartOf\":{\"@id\":\"https:\\\/\\\/wegmanlaw.net\\\/#website\"},\"primaryImageOfPage\":{\"@id\":\"https:\\\/\\\/wegmanlaw.net\\\/services\\\/criminal-law\\\/#primaryimage\"},\"image\":{\"@id\":\"https:\\\/\\\/wegmanlaw.net\\\/services\\\/criminal-law\\\/#primaryimage\"},\"thumbnailUrl\":\"https:\\\/\\\/wegmanlaw.net\\\/wp-content\\\/uploads\\\/2025\\\/09\\\/qtq80-M0zaql.jpeg?wsr\",\"datePublished\":\"2025-07-30T01:50:56+00:00\",\"dateModified\":\"2025-12-22T08:14:52+00:00\",\"description\":\"Protect your future with a Criminal Defense Attorney at Wegman Law. Our experienced team is here to help.\",\"breadcrumb\":{\"@id\":\"https:\\\/\\\/wegmanlaw.net\\\/services\\\/criminal-law\\\/#breadcrumb\"},\"inLanguage\":\"es\",\"potentialAction\":[{\"@type\":\"ReadAction\",\"target\":[\"https:\\\/\\\/wegmanlaw.net\\\/services\\\/criminal-law\\\/\"]}]},{\"@type\":\"ImageObject\",\"inLanguage\":\"es\",\"@id\":\"https:\\\/\\\/wegmanlaw.net\\\/services\\\/criminal-law\\\/#primaryimage\",\"url\":\"https:\\\/\\\/wegmanlaw.net\\\/wp-content\\\/uploads\\\/2025\\\/09\\\/qtq80-M0zaql.jpeg?wsr\",\"contentUrl\":\"https:\\\/\\\/wegmanlaw.net\\\/wp-content\\\/uploads\\\/2025\\\/09\\\/qtq80-M0zaql.jpeg?wsr\",\"width\":1254,\"height\":836,\"caption\":\"Two people signing documents at a table.\"},{\"@type\":\"BreadcrumbList\",\"@id\":\"https:\\\/\\\/wegmanlaw.net\\\/services\\\/criminal-law\\\/#breadcrumb\",\"itemListElement\":[{\"@type\":\"ListItem\",\"position\":1,\"name\":\"Home\",\"item\":\"https:\\\/\\\/wegmanlaw.net\\\/\"},{\"@type\":\"ListItem\",\"position\":2,\"name\":\"Services\",\"item\":\"https:\\\/\\\/wegmanlaw.net\\\/\"},{\"@type\":\"ListItem\",\"position\":3,\"name\":\"Criminal Law\"}]},{\"@type\":\"WebSite\",\"@id\":\"https:\\\/\\\/wegmanlaw.net\\\/#website\",\"url\":\"https:\\\/\\\/wegmanlaw.net\\\/\",\"name\":\"Wegman Law\",\"description\":\"We Solve Problems\",\"publisher\":{\"@id\":\"https:\\\/\\\/wegmanlaw.net\\\/#organization\"},\"potentialAction\":[{\"@type\":\"SearchAction\",\"target\":{\"@type\":\"EntryPoint\",\"urlTemplate\":\"https:\\\/\\\/wegmanlaw.net\\\/?s={search_term_string}\"},\"query-input\":{\"@type\":\"PropertyValueSpecification\",\"valueRequired\":true,\"valueName\":\"search_term_string\"}}],\"inLanguage\":\"es\"},{\"@type\":\"Organization\",\"@id\":\"https:\\\/\\\/wegmanlaw.net\\\/#organization\",\"name\":\"Wegman Law\",\"url\":\"https:\\\/\\\/wegmanlaw.net\\\/\",\"logo\":{\"@type\":\"ImageObject\",\"inLanguage\":\"es\",\"@id\":\"https:\\\/\\\/wegmanlaw.net\\\/#\\\/schema\\\/logo\\\/image\\\/\",\"url\":\"https:\\\/\\\/wegmanlaw.net\\\/wp-content\\\/uploads\\\/2025\\\/07\\\/Site-Logo.webp\",\"contentUrl\":\"https:\\\/\\\/wegmanlaw.net\\\/wp-content\\\/uploads\\\/2025\\\/07\\\/Site-Logo.webp\",\"width\":1195,\"height\":298,\"caption\":\"Wegman Law\"},\"image\":{\"@id\":\"https:\\\/\\\/wegmanlaw.net\\\/#\\\/schema\\\/logo\\\/image\\\/\"},\"sameAs\":[\"https:\\\/\\\/www.facebook.com\\\/profile.php?id=61572922497446\"]}]}<\/script>\n<!-- \/ Yoast SEO Premium plugin. -->","yoast_head_json":{"title":"Derecho Penal | Abogado de Defensa Penal por Wegman Law","description":"Protege tu futuro con un abogado defensor penal en Wegman Law. Nuestro experimentado equipo est\u00e1 aqu\u00ed para ayudarte.","robots":{"index":"index","follow":"follow","max-snippet":"max-snippet:-1","max-image-preview":"max-image-preview:large","max-video-preview":"max-video-preview:-1"},"canonical":"https:\/\/wegmanlaw.net\/es\/wp-json\/wp\/v2\/pages\/27","og_locale":"es_MX","og_type":"article","og_title":"Criminal Defense Strategies - Wegman Law","og_description":"Understand your criminal law rights with expert insights from a criminal defense attorney at Wegman Law. Act now.","og_url":"https:\/\/wegmanlaw.net\/es\/services\/criminal-law\/","og_site_name":"Wegman Law","article_publisher":"https:\/\/www.facebook.com\/profile.php?id=61572922497446","article_modified_time":"2025-12-22T08:14:52+00:00","og_image":[{"url":"https:\/\/wegmanlaw.net\/wp-content\/uploads\/2025\/09\/qtq80-M0zaql.jpeg","type":"","width":"","height":""}],"twitter_card":"summary_large_image","twitter_title":"Criminal Defense Strategies - Wegman Law","twitter_description":"Understand your criminal law rights with expert insights from a criminal defense attorney at Wegman Law. Act now.","twitter_image":"https:\/\/wegmanlaw.net\/wp-content\/uploads\/2025\/09\/qtq80-M0zaql.jpeg","twitter_misc":{"Tiempo de lectura":"5 minutos"},"schema":{"@context":"https:\/\/schema.org","@graph":[{"@type":"WebPage","@id":"https:\/\/wegmanlaw.net\/services\/criminal-law\/","url":"https:\/\/wegmanlaw.net\/services\/criminal-law\/","name":"Derecho Penal | Abogado de Defensa Penal por Wegman Law","isPartOf":{"@id":"https:\/\/wegmanlaw.net\/#website"},"primaryImageOfPage":{"@id":"https:\/\/wegmanlaw.net\/services\/criminal-law\/#primaryimage"},"image":{"@id":"https:\/\/wegmanlaw.net\/services\/criminal-law\/#primaryimage"},"thumbnailUrl":"https:\/\/wegmanlaw.net\/wp-content\/uploads\/2025\/09\/qtq80-M0zaql.jpeg?wsr","datePublished":"2025-07-30T01:50:56+00:00","dateModified":"2025-12-22T08:14:52+00:00","description":"Protege tu futuro con un abogado defensor penal en Wegman Law. Nuestro experimentado equipo est\u00e1 aqu\u00ed para ayudarte.","breadcrumb":{"@id":"https:\/\/wegmanlaw.net\/services\/criminal-law\/#breadcrumb"},"inLanguage":"es","potentialAction":[{"@type":"ReadAction","target":["https:\/\/wegmanlaw.net\/services\/criminal-law\/"]}]},{"@type":"ImageObject","inLanguage":"es","@id":"https:\/\/wegmanlaw.net\/services\/criminal-law\/#primaryimage","url":"https:\/\/wegmanlaw.net\/wp-content\/uploads\/2025\/09\/qtq80-M0zaql.jpeg?wsr","contentUrl":"https:\/\/wegmanlaw.net\/wp-content\/uploads\/2025\/09\/qtq80-M0zaql.jpeg?wsr","width":1254,"height":836,"caption":"Two people signing documents at a table."},{"@type":"BreadcrumbList","@id":"https:\/\/wegmanlaw.net\/services\/criminal-law\/#breadcrumb","itemListElement":[{"@type":"ListItem","position":1,"name":"Home","item":"https:\/\/wegmanlaw.net\/"},{"@type":"ListItem","position":2,"name":"Services","item":"https:\/\/wegmanlaw.net\/"},{"@type":"ListItem","position":3,"name":"Criminal Law"}]},{"@type":"WebSite","@id":"https:\/\/wegmanlaw.net\/#website","url":"https:\/\/wegmanlaw.net\/","name":"Ley Wegman","description":"Resolvemos problemas","publisher":{"@id":"https:\/\/wegmanlaw.net\/#organization"},"potentialAction":[{"@type":"SearchAction","target":{"@type":"EntryPoint","urlTemplate":"https:\/\/wegmanlaw.net\/?s={search_term_string}"},"query-input":{"@type":"PropertyValueSpecification","valueRequired":true,"valueName":"search_term_string"}}],"inLanguage":"es"},{"@type":"Organization","@id":"https:\/\/wegmanlaw.net\/#organization","name":"Ley Wegman","url":"https:\/\/wegmanlaw.net\/","logo":{"@type":"ImageObject","inLanguage":"es","@id":"https:\/\/wegmanlaw.net\/#\/schema\/logo\/image\/","url":"https:\/\/wegmanlaw.net\/wp-content\/uploads\/2025\/07\/Site-Logo.webp","contentUrl":"https:\/\/wegmanlaw.net\/wp-content\/uploads\/2025\/07\/Site-Logo.webp","width":1195,"height":298,"caption":"Wegman Law"},"image":{"@id":"https:\/\/wegmanlaw.net\/#\/schema\/logo\/image\/"},"sameAs":["https:\/\/www.facebook.com\/profile.php?id=61572922497446"]}]}},"_links":{"self":[{"href":"https:\/\/wegmanlaw.net\/es\/wp-json\/wp\/v2\/pages\/27","targetHints":{"allow":["GET"]}}],"collection":[{"href":"https:\/\/wegmanlaw.net\/es\/wp-json\/wp\/v2\/pages"}],"about":[{"href":"https:\/\/wegmanlaw.net\/es\/wp-json\/wp\/v2\/types\/page"}],"author":[{"embeddable":true,"href":"https:\/\/wegmanlaw.net\/es\/wp-json\/wp\/v2\/users\/2"}],"replies":[{"embeddable":true,"href":"https:\/\/wegmanlaw.net\/es\/wp-json\/wp\/v2\/comments?post=27"}],"version-history":[{"count":5,"href":"https:\/\/wegmanlaw.net\/es\/wp-json\/wp\/v2\/pages\/27\/revisions"}],"predecessor-version":[{"id":19639,"href":"https:\/\/wegmanlaw.net\/es\/wp-json\/wp\/v2\/pages\/27\/revisions\/19639"}],"up":[{"embeddable":true,"href":"https:\/\/wegmanlaw.net\/es\/wp-json\/wp\/v2\/pages\/26"}],"wp:featuredmedia":[{"embeddable":true,"href":"https:\/\/wegmanlaw.net\/es\/wp-json\/wp\/v2\/media\/19448"}],"wp:attachment":[{"href":"https:\/\/wegmanlaw.net\/es\/wp-json\/wp\/v2\/media?parent=27"}],"curies":[{"name":"wp","href":"https:\/\/api.w.org\/{rel}","templated":true}]}}