{"id":28,"date":"2025-07-30T01:50:57","date_gmt":"2025-07-30T01:50:57","guid":{"rendered":"https:\/\/wegmanlaw.net\/traffic-law\/"},"modified":"2025-12-22T04:14:37","modified_gmt":"2025-12-22T08:14:37","slug":"traffic-law","status":"publish","type":"page","link":"https:\/\/wegmanlaw.net\/es\/services\/traffic-law\/","title":{"rendered":"Derecho de la Circulaci\u00f3n"},"content":{"rendered":"<h1>\n\t\t\tApoyo experto en Derecho de la Circulaci\u00f3n\n\t\t<\/h1>\n\t<nav id=\"breadcrumbs\" aria-label=\"Migas de pan\"><a href=\"https:\/\/wegmanlaw.net\/es\/\">Inicio<\/a> \" <a href=\"https:\/\/wegmanlaw.net\/es\/\">Servicios<\/a> \u00bb Ley de Tr\u00e1fico<\/nav>\n\t\t<h2>\n\t\t\t\t\t\t\t<a\n\t\t\t\t\thref=\"https:\/\/wegmanlaw.net\/es\/speeding-tickets\/\"\n\t\t\t\t\ttarget=\"_self\">\n\t\t\t\u00c1reas de especializaci\u00f3n\n\t\t\t\t\t\t\t\t\t\t\ten Derecho de la Circulaci\u00f3n\n\t\t\t\t\t\t\t<\/a>\n\t\t<\/h2>\n\t\t\t\t\t\t\t<img decoding=\"async\" src=\"https:\/\/wegmanlaw.net\/wp-content\/uploads\/2025\/08\/Icon-02.webp\" alt=\"DUI\/DWI\" class=\"no-lazyload\" \/>\n\t\t\t\t\t\t\t<a\n\t\t\t\t\thref=\"\/es\/dui-dwi-cases\/\"\n\t\t\t\t\ttarget=\"_self\">\n\t\t\tDUI\/DWI\n\t\t\t\t\t\t\t<\/a>\n\t\t\t\t\t\t\t<img decoding=\"async\" src=\"https:\/\/wegmanlaw.net\/wp-content\/uploads\/2025\/08\/Icon-01.webp\" alt=\"Reckless Driving\" class=\"no-lazyload\" \/>\n\t\t\t\t\t\t\t<a\n\t\t\t\t\thref=\"\/es\/reckless-driving\/\"\n\t\t\t\t\ttarget=\"_self\">\n\t\t\tConducci\u00f3n temeraria\n\t\t\t\t\t\t\t<\/a>\n\t\t\t\t\t\t\t<img decoding=\"async\" src=\"https:\/\/wegmanlaw.net\/wp-content\/uploads\/2025\/08\/Icon-03.webp\" alt=\"Aggressive Driving\" class=\"no-lazyload\" \/>\n\t\t\tConducci\u00f3n agresiva\n\t\t\t\t\t\t\t<img decoding=\"async\" src=\"https:\/\/wegmanlaw.net\/wp-content\/uploads\/2025\/08\/Icon-1.6.webp\" alt=\"Speeding Tickets\" class=\"no-lazyload\" \/>\n\t\t\t\t\t\t\t<a\n\t\t\t\t\thref=\"\/es\/speeding-tickets\/\"\n\t\t\t\t\ttarget=\"_self\">\n\t\t\tMultas por exceso de velocidad\n\t\t\t\t\t\t\t<\/a>\n\t\t\t\t\t\t\t<img decoding=\"async\" src=\"https:\/\/wegmanlaw.net\/wp-content\/uploads\/2025\/08\/Icon-05.webp\" alt=\"Driving on a Revoked or Suspended License\" class=\"no-lazyload\" \/>\n\t\t\t\t\t\t\t<a\n\t\t\t\t\thref=\"\/es\/revoked-or-suspended-license\/\"\n\t\t\t\t\ttarget=\"_self\">\n\t\t\tConducir con el permiso retirado o suspendido\n\t\t\t\t\t\t\t<\/a>\n\t\t\t\t\t\t\t<img decoding=\"async\" src=\"https:\/\/wegmanlaw.net\/wp-content\/uploads\/2025\/08\/Icon-0.1.webp\" alt=\"Eluding the Police\" class=\"no-lazyload\" \/>\n\t\t\tEludir a la polic\u00eda\n\t\t\t\t\t\t\t<img decoding=\"async\" src=\"https:\/\/wegmanlaw.net\/wp-content\/uploads\/2025\/08\/Icon-07.webp\" alt=\"Hit and Run (Felony &amp; Misdemeanor)\" class=\"no-lazyload\" \/>\n\t\t\tAtropello y fuga (delito grave y delito menor)\n\t\t\t\t\t\t\t\t\t<img decoding=\"async\" src=\"https:\/\/wegmanlaw.net\/wp-content\/uploads\/2025\/08\/Img-05.webp\" alt=\"Gavel and car key on textured surface.\" itemprop=\"image\" height=\"956\" width=\"1146\" srcset=\"https:\/\/wegmanlaw.net\/wp-content\/uploads\/2025\/08\/Img-05.webp 1146w, https:\/\/wegmanlaw.net\/wp-content\/uploads\/2025\/08\/Img-05-300x250.webp 300w, https:\/\/wegmanlaw.net\/wp-content\/uploads\/2025\/08\/Img-05-1024x854.webp 1024w, https:\/\/wegmanlaw.net\/wp-content\/uploads\/2025\/08\/Img-05-768x641.webp 768w\" sizes=\"(max-width: 1146px) 100vw, 1146px\" title=\"Mazo y llave de coche sobre superficie texturizada.\" onerror=\"this.style.display='none'\" class=\"no-lazyload\" \/>\n\t\t<h2>\n\t\t\tQu\u00e9 gestionamos\n\t\t<\/h2>\n\t<ul>\n\t\t\t<li>\n\t\t\t\tDefensa de DUI por primera vez y DUI repetido\n\t\t\t<\/li>\n\t\t\t<li>\n\t\t\t\tInfracciones del permiso de conducir comercial (CDL)\n\t\t\t<\/li>\n\t\t\t<li>\n\t\t\t\tIncomparecencia\/falta a citas judiciales\n\t\t\t<\/li>\n\t\t\t<li>\n\t\t\t\tRecursos contra multas de tr\u00e1fico\n\t\t\t<\/li>\n\t\t\t<li>\n\t\t\t\tAudiencias de restituci\u00f3n de licencias\n\t\t\t<\/li>\n\t\t\t<li>\n\t\t\t\tConductores de fuera del estado citados en Virginia\n\t\t\t<\/li>\n\t\t<\/ul>\n\t\t<h2>\n\t\t\tFuera del Estado o\n\t\t\t\t\t\t\t\t\t\t\t\u00bfConductor comercial?\n\t\t<\/h2>\n\t\t\t<p>Regularmente representamos a turistas, miembros del ej\u00e9rcito y conductores de camiones citados en Virginia mientras est\u00e1n de paso o estacionados aqu\u00ed. No se arriesgue a puntos de licencia o antecedentes penales en un estado que no vive en-Wegman Law puede ayudarle a resolver el problema sin necesidad de viajar de regreso a Virginia.<\/p>\t\t\n\t\t\t\t\t\t\t\t\t<img decoding=\"async\" src=\"https:\/\/wegmanlaw.net\/wp-content\/uploads\/2025\/08\/Img-004.webp\" alt=\"Judge with gavel, car model, and documents.\" itemprop=\"image\" height=\"956\" width=\"1146\" srcset=\"https:\/\/wegmanlaw.net\/wp-content\/uploads\/2025\/08\/Img-004.webp 1146w, https:\/\/wegmanlaw.net\/wp-content\/uploads\/2025\/08\/Img-004-300x250.webp 300w, https:\/\/wegmanlaw.net\/wp-content\/uploads\/2025\/08\/Img-004-1024x854.webp 1024w, https:\/\/wegmanlaw.net\/wp-content\/uploads\/2025\/08\/Img-004-768x641.webp 768w\" sizes=\"(max-width: 1146px) 100vw, 1146px\" title=\"Juez con mazo, modelo de coche y documentos.\" onerror=\"this.style.display='none'\" class=\"no-lazyload\" \/>\n\t\t<h2>\n\t\t\tPor qu\u00e9 los clientes conf\u00edan en nosotros\n\t\t<\/h2>\n\t\t\t\t\t\t\t\t\t<img decoding=\"async\" src=\"https:\/\/wegmanlaw.net\/wp-content\/uploads\/2025\/08\/Img-09.webp\" alt=\"Courtroom scene with lawyer presenting evidence.\" itemprop=\"image\" height=\"675\" width=\"1200\" srcset=\"https:\/\/wegmanlaw.net\/wp-content\/uploads\/2025\/08\/Img-09.webp 1200w, https:\/\/wegmanlaw.net\/wp-content\/uploads\/2025\/08\/Img-09-300x169.webp 300w, https:\/\/wegmanlaw.net\/wp-content\/uploads\/2025\/08\/Img-09-1024x576.webp 1024w, https:\/\/wegmanlaw.net\/wp-content\/uploads\/2025\/08\/Img-09-768x432.webp 768w\" sizes=\"(max-width: 1200px) 100vw, 1200px\" title=\"Escena de tribunal con abogado presentando pruebas.\" onerror=\"this.style.display='none'\" class=\"no-lazyload\" \/>\n\t\t\tExperiencia en todos los tribunales de Tidewater\n\t\t\t<p>El abogado Wegman ha pasado d\u00e9cadas defendiendo casos de tr\u00e1fico y DUI a trav\u00e9s de Virginia Beach, Norfolk, Portsmouth, Hampton, Newport News, Suffolk, y m\u00e1s all\u00e1. Su conocimiento de los procedimientos judiciales locales-y su familiaridad con los jueces y fiscales-puede hacer una diferencia cr\u00edtica en su resultado.<\/p>\t\t\n\t\t\t\t\t\t\t\t\t<img decoding=\"async\" src=\"https:\/\/wegmanlaw.net\/wp-content\/uploads\/2025\/08\/Img-005.webp\" alt=\"Two women discussing in an office setting.\" itemprop=\"image\" height=\"675\" width=\"1200\" srcset=\"https:\/\/wegmanlaw.net\/wp-content\/uploads\/2025\/08\/Img-005.webp 1200w, https:\/\/wegmanlaw.net\/wp-content\/uploads\/2025\/08\/Img-005-300x169.webp 300w, https:\/\/wegmanlaw.net\/wp-content\/uploads\/2025\/08\/Img-005-1024x576.webp 1024w, https:\/\/wegmanlaw.net\/wp-content\/uploads\/2025\/08\/Img-005-768x432.webp 768w\" sizes=\"(max-width: 1200px) 100vw, 1200px\" title=\"Dos mujeres discuten en un despacho.\" onerror=\"this.style.display='none'\" class=\"no-lazyload\" \/>\n\t\t\tOrientaci\u00f3n clara en un proceso confuso\n\t\t\t<p>Las leyes de tr\u00e1fico de Virginia son unas de las m\u00e1s estrictas del pa\u00eds. Para muchos, el proceso es confuso, especialmente si usted es de fuera del estado y no puede asistir a su fecha de corte. Wegman Law representa con frecuencia a los no residentes y los conductores comerciales, trabajando para resolver sus problemas legales de manera eficiente y, a menudo sin la necesidad de comparecencias ante el tribunal en persona.<\/p>\n\t\t\t\t\t\t\t\t\t<img decoding=\"async\" src=\"https:\/\/wegmanlaw.net\/wp-content\/uploads\/2025\/08\/Img-07.webp\" alt=\"Lawyer consulting client at office desk.\" itemprop=\"image\" height=\"675\" width=\"1200\" srcset=\"https:\/\/wegmanlaw.net\/wp-content\/uploads\/2025\/08\/Img-07.webp 1200w, https:\/\/wegmanlaw.net\/wp-content\/uploads\/2025\/08\/Img-07-300x169.webp 300w, https:\/\/wegmanlaw.net\/wp-content\/uploads\/2025\/08\/Img-07-1024x576.webp 1024w, https:\/\/wegmanlaw.net\/wp-content\/uploads\/2025\/08\/Img-07-768x432.webp 768w\" sizes=\"(max-width: 1200px) 100vw, 1200px\" title=\"Abogado consultando a un cliente en la mesa de su despacho.\" onerror=\"this.style.display='none'\" class=\"no-lazyload\" \/>\n\t\t\tAyudarle a avanzar, no s\u00f3lo a pagar multas\n\t\t\t<p>Una multa de tr\u00e1fico no es s\u00f3lo una molestia, puede afectar su historial de conducci\u00f3n, seguro, trabajo y libertad. Nos centramos en la reducci\u00f3n o desestimaci\u00f3n de los cargos, la preservaci\u00f3n de sus privilegios de conducir, y la prevenci\u00f3n de consecuencias a largo plazo.<\/p>\n\t\t<h2>\n\t\t\tConsulta confidencial gratuita\n\t\t<\/h2>\n\t\t\t<p>Si usted ha sido citado o acusado de una ofensa de tr\u00e1fico en Virginia, usted no tiene que enfrentar el sistema legal solo. Llame al abogado Robert L. Wegman hoy para respuestas directas y defensa dedicada.<\/p>\t\t\n\t\t\t<a href=\"\/es\/contact-us\/\" target=\"_self\">\n\t\t\t\t\t\t\tPrograme la revisi\u00f3n gratuita de su caso\n\t\t\t\t\t<\/a>","protected":false},"excerpt":{"rendered":"<p>Expertos en Derecho de Tr\u00e1fico Inicio \u00bb Servicios \u00bb Derecho de Tr\u00e1fico \u00c1reas de especializaci\u00f3n en Derecho de Tr\u00e1fico DUI\/DWI Conducci\u00f3n temeraria Conducci\u00f3n agresiva Multas por exceso de velocidad Conducir con una licencia revocada o suspendida Eludir a la polic\u00eda Atropello y fuga (delito grave y delito menor) Lo que manejamos Por primera vez DUI y repetici\u00f3n de DUI Defensa Licencia de Conducir Comercial (CDL) Violaci\u00f3nes...<\/p>","protected":false},"author":2,"featured_media":18992,"parent":26,"menu_order":0,"comment_status":"closed","ping_status":"closed","template":"","meta":{"footnotes":""},"class_list":["post-28","page","type-page","status-publish","has-post-thumbnail","hentry"],"yoast_head":"<!-- This site is optimized with the Yoast SEO Premium plugin v27.2 (Yoast SEO v27.5) - https:\/\/yoast.com\/product\/yoast-seo-premium-wordpress\/ -->\n<title>Traffic Law | Expert Defense by Wegman Law<\/title>\n<meta name=\"description\" content=\"Get Expert Traffic Defense from Wegman Law. Protect your rights and driving privileges in Virginia.\" \/>\n<meta name=\"robots\" content=\"index, follow, max-snippet:-1, max-image-preview:large, max-video-preview:-1\" \/>\n<link rel=\"canonical\" href=\"https:\/\/wegmanlaw.net\/es\/wp-json\/wp\/v2\/pages\/28\" \/>\n<meta property=\"og:locale\" content=\"es_MX\" \/>\n<meta property=\"og:type\" content=\"article\" \/>\n<meta property=\"og:title\" content=\"Traffic Violation Overview - Wegman Law\" \/>\n<meta property=\"og:description\" content=\"Expert guidance on traffic law in Virginia from Wegman Law. Contact us now.\" \/>\n<meta property=\"og:url\" content=\"https:\/\/wegmanlaw.net\/es\/services\/traffic-law\/\" \/>\n<meta property=\"og:site_name\" content=\"Wegman Law\" \/>\n<meta property=\"article:publisher\" content=\"https:\/\/www.facebook.com\/profile.php?id=61572922497446\" \/>\n<meta property=\"article:modified_time\" content=\"2025-12-22T08:14:37+00:00\" \/>\n<meta property=\"og:image\" content=\"https:\/\/wegmanlaw.net\/wp-content\/uploads\/2025\/08\/Img-02.webp\" \/>\n<meta name=\"twitter:card\" content=\"summary_large_image\" \/>\n<meta name=\"twitter:title\" content=\"Traffic Violation Overview - Wegman Law\" \/>\n<meta name=\"twitter:description\" content=\"Expert guidance on traffic law in Virginia from Wegman Law. Contact us now.\" \/>\n<meta name=\"twitter:image\" content=\"https:\/\/wegmanlaw.net\/wp-content\/uploads\/2025\/08\/Img-02.webp\" \/>\n<meta name=\"twitter:label1\" content=\"Tiempo de lectura\" \/>\n\t<meta name=\"twitter:data1\" content=\"4 minutos\" \/>\n<script type=\"application\/ld+json\" class=\"yoast-schema-graph\">{\"@context\":\"https:\\\/\\\/schema.org\",\"@graph\":[{\"@type\":\"WebPage\",\"@id\":\"https:\\\/\\\/wegmanlaw.net\\\/services\\\/traffic-law\\\/\",\"url\":\"https:\\\/\\\/wegmanlaw.net\\\/services\\\/traffic-law\\\/\",\"name\":\"Traffic Law | Expert Defense by Wegman Law\",\"isPartOf\":{\"@id\":\"https:\\\/\\\/wegmanlaw.net\\\/#website\"},\"primaryImageOfPage\":{\"@id\":\"https:\\\/\\\/wegmanlaw.net\\\/services\\\/traffic-law\\\/#primaryimage\"},\"image\":{\"@id\":\"https:\\\/\\\/wegmanlaw.net\\\/services\\\/traffic-law\\\/#primaryimage\"},\"thumbnailUrl\":\"https:\\\/\\\/wegmanlaw.net\\\/wp-content\\\/uploads\\\/2025\\\/08\\\/Img-02.webp?wsr\",\"datePublished\":\"2025-07-30T01:50:57+00:00\",\"dateModified\":\"2025-12-22T08:14:37+00:00\",\"description\":\"Get Expert Traffic Defense from Wegman Law. Protect your rights and driving privileges in Virginia.\",\"breadcrumb\":{\"@id\":\"https:\\\/\\\/wegmanlaw.net\\\/services\\\/traffic-law\\\/#breadcrumb\"},\"inLanguage\":\"es\",\"potentialAction\":[{\"@type\":\"ReadAction\",\"target\":[\"https:\\\/\\\/wegmanlaw.net\\\/services\\\/traffic-law\\\/\"]}]},{\"@type\":\"ImageObject\",\"inLanguage\":\"es\",\"@id\":\"https:\\\/\\\/wegmanlaw.net\\\/services\\\/traffic-law\\\/#primaryimage\",\"url\":\"https:\\\/\\\/wegmanlaw.net\\\/wp-content\\\/uploads\\\/2025\\\/08\\\/Img-02.webp?wsr\",\"contentUrl\":\"https:\\\/\\\/wegmanlaw.net\\\/wp-content\\\/uploads\\\/2025\\\/08\\\/Img-02.webp?wsr\",\"width\":1200,\"height\":800,\"caption\":\"Traffic violation ticket, gavel, and traffic light.\"},{\"@type\":\"BreadcrumbList\",\"@id\":\"https:\\\/\\\/wegmanlaw.net\\\/services\\\/traffic-law\\\/#breadcrumb\",\"itemListElement\":[{\"@type\":\"ListItem\",\"position\":1,\"name\":\"Home\",\"item\":\"https:\\\/\\\/wegmanlaw.net\\\/\"},{\"@type\":\"ListItem\",\"position\":2,\"name\":\"Services\",\"item\":\"https:\\\/\\\/wegmanlaw.net\\\/\"},{\"@type\":\"ListItem\",\"position\":3,\"name\":\"Traffic Law\"}]},{\"@type\":\"WebSite\",\"@id\":\"https:\\\/\\\/wegmanlaw.net\\\/#website\",\"url\":\"https:\\\/\\\/wegmanlaw.net\\\/\",\"name\":\"Wegman Law\",\"description\":\"We Solve Problems\",\"publisher\":{\"@id\":\"https:\\\/\\\/wegmanlaw.net\\\/#organization\"},\"potentialAction\":[{\"@type\":\"SearchAction\",\"target\":{\"@type\":\"EntryPoint\",\"urlTemplate\":\"https:\\\/\\\/wegmanlaw.net\\\/?s={search_term_string}\"},\"query-input\":{\"@type\":\"PropertyValueSpecification\",\"valueRequired\":true,\"valueName\":\"search_term_string\"}}],\"inLanguage\":\"es\"},{\"@type\":\"Organization\",\"@id\":\"https:\\\/\\\/wegmanlaw.net\\\/#organization\",\"name\":\"Wegman Law\",\"url\":\"https:\\\/\\\/wegmanlaw.net\\\/\",\"logo\":{\"@type\":\"ImageObject\",\"inLanguage\":\"es\",\"@id\":\"https:\\\/\\\/wegmanlaw.net\\\/#\\\/schema\\\/logo\\\/image\\\/\",\"url\":\"https:\\\/\\\/wegmanlaw.net\\\/wp-content\\\/uploads\\\/2025\\\/07\\\/Site-Logo.webp\",\"contentUrl\":\"https:\\\/\\\/wegmanlaw.net\\\/wp-content\\\/uploads\\\/2025\\\/07\\\/Site-Logo.webp\",\"width\":1195,\"height\":298,\"caption\":\"Wegman Law\"},\"image\":{\"@id\":\"https:\\\/\\\/wegmanlaw.net\\\/#\\\/schema\\\/logo\\\/image\\\/\"},\"sameAs\":[\"https:\\\/\\\/www.facebook.com\\\/profile.php?id=61572922497446\"]}]}<\/script>\n<!-- \/ Yoast SEO Premium plugin. -->","yoast_head_json":{"title":"Ley de tr\u00e1nsito | Defensa experta por Wegman Law","description":"Obtenga defensa experta en materia de tr\u00e1fico con Wegman Law. Proteja sus derechos y privilegios de conducir en Virginia.","robots":{"index":"index","follow":"follow","max-snippet":"max-snippet:-1","max-image-preview":"max-image-preview:large","max-video-preview":"max-video-preview:-1"},"canonical":"https:\/\/wegmanlaw.net\/es\/wp-json\/wp\/v2\/pages\/28","og_locale":"es_MX","og_type":"article","og_title":"Traffic Violation Overview - Wegman Law","og_description":"Expert guidance on traffic law in Virginia from Wegman Law. Contact us now.","og_url":"https:\/\/wegmanlaw.net\/es\/services\/traffic-law\/","og_site_name":"Wegman Law","article_publisher":"https:\/\/www.facebook.com\/profile.php?id=61572922497446","article_modified_time":"2025-12-22T08:14:37+00:00","og_image":[{"url":"https:\/\/wegmanlaw.net\/wp-content\/uploads\/2025\/08\/Img-02.webp","type":"","width":"","height":""}],"twitter_card":"summary_large_image","twitter_title":"Traffic Violation Overview - Wegman Law","twitter_description":"Expert guidance on traffic law in Virginia from Wegman Law. Contact us now.","twitter_image":"https:\/\/wegmanlaw.net\/wp-content\/uploads\/2025\/08\/Img-02.webp","twitter_misc":{"Tiempo de lectura":"4 minutos"},"schema":{"@context":"https:\/\/schema.org","@graph":[{"@type":"WebPage","@id":"https:\/\/wegmanlaw.net\/services\/traffic-law\/","url":"https:\/\/wegmanlaw.net\/services\/traffic-law\/","name":"Ley de tr\u00e1nsito | Defensa experta por Wegman Law","isPartOf":{"@id":"https:\/\/wegmanlaw.net\/#website"},"primaryImageOfPage":{"@id":"https:\/\/wegmanlaw.net\/services\/traffic-law\/#primaryimage"},"image":{"@id":"https:\/\/wegmanlaw.net\/services\/traffic-law\/#primaryimage"},"thumbnailUrl":"https:\/\/wegmanlaw.net\/wp-content\/uploads\/2025\/08\/Img-02.webp?wsr","datePublished":"2025-07-30T01:50:57+00:00","dateModified":"2025-12-22T08:14:37+00:00","description":"Obtenga defensa experta en materia de tr\u00e1fico con Wegman Law. Proteja sus derechos y privilegios de conducir en Virginia.","breadcrumb":{"@id":"https:\/\/wegmanlaw.net\/services\/traffic-law\/#breadcrumb"},"inLanguage":"es","potentialAction":[{"@type":"ReadAction","target":["https:\/\/wegmanlaw.net\/services\/traffic-law\/"]}]},{"@type":"ImageObject","inLanguage":"es","@id":"https:\/\/wegmanlaw.net\/services\/traffic-law\/#primaryimage","url":"https:\/\/wegmanlaw.net\/wp-content\/uploads\/2025\/08\/Img-02.webp?wsr","contentUrl":"https:\/\/wegmanlaw.net\/wp-content\/uploads\/2025\/08\/Img-02.webp?wsr","width":1200,"height":800,"caption":"Traffic violation ticket, gavel, and traffic light."},{"@type":"BreadcrumbList","@id":"https:\/\/wegmanlaw.net\/services\/traffic-law\/#breadcrumb","itemListElement":[{"@type":"ListItem","position":1,"name":"Home","item":"https:\/\/wegmanlaw.net\/"},{"@type":"ListItem","position":2,"name":"Services","item":"https:\/\/wegmanlaw.net\/"},{"@type":"ListItem","position":3,"name":"Traffic Law"}]},{"@type":"WebSite","@id":"https:\/\/wegmanlaw.net\/#website","url":"https:\/\/wegmanlaw.net\/","name":"Ley Wegman","description":"Resolvemos problemas","publisher":{"@id":"https:\/\/wegmanlaw.net\/#organization"},"potentialAction":[{"@type":"SearchAction","target":{"@type":"EntryPoint","urlTemplate":"https:\/\/wegmanlaw.net\/?s={search_term_string}"},"query-input":{"@type":"PropertyValueSpecification","valueRequired":true,"valueName":"search_term_string"}}],"inLanguage":"es"},{"@type":"Organization","@id":"https:\/\/wegmanlaw.net\/#organization","name":"Ley Wegman","url":"https:\/\/wegmanlaw.net\/","logo":{"@type":"ImageObject","inLanguage":"es","@id":"https:\/\/wegmanlaw.net\/#\/schema\/logo\/image\/","url":"https:\/\/wegmanlaw.net\/wp-content\/uploads\/2025\/07\/Site-Logo.webp","contentUrl":"https:\/\/wegmanlaw.net\/wp-content\/uploads\/2025\/07\/Site-Logo.webp","width":1195,"height":298,"caption":"Wegman Law"},"image":{"@id":"https:\/\/wegmanlaw.net\/#\/schema\/logo\/image\/"},"sameAs":["https:\/\/www.facebook.com\/profile.php?id=61572922497446"]}]}},"_links":{"self":[{"href":"https:\/\/wegmanlaw.net\/es\/wp-json\/wp\/v2\/pages\/28","targetHints":{"allow":["GET"]}}],"collection":[{"href":"https:\/\/wegmanlaw.net\/es\/wp-json\/wp\/v2\/pages"}],"about":[{"href":"https:\/\/wegmanlaw.net\/es\/wp-json\/wp\/v2\/types\/page"}],"author":[{"embeddable":true,"href":"https:\/\/wegmanlaw.net\/es\/wp-json\/wp\/v2\/users\/2"}],"replies":[{"embeddable":true,"href":"https:\/\/wegmanlaw.net\/es\/wp-json\/wp\/v2\/comments?post=28"}],"version-history":[{"count":5,"href":"https:\/\/wegmanlaw.net\/es\/wp-json\/wp\/v2\/pages\/28\/revisions"}],"predecessor-version":[{"id":19624,"href":"https:\/\/wegmanlaw.net\/es\/wp-json\/wp\/v2\/pages\/28\/revisions\/19624"}],"up":[{"embeddable":true,"href":"https:\/\/wegmanlaw.net\/es\/wp-json\/wp\/v2\/pages\/26"}],"wp:featuredmedia":[{"embeddable":true,"href":"https:\/\/wegmanlaw.net\/es\/wp-json\/wp\/v2\/media\/18992"}],"wp:attachment":[{"href":"https:\/\/wegmanlaw.net\/es\/wp-json\/wp\/v2\/media?parent=28"}],"curies":[{"name":"wp","href":"https:\/\/api.w.org\/{rel}","templated":true}]}}