{"id":29,"date":"2025-07-30T01:50:57","date_gmt":"2025-07-30T01:50:57","guid":{"rendered":"https:\/\/wegmanlaw.net\/contact-us\/"},"modified":"2025-12-22T04:17:06","modified_gmt":"2025-12-22T08:17:06","slug":"contact-us","status":"publish","type":"page","link":"https:\/\/wegmanlaw.net\/es\/contact-us\/","title":{"rendered":"P\u00f3ngase en contacto con nosotros"},"content":{"rendered":"<h1>\n\t\t\tP\u00f3ngase en contacto con nosotros\n\t\t<\/h1>\n\t<nav id=\"breadcrumbs\" aria-label=\"Migas de pan\"><a href=\"https:\/\/wegmanlaw.net\/es\/\">Inicio<\/a> \u00bb Cont\u00e1ctenos<\/nav>\n\t\t<h2>\n\t\t\tP\u00f3ngase en contacto con nosotros para obtener m\u00e1s informaci\u00f3n.\n\t\t<\/h2>\n\t<ul>\n\t\t<li>\t\t\t\t\n\t\t<a href=\"https:\/\/maps.app.goo.gl\/gdcSrSm1BkmMEsyh9\" target=\"_blank\" rel=\"noopener\">392 South Battlefield Boulevard, Suite 202<br \/>\nChesapeake, Virginia 23322<\/a>\n<\/li><li>\t\t\t\t\n\t\t<p><a href=\"tel:+17574825205\">(757) 482-5205<\/a><\/p>\n<\/li><li>\t\t\t\t\n\t\t<p>(757) 546-5717<\/p><\/li><li>\t\t\t\t\n\t\t<p><a href=\"mailto:rwegman@wegmanlaw.net\">rwegman@wegmanlaw.net<\/a><\/p>\n<\/li><li>\t\t\t\t\n\t\t<p>Abierto 24 horas al d\u00eda, 7 d\u00edas a la semana<\/p>\n<\/li>\t<\/ul>\n\t\t\t\t\t\t\t\"*\" indica campos obligatorios\n                        <form method='post' enctype='multipart\/form-data' target='gform_ajax_frame_1' id='gform_1'  action='\/es\/?page_id=29&#038;fl_builder#gf_1' data-formid='1' novalidate data-trp-original-action=\"\/?page_id=29&#038;fl_builder#gf_1\">\n                        <label class='gfield_label gform-field-label' for='input_1_1'>Nombre<\/label><input name='input_1' id='input_1_1' type='text' value='' class='large'   tabindex='100'  aria-required=\"true\" aria-invalid=\"false\"   \/><label class='gfield_label gform-field-label' for='input_1_2'>Tel\u00e9fono*<\/label><input name='input_2' id='input_1_2' type='tel' value='' class='large' tabindex='101'  aria-required=\"true\" aria-invalid=\"false\"   \/><label class='gfield_label gform-field-label' for='input_1_3'>Correo electr\u00f3nico<\/label>\n                            <input name='input_3' id='input_1_3' type='email' value='' class='large' tabindex='102'   aria-required=\"true\" aria-invalid=\"false\"  \/>\n                        <label class='gfield_label gform-field-label' for='input_1_4'>Mensaje<\/label><textarea name='input_4' id='input_1_4' class='textarea small' tabindex='103'     aria-invalid=\"false\"   rows='10' cols='50'><\/textarea><label class='gfield_label gform-field-label' for='input_1_5'>Correo electr\u00f3nico<\/label><input name='input_5' id='input_1_5' type='text' value='' autocomplete='new-password'\/>Este campo es para fines de validaci\u00f3n y no debe modificarse.\n         <input type='submit' id='gform_submit_button_1' class='gform_button button' onclick='gform.submission.handleButtonClick(this);' data-submission-type='submit' value='Enviar' tabindex='104' \/> <input type='hidden' name='gform_ajax' value='form_id=1&amp;title=&amp;description=&amp;tabindex=100&amp;theme=gravity-theme&amp;styles=[]&amp;hash=7e9659777f4c806d33db3a8bce80b468' \/>\n            <input type='hidden' class='gform_hidden' name='gform_submission_method' data-js='gform_submission_method_1' value='iframe' \/>\n            <input type='hidden' class='gform_hidden' name='gform_theme' data-js='gform_theme_1' id='gform_theme_1' value='gravity-theme' \/>\n            <input type='hidden' class='gform_hidden' name='gform_style_settings' data-js='gform_style_settings_1' id='gform_style_settings_1' value='[]' \/>\n            <input type='hidden' class='gform_hidden' name='is_submit_1' value='1' \/>\n            <input type='hidden' class='gform_hidden' name='gform_submit' value='1' \/>\n            <input type='hidden' class='gform_hidden' name='gform_unique_id' value='' \/>\n            <input type='hidden' class='gform_hidden' name='state_1' value='WyJbXSIsIjlmYjIxMmQxNTAwOWZhMzUwYTI2YjI2NDI5MzJmOTJmIl0=' \/>\n            <input type='hidden' autocomplete='off' class='gform_hidden' name='gform_target_page_number_1' id='gform_target_page_number_1' value='0' \/>\n            <input type='hidden' autocomplete='off' class='gform_hidden' name='gform_source_page_number_1' id='gform_source_page_number_1' value='1' \/>\n            <input type='hidden' name='gform_field_values' value='' \/>\n                        <input type=\"hidden\" name=\"trp-form-language\" value=\"es\"\/><\/form>\n\t\t                <iframe style='display:none;width:0px;height:0px;' src='about:blank' name='gform_ajax_frame_1' id='gform_ajax_frame_1' title='Este iframe contiene la l\u00f3gica necesaria para gestionar los formularios Gravity Forms con tecnolog\u00eda Ajax.'><\/iframe>","protected":false},"excerpt":{"rendered":"<p>P\u00f3ngase en contacto con nosotros para obtener ayuda legal Inicio \u00bb Cont\u00e1ctenos P\u00f3ngase en contacto con nosotros para obtener m\u00e1s informaci\u00f3n 392 South Battlefield Boulevard, Suite 202 Chesapeake, Virginia 23322 (757) 482-5205 (757) 546-5717 rwegman@wegmanlaw.net Abierto las 24 horas del d\u00eda, los 7 d\u00edas de la semana \"*\" indica campos obligatorios Nombre*Tel\u00e9fono*Correo electr\u00f3nico* MensajeCorreo electr\u00f3nicoEste campo es para fines de validaci\u00f3n y no debe modificarse.<\/p>","protected":false},"author":2,"featured_media":18735,"parent":0,"menu_order":0,"comment_status":"closed","ping_status":"closed","template":"","meta":{"footnotes":""},"class_list":["post-29","page","type-page","status-publish","has-post-thumbnail","hentry"],"yoast_head":"<!-- This site is optimized with the Yoast SEO Premium plugin v27.2 (Yoast SEO v27.5) - https:\/\/yoast.com\/product\/yoast-seo-premium-wordpress\/ -->\n<title>Contact Us | Legal Assistance from Wegman Law<\/title>\n<meta name=\"description\" content=\"Get expert Legal Assistance at Wegman Law. Reach us 24\/7 for guidance and support.\" \/>\n<meta name=\"robots\" content=\"index, follow, max-snippet:-1, max-image-preview:large, max-video-preview:-1\" \/>\n<link rel=\"canonical\" href=\"https:\/\/wegmanlaw.net\/es\/wp-json\/wp\/v2\/pages\/29\" \/>\n<meta property=\"og:locale\" content=\"es_MX\" \/>\n<meta property=\"og:type\" content=\"article\" \/>\n<meta property=\"og:title\" content=\"Legal Help for Traffic Tickets - Wegman Law\" \/>\n<meta property=\"og:description\" content=\"Get expert legal help for traffic tickets at Wegman Law in Chesapeake, VA. Contact us today!\" \/>\n<meta property=\"og:url\" content=\"https:\/\/wegmanlaw.net\/es\/contact-us\/\" \/>\n<meta property=\"og:site_name\" content=\"Wegman Law\" \/>\n<meta property=\"article:publisher\" content=\"https:\/\/www.facebook.com\/profile.php?id=61572922497446\" \/>\n<meta property=\"article:modified_time\" content=\"2025-12-22T08:17:06+00:00\" \/>\n<meta property=\"og:image\" content=\"https:\/\/wegmanlaw.net\/wp-content\/uploads\/2025\/07\/Img-11.webp\" \/>\n<meta name=\"twitter:card\" content=\"summary_large_image\" \/>\n<meta name=\"twitter:title\" content=\"Legal Help for Traffic Tickets - Wegman Law\" \/>\n<meta name=\"twitter:description\" content=\"Get expert legal help for traffic tickets at Wegman Law in Chesapeake, VA. Contact us today!\" \/>\n<meta name=\"twitter:image\" content=\"https:\/\/wegmanlaw.net\/wp-content\/uploads\/2025\/07\/Img-11.webp\" \/>\n<meta name=\"twitter:label1\" content=\"Tiempo de lectura\" \/>\n\t<meta name=\"twitter:data1\" content=\"1 minuto\" \/>\n<script type=\"application\/ld+json\" class=\"yoast-schema-graph\">{\"@context\":\"https:\\\/\\\/schema.org\",\"@graph\":[{\"@type\":\"WebPage\",\"@id\":\"https:\\\/\\\/wegmanlaw.net\\\/contact-us\\\/\",\"url\":\"https:\\\/\\\/wegmanlaw.net\\\/contact-us\\\/\",\"name\":\"Contact Us | Legal Assistance from Wegman Law\",\"isPartOf\":{\"@id\":\"https:\\\/\\\/wegmanlaw.net\\\/#website\"},\"primaryImageOfPage\":{\"@id\":\"https:\\\/\\\/wegmanlaw.net\\\/contact-us\\\/#primaryimage\"},\"image\":{\"@id\":\"https:\\\/\\\/wegmanlaw.net\\\/contact-us\\\/#primaryimage\"},\"thumbnailUrl\":\"https:\\\/\\\/wegmanlaw.net\\\/wp-content\\\/uploads\\\/2025\\\/07\\\/Img-11.webp?wsr\",\"datePublished\":\"2025-07-30T01:50:57+00:00\",\"dateModified\":\"2025-12-22T08:17:06+00:00\",\"description\":\"Get expert Legal Assistance at Wegman Law. Reach us 24\\\/7 for guidance and support.\",\"breadcrumb\":{\"@id\":\"https:\\\/\\\/wegmanlaw.net\\\/contact-us\\\/#breadcrumb\"},\"inLanguage\":\"es\",\"potentialAction\":[{\"@type\":\"ReadAction\",\"target\":[\"https:\\\/\\\/wegmanlaw.net\\\/contact-us\\\/\"]}]},{\"@type\":\"ImageObject\",\"inLanguage\":\"es\",\"@id\":\"https:\\\/\\\/wegmanlaw.net\\\/contact-us\\\/#primaryimage\",\"url\":\"https:\\\/\\\/wegmanlaw.net\\\/wp-content\\\/uploads\\\/2025\\\/07\\\/Img-11.webp?wsr\",\"contentUrl\":\"https:\\\/\\\/wegmanlaw.net\\\/wp-content\\\/uploads\\\/2025\\\/07\\\/Img-11.webp?wsr\",\"width\":1056,\"height\":1382,\"caption\":\"Blindfolded Lady Justice statue with scales.\"},{\"@type\":\"BreadcrumbList\",\"@id\":\"https:\\\/\\\/wegmanlaw.net\\\/contact-us\\\/#breadcrumb\",\"itemListElement\":[{\"@type\":\"ListItem\",\"position\":1,\"name\":\"Home\",\"item\":\"https:\\\/\\\/wegmanlaw.net\\\/\"},{\"@type\":\"ListItem\",\"position\":2,\"name\":\"Contact Us\"}]},{\"@type\":\"WebSite\",\"@id\":\"https:\\\/\\\/wegmanlaw.net\\\/#website\",\"url\":\"https:\\\/\\\/wegmanlaw.net\\\/\",\"name\":\"Wegman Law\",\"description\":\"We Solve Problems\",\"publisher\":{\"@id\":\"https:\\\/\\\/wegmanlaw.net\\\/#organization\"},\"potentialAction\":[{\"@type\":\"SearchAction\",\"target\":{\"@type\":\"EntryPoint\",\"urlTemplate\":\"https:\\\/\\\/wegmanlaw.net\\\/?s={search_term_string}\"},\"query-input\":{\"@type\":\"PropertyValueSpecification\",\"valueRequired\":true,\"valueName\":\"search_term_string\"}}],\"inLanguage\":\"es\"},{\"@type\":\"Organization\",\"@id\":\"https:\\\/\\\/wegmanlaw.net\\\/#organization\",\"name\":\"Wegman Law\",\"url\":\"https:\\\/\\\/wegmanlaw.net\\\/\",\"logo\":{\"@type\":\"ImageObject\",\"inLanguage\":\"es\",\"@id\":\"https:\\\/\\\/wegmanlaw.net\\\/#\\\/schema\\\/logo\\\/image\\\/\",\"url\":\"https:\\\/\\\/wegmanlaw.net\\\/wp-content\\\/uploads\\\/2025\\\/07\\\/Site-Logo.webp\",\"contentUrl\":\"https:\\\/\\\/wegmanlaw.net\\\/wp-content\\\/uploads\\\/2025\\\/07\\\/Site-Logo.webp\",\"width\":1195,\"height\":298,\"caption\":\"Wegman Law\"},\"image\":{\"@id\":\"https:\\\/\\\/wegmanlaw.net\\\/#\\\/schema\\\/logo\\\/image\\\/\"},\"sameAs\":[\"https:\\\/\\\/www.facebook.com\\\/profile.php?id=61572922497446\"]}]}<\/script>\n<!-- \/ Yoast SEO Premium plugin. -->","yoast_head_json":{"title":"Cont\u00e1ctanos | Asistencia Legal de Wegman Law","description":"Obt\u00e9n asistencia legal experta en Wegman Law. Cont\u00e1ctanos 24\/7 para orientaci\u00f3n y apoyo.","robots":{"index":"index","follow":"follow","max-snippet":"max-snippet:-1","max-image-preview":"max-image-preview:large","max-video-preview":"max-video-preview:-1"},"canonical":"https:\/\/wegmanlaw.net\/es\/wp-json\/wp\/v2\/pages\/29","og_locale":"es_MX","og_type":"article","og_title":"Legal Help for Traffic Tickets - Wegman Law","og_description":"Get expert legal help for traffic tickets at Wegman Law in Chesapeake, VA. Contact us today!","og_url":"https:\/\/wegmanlaw.net\/es\/contact-us\/","og_site_name":"Wegman Law","article_publisher":"https:\/\/www.facebook.com\/profile.php?id=61572922497446","article_modified_time":"2025-12-22T08:17:06+00:00","og_image":[{"url":"https:\/\/wegmanlaw.net\/wp-content\/uploads\/2025\/07\/Img-11.webp","type":"","width":"","height":""}],"twitter_card":"summary_large_image","twitter_title":"Legal Help for Traffic Tickets - Wegman Law","twitter_description":"Get expert legal help for traffic tickets at Wegman Law in Chesapeake, VA. Contact us today!","twitter_image":"https:\/\/wegmanlaw.net\/wp-content\/uploads\/2025\/07\/Img-11.webp","twitter_misc":{"Tiempo de lectura":"1 minuto"},"schema":{"@context":"https:\/\/schema.org","@graph":[{"@type":"WebPage","@id":"https:\/\/wegmanlaw.net\/contact-us\/","url":"https:\/\/wegmanlaw.net\/contact-us\/","name":"Cont\u00e1ctanos | Asistencia Legal de Wegman Law","isPartOf":{"@id":"https:\/\/wegmanlaw.net\/#website"},"primaryImageOfPage":{"@id":"https:\/\/wegmanlaw.net\/contact-us\/#primaryimage"},"image":{"@id":"https:\/\/wegmanlaw.net\/contact-us\/#primaryimage"},"thumbnailUrl":"https:\/\/wegmanlaw.net\/wp-content\/uploads\/2025\/07\/Img-11.webp?wsr","datePublished":"2025-07-30T01:50:57+00:00","dateModified":"2025-12-22T08:17:06+00:00","description":"Obt\u00e9n asistencia legal experta en Wegman Law. Cont\u00e1ctanos 24\/7 para orientaci\u00f3n y apoyo.","breadcrumb":{"@id":"https:\/\/wegmanlaw.net\/contact-us\/#breadcrumb"},"inLanguage":"es","potentialAction":[{"@type":"ReadAction","target":["https:\/\/wegmanlaw.net\/contact-us\/"]}]},{"@type":"ImageObject","inLanguage":"es","@id":"https:\/\/wegmanlaw.net\/contact-us\/#primaryimage","url":"https:\/\/wegmanlaw.net\/wp-content\/uploads\/2025\/07\/Img-11.webp?wsr","contentUrl":"https:\/\/wegmanlaw.net\/wp-content\/uploads\/2025\/07\/Img-11.webp?wsr","width":1056,"height":1382,"caption":"Blindfolded Lady Justice statue with scales."},{"@type":"BreadcrumbList","@id":"https:\/\/wegmanlaw.net\/contact-us\/#breadcrumb","itemListElement":[{"@type":"ListItem","position":1,"name":"Home","item":"https:\/\/wegmanlaw.net\/"},{"@type":"ListItem","position":2,"name":"Contact Us"}]},{"@type":"WebSite","@id":"https:\/\/wegmanlaw.net\/#website","url":"https:\/\/wegmanlaw.net\/","name":"Ley Wegman","description":"Resolvemos problemas","publisher":{"@id":"https:\/\/wegmanlaw.net\/#organization"},"potentialAction":[{"@type":"SearchAction","target":{"@type":"EntryPoint","urlTemplate":"https:\/\/wegmanlaw.net\/?s={search_term_string}"},"query-input":{"@type":"PropertyValueSpecification","valueRequired":true,"valueName":"search_term_string"}}],"inLanguage":"es"},{"@type":"Organization","@id":"https:\/\/wegmanlaw.net\/#organization","name":"Ley Wegman","url":"https:\/\/wegmanlaw.net\/","logo":{"@type":"ImageObject","inLanguage":"es","@id":"https:\/\/wegmanlaw.net\/#\/schema\/logo\/image\/","url":"https:\/\/wegmanlaw.net\/wp-content\/uploads\/2025\/07\/Site-Logo.webp","contentUrl":"https:\/\/wegmanlaw.net\/wp-content\/uploads\/2025\/07\/Site-Logo.webp","width":1195,"height":298,"caption":"Wegman Law"},"image":{"@id":"https:\/\/wegmanlaw.net\/#\/schema\/logo\/image\/"},"sameAs":["https:\/\/www.facebook.com\/profile.php?id=61572922497446"]}]}},"_links":{"self":[{"href":"https:\/\/wegmanlaw.net\/es\/wp-json\/wp\/v2\/pages\/29","targetHints":{"allow":["GET"]}}],"collection":[{"href":"https:\/\/wegmanlaw.net\/es\/wp-json\/wp\/v2\/pages"}],"about":[{"href":"https:\/\/wegmanlaw.net\/es\/wp-json\/wp\/v2\/types\/page"}],"author":[{"embeddable":true,"href":"https:\/\/wegmanlaw.net\/es\/wp-json\/wp\/v2\/users\/2"}],"replies":[{"embeddable":true,"href":"https:\/\/wegmanlaw.net\/es\/wp-json\/wp\/v2\/comments?post=29"}],"version-history":[{"count":1,"href":"https:\/\/wegmanlaw.net\/es\/wp-json\/wp\/v2\/pages\/29\/revisions"}],"predecessor-version":[{"id":19656,"href":"https:\/\/wegmanlaw.net\/es\/wp-json\/wp\/v2\/pages\/29\/revisions\/19656"}],"wp:featuredmedia":[{"embeddable":true,"href":"https:\/\/wegmanlaw.net\/es\/wp-json\/wp\/v2\/media\/18735"}],"wp:attachment":[{"href":"https:\/\/wegmanlaw.net\/es\/wp-json\/wp\/v2\/media?parent=29"}],"curies":[{"name":"wp","href":"https:\/\/api.w.org\/{rel}","templated":true}]}}